{"id":2926,"date":"2023-11-01T01:39:49","date_gmt":"2023-11-01T01:39:49","guid":{"rendered":"https:\/\/community.1edo.com\/register\/"},"modified":"2026-01-14T15:35:45","modified_gmt":"2026-01-14T07:35:45","slug":"register","status":"publish","type":"page","link":"https:\/\/community.1edo.com\/vn\/register\/","title":{"rendered":"\u0110\u0103ng k\u00fd"},"content":{"rendered":"<div data-elementor-type=\"wp-page\" data-elementor-id=\"2926\" class=\"elementor elementor-2926\" data-elementor-post-type=\"page\">\n\t\t\t\t<div class=\"elementor-element elementor-element-9088323 e-flex e-con-boxed e-con e-parent\" data-id=\"9088323\" data-element_type=\"container\">\n\t\t\t\t\t<div class=\"e-con-inner\">\n\t\t<div class=\"elementor-element elementor-element-45dfdc0 e-con-full e-flex e-con e-child\" data-id=\"45dfdc0\" data-element_type=\"container\" data-settings=\"{&quot;background_background&quot;:&quot;classic&quot;}\">\n\t\t\t\t<\/div>\n\t\t\t\t<div class=\"elementor-element elementor-element-763ea91 elementor-widget elementor-widget-heading\" data-id=\"763ea91\" data-element_type=\"widget\" data-widget_type=\"heading.default\">\n\t\t\t\t<div class=\"elementor-widget-container\">\n\t\t\t\t\t<h1 class=\"elementor-heading-title elementor-size-default\">T\u1ea0O M\u1ed8T T\u00c0I KHO\u1ea2N<\/h1>\t\t\t\t<\/div>\n\t\t\t\t<\/div>\n\t\t\t\t<div class=\"elementor-element elementor-element-f2f8885 elementor-widget elementor-widget-heading\" data-id=\"f2f8885\" data-element_type=\"widget\" data-widget_type=\"heading.default\">\n\t\t\t\t<div class=\"elementor-widget-container\">\n\t\t\t\t\t<h6 class=\"elementor-heading-title elementor-size-default\">Ho\u00e0n th\u00e0nh t\u1ea5t c\u1ea3 c\u00e1c tr\u01b0\u1eddng \u0111\u1ec3 t\u1ea1o ID 1edo c\u1ee7a b\u1ea1n.<\/h6>\t\t\t\t<\/div>\n\t\t\t\t<\/div>\n\t\t\t\t\t<\/div>\n\t\t\t\t<\/div>\n\t\t<div class=\"elementor-element elementor-element-2db14988 e-flex e-con-boxed e-con e-parent\" data-id=\"2db14988\" data-element_type=\"container\">\n\t\t\t\t\t<div class=\"e-con-inner\">\n\t\t\t\t<div class=\"elementor-element elementor-element-df16b68 elementor-widget elementor-widget-text-editor\" data-id=\"df16b68\" data-element_type=\"widget\" data-widget_type=\"text-editor.default\">\n\t\t\t\t<div class=\"elementor-widget-container\">\n\t\t\t\t\t<p class=\"alert wppb-error\" id=\"wppb_form_general_message\">The role of the created user set to the default role. Only an administrator can register a user with the role assigned to this form.<\/p>\t\t\t\t<p>        <form enctype=\"multipart\/form-data\" method=\"post\" id=\"wppb-register-user\" class=\"wppb-user-forms wppb-register-user wppb-user-logged-out\" action=\"https:\/\/community.1edo.com\/vn\/wp-json\/wp\/v2\/pages\/2926\" data-trp-original-action=\"https:\/\/community.1edo.com\/vn\/wp-json\/wp\/v2\/pages\/2926\">\n\t\t\t<ul><li class=\"wppb-form-field wppb-default-name-heading\" id=\"wppb-form-element-1\"><h4>T\u00ean<\/h4><span class=\"wppb-description-delimiter\"><\/span><\/li><li class=\"wppb-form-field wppb-default-username\" id=\"wppb-form-element-2\">\n\t\t\t<label for=\"username\">T\u00ean t\u00e0i kho\u1ea3n<span class=\"wppb-required\" title=\"Tr\u01b0\u1eddng n\u00e0y l\u00e0 b\u1eaft bu\u1ed9c\">*<\/span><\/label>\n\t\t\t<input class=\"text-input default_field_username\" name=\"username\" maxlength=\"70\" type=\"text\" id=\"username\" value=\"username\"  \/><span class=\"wppb-description-delimiter\"> \u7528\u6237\u540d\u4e0d\u53ef\u66f4\u6539\u3002<\/span><\/li><li class=\"wppb-form-field wppb-default-first-name\" id=\"wppb-form-element-3\">\n\t\t\t<label for=\"first_name\">T\u00ean \u0111\u1ea7u ti\u00ean<span class=\"wppb-required\" title=\"Tr\u01b0\u1eddng n\u00e0y l\u00e0 b\u1eaft bu\u1ed9c\">*<\/span><\/label>\n\t\t\t<input class=\"text-input default_field_firstname\" name=\"first_name\" maxlength=\"70\" type=\"text\" id=\"first_name\" value=\"\"  \/><\/li><li class=\"wppb-form-field wppb-default-last-name\" id=\"wppb-form-element-4\">\n\t\t\t<label for=\"last_name\">H\u1ecd<span class=\"wppb-required\" title=\"Tr\u01b0\u1eddng n\u00e0y l\u00e0 b\u1eaft bu\u1ed9c\">*<\/span><\/label>\n\t\t\t<input class=\"text-input default_field_lastname\" name=\"last_name\" maxlength=\"70\" type=\"text\" id=\"last_name\" value=\"\" \/><\/li><li class=\"wppb-form-field wppb-default-nickname\" id=\"wppb-form-element-5\">\n\t\t\t<label for=\"nickname\">T\u00ean nick<\/label>\n\t\t\t<input class=\"text-input default_field_nickname\" name=\"nickname\" maxlength=\"70\" type=\"text\" id=\"nickname\" value=\"\" \/><\/li><li class=\"wppb-form-field wppb-default-display-name-publicly-as\" id=\"wppb-form-element-6\"><\/li><li class=\"wppb-form-field wppb-select-country\" id=\"wppb-form-element-18\">\n\t\t\t\t<label for=\"custom_field_2\">Qu\u1ed1c gia<span class=\"wppb-required\" title=\"Tr\u01b0\u1eddng n\u00e0y l\u00e0 b\u1eaft bu\u1ed9c\">*<\/span><\/label>\n\t\t\t\t<select name=\"custom_field_2\" id=\"custom_field_2\" class=\"custom_field_country_select\" ><option value=\"\">Ch\u1ecdn m\u1ed9t qu\u1ed1c gia<\/option><option value=\"AF\">Afghanistan<\/option><option value=\"AX\">Qu\u1ea7n \u0111\u1ea3o \u00c5land<\/option><option value=\"AL\">Albania<\/option><option value=\"DZ\">Algeria<\/option><option value=\"AS\">Samoa thu\u1ed9c M\u1ef9<\/option><option value=\"AD\">Andorra<\/option><option value=\"AO\">Angola<\/option><option value=\"AI\">Anguilla<\/option><option value=\"AQ\">Nam C\u1ef1c<\/option><option value=\"AG\">Antigua v\u00e0 Barbuda<\/option><option value=\"AR\">Argentina<\/option><option value=\"AM\">Armenia<\/option><option value=\"AW\">Aruba<\/option><option value=\"AU\">\u00dac<\/option><option value=\"AT\">\u00c1o<\/option><option value=\"AZ\">Azerbaijan<\/option><option value=\"BS\">Bahamas<\/option><option value=\"BH\">Bahrain<\/option><option value=\"BD\">Bangladesh<\/option><option value=\"BB\">Barbados<\/option><option value=\"BY\">Belarus<\/option><option value=\"BE\">B\u1ec9<\/option><option value=\"BZ\">Belize<\/option><option value=\"BJ\">B\u00e9nin<\/option><option value=\"BM\">Bermuda<\/option><option value=\"BT\">Bhutan<\/option><option value=\"BO\">Bolivia<\/option><option value=\"BQ\">Bonaire, Th\u00e1nh Eustatius v\u00e0 Saba<\/option><option value=\"BA\">Bosnia v\u00e0 Herzegovina<\/option><option value=\"BW\">Botswana<\/option><option value=\"BV\">\u0110\u1ea3o Bouvet<\/option><option value=\"BR\">Brazil<\/option><option value=\"IO\">L\u00e3nh th\u1ed5 \u1ea4n \u0110\u1ed9 D\u01b0\u01a1ng thu\u1ed9c Anh<\/option><option value=\"VG\">Qu\u1ea7n \u0111\u1ea3o Virgin thu\u1ed9c Anh<\/option><option value=\"BN\">Brunei<\/option><option value=\"BG\">Bulgaria<\/option><option value=\"BF\">Burkina Faso<\/option><option value=\"BI\">Burundi<\/option><option value=\"KH\">Campuchia<\/option><option value=\"CM\">Cameroon<\/option><option value=\"CA\">Canada<\/option><option value=\"CV\">Cape Verde<\/option><option value=\"KY\">Qu\u1ea7n \u0111\u1ea3o Cayman<\/option><option value=\"CF\">C\u1ed9ng h\u00f2a Trung Phi<\/option><option value=\"TD\">Chad<\/option><option value=\"CL\">Chile<\/option><option value=\"CN\">Trung Qu\u1ed1c<\/option><option value=\"CX\">\u0110\u1ea3o Gi\u00e1ng Sinh<\/option><option value=\"CC\">Qu\u1ea7n \u0111\u1ea3o Cocos<\/option><option value=\"CO\">Colombia<\/option><option value=\"KM\">Comoros<\/option><option value=\"CK\">Qu\u1ea7n \u0111\u1ea3o Cook<\/option><option value=\"CR\">Costa Rica<\/option><option value=\"HR\">Croatia<\/option><option value=\"CU\">Cuba<\/option><option value=\"CW\">Curacao<\/option><option value=\"CY\">S\u00edp<\/option><option value=\"CZ\">C\u1ed9ng h\u00f2a S\u00e9c<\/option><option value=\"CD\">C\u1ed9ng h\u00f2a D\u00e2n ch\u1ee7 Congo<\/option><option value=\"DK\">\u0110an M\u1ea1ch<\/option><option value=\"DJ\">Djibouti<\/option><option value=\"DM\">Dominica<\/option><option value=\"DO\">C\u1ed9ng h\u00f2a Dominica<\/option><option value=\"TL\">\u0110\u00f4ng Timor<\/option><option value=\"EC\">Ecuador<\/option><option value=\"EG\">Ai C\u1eadp<\/option><option value=\"SV\">El Salvador<\/option><option value=\"GQ\">Guinea X\u00edch \u0110\u1ea1o<\/option><option value=\"ER\">Eritrea<\/option><option value=\"EE\">Estonia<\/option><option value=\"ET\">Ethiopia<\/option><option value=\"FK\">Qu\u1ea7n \u0111\u1ea3o Falkland<\/option><option value=\"FO\">Qu\u1ea7n \u0111\u1ea3o Faroe<\/option><option value=\"FJ\">Fiji<\/option><option value=\"FI\">Ph\u1ea7n Lan<\/option><option value=\"FR\">Ph\u00e1p<\/option><option value=\"GF\">Guiana thu\u1ed9c Ph\u00e1p<\/option><option value=\"PF\">Polyn\u00e9sie thu\u1ed9c Ph\u00e1p<\/option><option value=\"TF\">L\u00e3nh th\u1ed5 ph\u00eda Nam c\u1ee7a Ph\u00e1p<\/option><option value=\"GA\">Gabon<\/option><option value=\"GM\">Gambia<\/option><option value=\"GE\">Georgia<\/option><option value=\"DE\">\u0110\u1ee9c<\/option><option value=\"GH\">Ghana<\/option><option value=\"GI\">Gibraltar<\/option><option value=\"GR\">Hy L\u1ea1p<\/option><option value=\"GL\">Greenland<\/option><option value=\"GD\">Grenada<\/option><option value=\"GP\">Guadeloupe<\/option><option value=\"GU\">Guam<\/option><option value=\"GT\">Guatemala<\/option><option value=\"GG\">Guernsey<\/option><option value=\"GN\">Guinea<\/option><option value=\"GW\">Guinea-Bissau<\/option><option value=\"GY\">Guyana<\/option><option value=\"HT\">Haiti<\/option><option value=\"HM\">\u0110\u1ea3o Heard v\u00e0 Qu\u1ea7n \u0111\u1ea3o McDonald<\/option><option value=\"HN\">Honduras<\/option><option value=\"HK\">H\u1ed3ng K\u00f4ng<\/option><option value=\"HU\">Hungary<\/option><option value=\"IS\">Iceland<\/option><option value=\"IN\">\u1ea4n \u0110\u1ed9<\/option><option value=\"ID\">Indonesia<\/option><option value=\"IR\">Iran<\/option><option value=\"IQ\">Iraq<\/option><option value=\"IE\">Ai-len<\/option><option value=\"IM\">\u0110\u1ea3o Man<\/option><option value=\"IL\">Israel<\/option><option value=\"IT\">\u00dd<\/option><option value=\"CI\">B\u1edd Bi\u1ec3n Ng\u00e0<\/option><option value=\"JM\">Jamaica<\/option><option value=\"JP\">Nh\u1eadt B\u1ea3n<\/option><option value=\"JE\">Jersey<\/option><option value=\"JO\">Jordan<\/option><option value=\"KZ\">Kazakhstan<\/option><option value=\"KE\">Kenya<\/option><option value=\"KI\">Kiribati<\/option><option value=\"XK\">Kosovo<\/option><option value=\"KW\">C\u00f4-o\u00e9t<\/option><option value=\"KG\">Kyrgyzstan<\/option><option value=\"LA\">L\u00e0o<\/option><option value=\"LV\">Latvia<\/option><option value=\"LB\">Li-b\u0103ng<\/option><option value=\"LS\">Lesotho<\/option><option value=\"LR\">Liberia<\/option><option value=\"LY\">Libya<\/option><option value=\"LI\">Liechtenstein<\/option><option value=\"LT\">Litva<\/option><option value=\"LU\">Luxembourg<\/option><option value=\"MO\">Ma Cao<\/option><option value=\"MK\">Macedonia<\/option><option value=\"MG\">Madagascar<\/option><option value=\"MW\">Malawi<\/option><option value=\"MY\">Malaysia<\/option><option value=\"MV\">Maldives<\/option><option value=\"ML\">Mali<\/option><option value=\"MT\">Malta<\/option><option value=\"MH\">Qu\u1ea7n \u0111\u1ea3o Marshall<\/option><option value=\"MQ\">Martinique<\/option><option value=\"MR\">Mauritania<\/option><option value=\"MU\">Mauritius<\/option><option value=\"YT\">Mayotte<\/option><option value=\"MX\">Mexico<\/option><option value=\"FM\">Micronesia<\/option><option value=\"MD\">Moldova<\/option><option value=\"MC\">Monaco<\/option><option value=\"MN\">M\u00f4ng C\u1ed5<\/option><option value=\"ME\">Montenegro<\/option><option value=\"MS\">Montserrat<\/option><option value=\"MA\">Ma-r\u1ed1c<\/option><option value=\"MZ\">Mozambique<\/option><option value=\"MM\">Myanmar<\/option><option value=\"NA\">Namibia<\/option><option value=\"NR\">Nauru<\/option><option value=\"NP\">Nepal<\/option><option value=\"NL\">H\u00e0 Lan<\/option><option value=\"NC\">New Caledonia<\/option><option value=\"NZ\">New Zealand<\/option><option value=\"NI\">Nicaragua<\/option><option value=\"NE\">Niger<\/option><option value=\"NG\">Nigeria<\/option><option value=\"NU\">Niue<\/option><option value=\"NF\">\u0110\u1ea3o Norfolk<\/option><option value=\"KP\">B\u1eafc Tri\u1ec1u Ti\u00ean<\/option><option value=\"MP\">Qu\u1ea7n \u0111\u1ea3o B\u1eafc Mariana<\/option><option value=\"NO\">Na Uy<\/option><option value=\"OM\">\u00d4-man<\/option><option value=\"PK\">Pakistan<\/option><option value=\"PW\">Palau<\/option><option value=\"PS\">L\u00e3nh th\u1ed5 Palestine<\/option><option value=\"PA\">Panama<\/option><option value=\"PG\">Papua New Guinea<\/option><option value=\"PY\">Paraguay<\/option><option value=\"PE\">Peru<\/option><option value=\"PH\">Philippines<\/option><option value=\"PN\">Pitcairn<\/option><option value=\"PL\">Ba Lan<\/option><option value=\"PT\">B\u1ed3 \u0110\u00e0o Nha<\/option><option value=\"PR\">Puerto Rico<\/option><option value=\"QA\">Qatar<\/option><option value=\"CG\">C\u1ed9ng h\u00f2a Congo<\/option><option value=\"RE\">\u0110o\u00e0n t\u1ee5<\/option><option value=\"RO\">Rumani<\/option><option value=\"RU\">Nga<\/option><option value=\"RW\">Rwanda<\/option><option value=\"BL\">Th\u00e1nh Barthelemy<\/option><option value=\"SH\">Th\u00e1nh Helena<\/option><option value=\"KN\">Saint Kitts v\u00e0 Nevis<\/option><option value=\"LC\">Th\u00e1nh Lucia<\/option><option value=\"MF\">Th\u00e1nh Martin<\/option><option value=\"PM\">Saint Pierre v\u00e0 Miquelon<\/option><option value=\"VC\">Saint Vincent v\u00e0 Grenadines<\/option><option value=\"WS\">Samoa<\/option><option value=\"SM\">San Marino<\/option><option value=\"ST\">Sao Tome v\u00e0 Principe<\/option><option value=\"SA\">\u1ea2 R\u1eadp X\u00ea \u00dat<\/option><option value=\"SN\">Senegal<\/option><option value=\"RS\">Serbia<\/option><option value=\"SC\">Seychelles<\/option><option value=\"SL\">Sierra Leone<\/option><option value=\"SG\">Singapore<\/option><option value=\"SX\">Sint Maarten<\/option><option value=\"SK\">Slovakia<\/option><option value=\"SI\">Slovenia<\/option><option value=\"SB\">Qu\u1ea7n \u0111\u1ea3o Solomon<\/option><option value=\"SO\">Somalia<\/option><option value=\"ZA\">Nam Phi<\/option><option value=\"GS\">Nam Georgia v\u00e0 Qu\u1ea7n \u0111\u1ea3o Nam Sandwich<\/option><option value=\"KR\">H\u00e0n Qu\u1ed1c<\/option><option value=\"SS\">Nam Sudan<\/option><option value=\"ES\">T\u00e2y ban nha<\/option><option value=\"LK\">Sri Lanka<\/option><option value=\"SD\">Sudan<\/option><option value=\"SR\">Suriname<\/option><option value=\"SJ\">Svalbard v\u00e0 Jan Mayen<\/option><option value=\"SZ\">Swaziland<\/option><option value=\"SE\">Th\u1ee5y \u0110i\u1ec3n<\/option><option value=\"CH\">Th\u1ee5y S\u0129<\/option><option value=\"SY\">Syria<\/option><option value=\"TW\">\u0110\u00e0i Loan<\/option><option value=\"TJ\">Tajikistan<\/option><option value=\"TZ\">Tanzania<\/option><option value=\"TH\">Th\u00e1i Lan<\/option><option value=\"TG\">Togo<\/option><option value=\"TK\">Tokelau<\/option><option value=\"TO\">Tonga<\/option><option value=\"TT\">Trinidad v\u00e0 Tobago<\/option><option value=\"TN\">Tunisia<\/option><option value=\"TR\">Th\u1ed5 Nh\u0129 K\u1ef3<\/option><option value=\"TM\">Turkmenistan<\/option><option value=\"TC\">Qu\u1ea7n \u0111\u1ea3o Turks v\u00e0 Caicos<\/option><option value=\"TV\">Tuvalu<\/option><option value=\"VI\">Qu\u1ea7n \u0111\u1ea3o Virgin thu\u1ed9c Hoa K\u1ef3<\/option><option value=\"UG\">Uganda<\/option><option value=\"UA\">Ukraina<\/option><option value=\"AE\">C\u00e1c Ti\u1ec3u v\u01b0\u01a1ng qu\u1ed1c \u1ea2 R\u1eadp Th\u1ed1ng nh\u1ea5t<\/option><option value=\"GB\">V\u01b0\u01a1ng qu\u1ed1c Anh<\/option><option value=\"US\">Hoa K\u1ef3<\/option><option value=\"UM\">C\u00e1c \u0111\u1ea3o nh\u1ecf xa x\u00f4i c\u1ee7a Hoa K\u1ef3<\/option><option value=\"UY\">Uruguay<\/option><option value=\"UZ\">Uzbekistan<\/option><option value=\"VU\">Vanuatu<\/option><option value=\"VA\">Vatican<\/option><option value=\"VE\">Venezuela<\/option><option value=\"VN\">Vi\u1ec7t Nam<\/option><option value=\"WF\">Wallis v\u00e0 Futuna<\/option><option value=\"EH\">T\u00e2y Sahara<\/option><option value=\"YE\">Yemen<\/option><option value=\"ZM\">Zambia<\/option><option value=\"ZW\">Zimbabwe<\/option>\n\t\t\t\t<\/select><\/li><li class=\"wppb-form-field wppb-phone\" id=\"wppb-form-element-7\">\n\t\t\t\t<label for=\"phone\">\u0110i\u1ec7n tho\u1ea1i<span class=\"wppb-required\" title=\"Tr\u01b0\u1eddng n\u00e0y l\u00e0 b\u1eaft bu\u1ed9c\">*<\/span><\/label>\n\t\t\t\t<input data-phone-format=\"{&quot;phone_data&quot;:0}\" class=\"extra_field_phone\" name=\"phone\" maxlength=\"70\" type=\"text\" id=\"phone\" value=\"\" \/><\/li><li class=\"wppb-form-field wppb-default-e-mail\" id=\"wppb-form-element-8\">\n\t\t\t<label for=\"email\">E-mail<span class=\"wppb-required\" title=\"Tr\u01b0\u1eddng n\u00e0y l\u00e0 b\u1eaft bu\u1ed9c\">*<\/span><\/label>\n\t\t\t<input class=\"text-input default_field_email\" name=\"email\" maxlength=\"70\" type=\"email\" id=\"email\" value=\"\"   \/><\/li><li class=\"wppb-form-field wppb-default-password\" id=\"wppb-form-element-15\">\n\t\t\t<label for=\"passw1\">M\u1eadt kh\u1ea9u<span class=\"wppb-required\" title=\"Tr\u01b0\u1eddng n\u00e0y l\u00e0 b\u1eaft bu\u1ed9c\">*<\/span><\/label>\n            <span class=\"wppb-password-field-container\">\n\t\t\t    <input class=\"text-input\" name=\"passw1\" maxlength=\"70\" type=\"password\" id=\"passw1\" value=\"\" autocomplete=\"off\" \/>\n\t\t\t     <!-- add the HTML for the visibility toggle -->\n\t\t\t<\/span><span class=\"wppb-description-delimiter\">\u91cd\u590d\u65b0\u5bc6\u7801  <\/span><\/li><li class=\"wppb-form-field wppb-default-repeat-password\" id=\"wppb-form-element-16\">\n\t\t\t<label for=\"passw2\">L\u1eb7p l\u1ea1i m\u1eadt kh\u1ea9u<\/label>\n\t\t\t<span class=\"wppb-password-field-container\">\n\t\t\t    <input class=\"text-input\" name=\"passw2\" maxlength=\"70\" type=\"password\" id=\"passw2\" value=\"\" autocomplete=\"off\" \/>\n\t\t\t     <!-- add the HTML for the visibility toggle -->\n\t\t\t<\/span><span class=\"wppb-description-delimiter\">\u518d\u8f93\u5165\u4e00\u904d\u65b0\u5bc6\u7801\u3002<\/span><\/li><\/ul><ul><li class=\"wppb-form-field wppb-send-credentials-checkbox\"><label for=\"send_credentials_via_email\"><input id=\"send_credentials_via_email\" type=\"checkbox\" name=\"send_credentials_via_email\" value=\"sending\"\/>Send these credentials via email.<\/label><\/li><\/ul>\t\t\t<p class=\"form-submit\"  >\n\t\t\t\t                \t\t\t\t<input name=\"register\" type=\"submit\" id=\"register\" class=\"submit button\" value=\"\u0110\u0103ng k\u00fd\" \/>\n                <input name=\"redirect_to\" type=\"hidden\" value=\"\" \/>\n                \t\t\t\t<input name=\"action\" type=\"hidden\" id=\"action\" value=\"register\" \/>\n\t\t\t\t<input name=\"form_name\" type=\"hidden\" id=\"form_name\" value=\"unspecified\" \/>\n\t\t\t\t<input name=\"form_id\" type=\"hidden\" id=\"form_id\" value=\"\" \/>\n\t\t\t\t\t\t\t<\/p><!-- .form-submit -->\n\t\t\t<input type=\"hidden\" id=\"register_unspecified_nonce_field\" name=\"register_unspecified_nonce_field\" value=\"ebc99486ba\" \/><input type=\"hidden\" name=\"_wp_http_referer\" value=\"\/vn\/wp-json\/wp\/v2\/pages\/2926\" \/>\t\t<input type=\"hidden\" name=\"trp-form-language\" value=\"vn\"\/><\/form>\n\t\t<\/p>\t\t\t\t\t\t\t\t<\/div>\n\t\t\t\t<\/div>\n\t\t\t\t<div class=\"elementor-element elementor-element-9427073 elementor-widget__width-initial elementor-widget elementor-widget-shortcode\" data-id=\"9427073\" data-element_type=\"widget\" data-widget_type=\"shortcode.default\">\n\t\t\t\t<div class=\"elementor-widget-container\">\n\t\t\t\t\t\t\t<div class=\"elementor-shortcode\">[xyz-ips snippet=&quot;facebook-content&quot;]<\/div>\n\t\t\t\t\t\t<\/div>\n\t\t\t\t<\/div>\n\t\t\t\t<div class=\"elementor-element elementor-element-194ea39 elementor-widget elementor-widget-heading\" data-id=\"194ea39\" data-element_type=\"widget\" data-widget_type=\"heading.default\">\n\t\t\t\t<div class=\"elementor-widget-container\">\n\t\t\t\t\t<h5 class=\"elementor-heading-title elementor-size-default\">C\u00d3 M\u1ed8T T\u00c0I KHO\u1ea2N? \u0110\u0102NG NH\u1eacP<\/h5>\t\t\t\t<\/div>\n\t\t\t\t<\/div>\n\t\t\t\t\t<\/div>\n\t\t\t\t<\/div>\n\t\t\t\t<\/div>","protected":false},"excerpt":{"rendered":"","protected":false},"author":1,"featured_media":0,"parent":0,"menu_order":0,"comment_status":"closed","ping_status":"closed","template":"","meta":{"footnotes":""},"class_list":["post-2926","page","type-page","status-publish","hentry"],"yoast_head":"<!-- This site is optimized with the Yoast SEO Premium plugin v22.8 (Yoast SEO v26.7) - https:\/\/yoast.com\/wordpress\/plugins\/seo\/ -->\n<title>Register - 1edo community<\/title>\n<meta name=\"description\" content=\"1edo community, Create an account and fill in the username, password, email and other fields to create your 1edo ID\" \/>\n<meta name=\"robots\" content=\"index, follow, max-snippet:-1, max-image-preview:large, max-video-preview:-1\" \/>\n<link rel=\"canonical\" href=\"https:\/\/community.1edo.com\/vn\/register\/\" \/>\n<meta property=\"og:locale\" content=\"vi_VN\" \/>\n<meta property=\"og:type\" content=\"article\" \/>\n<meta property=\"og:title\" content=\"Register\" \/>\n<meta property=\"og:description\" content=\"1edo community, Create an account and fill in the username, password, email and other fields to create your 1edo ID\" \/>\n<meta property=\"og:url\" content=\"https:\/\/community.1edo.com\/vn\/register\/\" \/>\n<meta property=\"og:site_name\" content=\"1edo community\" \/>\n<meta property=\"article:modified_time\" content=\"2026-01-14T07:35:45+00:00\" \/>\n<meta name=\"twitter:card\" content=\"summary_large_image\" \/>\n<meta name=\"twitter:label1\" content=\"\u01af\u1edbc t\u00ednh th\u1eddi gian \u0111\u1ecdc\" \/>\n\t<meta name=\"twitter:data1\" content=\"1 ph\u00fat\" \/>\n<script type=\"application\/ld+json\" class=\"yoast-schema-graph\">{\"@context\":\"https:\/\/schema.org\",\"@graph\":[{\"@type\":\"WebPage\",\"@id\":\"https:\/\/community.1edo.com\/no\/register\/\",\"url\":\"https:\/\/community.1edo.com\/no\/register\/\",\"name\":\"Register - 1edo community\",\"isPartOf\":{\"@id\":\"https:\/\/community.1edo.com\/cz\/#website\"},\"datePublished\":\"2023-11-01T01:39:49+00:00\",\"dateModified\":\"2026-01-14T07:35:45+00:00\",\"description\":\"1edo community, Create an account and fill in the username, password, email and other fields to create your 1edo ID\",\"breadcrumb\":{\"@id\":\"https:\/\/community.1edo.com\/no\/register\/#breadcrumb\"},\"inLanguage\":\"vi\",\"potentialAction\":[{\"@type\":\"ReadAction\",\"target\":[\"https:\/\/community.1edo.com\/no\/register\/\"]}]},{\"@type\":\"BreadcrumbList\",\"@id\":\"https:\/\/community.1edo.com\/no\/register\/#breadcrumb\",\"itemListElement\":[{\"@type\":\"ListItem\",\"position\":1,\"name\":\"Home\",\"item\":\"https:\/\/community.1edo.com\/th\/\"},{\"@type\":\"ListItem\",\"position\":2,\"name\":\"Register\"}]},{\"@type\":\"WebSite\",\"@id\":\"https:\/\/community.1edo.com\/cz\/#website\",\"url\":\"https:\/\/community.1edo.com\/cz\/\",\"name\":\"1edo community\",\"description\":\"1edo community\",\"potentialAction\":[{\"@type\":\"SearchAction\",\"target\":{\"@type\":\"EntryPoint\",\"urlTemplate\":\"https:\/\/community.1edo.com\/cz\/?s={search_term_string}\"},\"query-input\":{\"@type\":\"PropertyValueSpecification\",\"valueRequired\":true,\"valueName\":\"search_term_string\"}}],\"inLanguage\":\"vi\"}]}<\/script>\n<!-- \/ Yoast SEO Premium plugin. -->","yoast_head_json":{"title":"\u0110\u0103ng k\u00fd - c\u1ed9ng \u0111\u1ed3ng 1edo","description":"C\u1ed9ng \u0111\u1ed3ng 1edo, T\u1ea1o t\u00e0i kho\u1ea3n v\u00e0 \u0111i\u1ec1n t\u00ean ng\u01b0\u1eddi d\u00f9ng, m\u1eadt kh\u1ea9u, email v\u00e0 c\u00e1c tr\u01b0\u1eddng kh\u00e1c \u0111\u1ec3 t\u1ea1o ID 1edo c\u1ee7a b\u1ea1n","robots":{"index":"index","follow":"follow","max-snippet":"max-snippet:-1","max-image-preview":"max-image-preview:large","max-video-preview":"max-video-preview:-1"},"canonical":"https:\/\/community.1edo.com\/vn\/register\/","og_locale":"vi_VN","og_type":"article","og_title":"Register","og_description":"1edo community, Create an account and fill in the username, password, email and other fields to create your 1edo ID","og_url":"https:\/\/community.1edo.com\/vn\/register\/","og_site_name":"1edo community","article_modified_time":"2026-01-14T07:35:45+00:00","twitter_card":"summary_large_image","twitter_misc":{"\u01af\u1edbc t\u00ednh th\u1eddi gian \u0111\u1ecdc":"1 ph\u00fat"},"schema":{"@context":"https:\/\/schema.org","@graph":[{"@type":"WebPage","@id":"https:\/\/community.1edo.com\/no\/register\/","url":"https:\/\/community.1edo.com\/no\/register\/","name":"\u0110\u0103ng k\u00fd - c\u1ed9ng \u0111\u1ed3ng 1edo","isPartOf":{"@id":"https:\/\/community.1edo.com\/cz\/#website"},"datePublished":"2023-11-01T01:39:49+00:00","dateModified":"2026-01-14T07:35:45+00:00","description":"C\u1ed9ng \u0111\u1ed3ng 1edo, T\u1ea1o t\u00e0i kho\u1ea3n v\u00e0 \u0111i\u1ec1n t\u00ean ng\u01b0\u1eddi d\u00f9ng, m\u1eadt kh\u1ea9u, email v\u00e0 c\u00e1c tr\u01b0\u1eddng kh\u00e1c \u0111\u1ec3 t\u1ea1o ID 1edo c\u1ee7a b\u1ea1n","breadcrumb":{"@id":"https:\/\/community.1edo.com\/no\/register\/#breadcrumb"},"inLanguage":"vi","potentialAction":[{"@type":"ReadAction","target":["https:\/\/community.1edo.com\/no\/register\/"]}]},{"@type":"BreadcrumbList","@id":"https:\/\/community.1edo.com\/no\/register\/#breadcrumb","itemListElement":[{"@type":"ListItem","position":1,"name":"Home","item":"https:\/\/community.1edo.com\/th\/"},{"@type":"ListItem","position":2,"name":"Register"}]},{"@type":"WebSite","@id":"https:\/\/community.1edo.com\/cz\/#website","url":"https:\/\/community.1edo.com\/cz\/","name":"c\u1ed9ng \u0111\u1ed3ng 1edo","description":"c\u1ed9ng \u0111\u1ed3ng 1edo","potentialAction":[{"@type":"SearchAction","target":{"@type":"EntryPoint","urlTemplate":"https:\/\/community.1edo.com\/cz\/?s={search_term_string}"},"query-input":{"@type":"PropertyValueSpecification","valueRequired":true,"valueName":"search_term_string"}}],"inLanguage":"vi"}]}},"_links":{"self":[{"href":"https:\/\/community.1edo.com\/vn\/wp-json\/wp\/v2\/pages\/2926","targetHints":{"allow":["GET"]}}],"collection":[{"href":"https:\/\/community.1edo.com\/vn\/wp-json\/wp\/v2\/pages"}],"about":[{"href":"https:\/\/community.1edo.com\/vn\/wp-json\/wp\/v2\/types\/page"}],"author":[{"embeddable":true,"href":"https:\/\/community.1edo.com\/vn\/wp-json\/wp\/v2\/users\/1"}],"replies":[{"embeddable":true,"href":"https:\/\/community.1edo.com\/vn\/wp-json\/wp\/v2\/comments?post=2926"}],"version-history":[{"count":0,"href":"https:\/\/community.1edo.com\/vn\/wp-json\/wp\/v2\/pages\/2926\/revisions"}],"wp:attachment":[{"href":"https:\/\/community.1edo.com\/vn\/wp-json\/wp\/v2\/media?parent=2926"}],"curies":[{"name":"trang web","href":"https:\/\/api.w.org\/{rel}","templated":true}]}}