{"id":6497,"date":"2024-02-22T06:04:25","date_gmt":"2024-02-22T06:04:25","guid":{"rendered":"https:\/\/community.1edo.com\/?page_id=6497"},"modified":"2026-01-15T10:49:13","modified_gmt":"2026-01-15T02:49:13","slug":"authors-all","status":"publish","type":"page","link":"https:\/\/community.1edo.com\/tr\/authors-all\/","title":{"rendered":"yazarlar-t\u00fcm\u00fc"},"content":{"rendered":"<div data-elementor-type=\"wp-page\" data-elementor-id=\"6497\" class=\"elementor elementor-6497\" data-elementor-post-type=\"page\">\n\t\t\t\t<div class=\"elementor-element elementor-element-75611ad e-flex e-con-boxed e-con e-parent\" data-id=\"75611ad\" data-element_type=\"container\">\n\t\t\t\t\t<div class=\"e-con-inner\">\n\t\t\t\t<div class=\"elementor-element elementor-element-02e97c4 elementor-widget elementor-widget-shortcode\" data-id=\"02e97c4\" data-element_type=\"widget\" data-widget_type=\"shortcode.default\">\n\t\t\t\t<div class=\"elementor-widget-container\">\n\t\t\t\t\t\t\t<div class=\"elementor-shortcode\"><div class=\"blog_sel_wap\">    <div class=\"cremb_title\">Ana Sayfa \/ Topluluk \/ Topluluk<\/div>\r\n    <div class=\"top_txt\">\r\n         <h1>1edo Toplulu\u011funa ho\u015f geldiniz<\/h1>\r\n        <div class=\"search_text\">Yan\u0131tlar almak, en iyi uygulamalar\u0131 tart\u0131\u015fmak ve 1edo \u00e7\u00f6z\u00fcmleri hakk\u0131nda s\u00fcrekli olarak daha fazla bilgi edinmek i\u00e7in toplulu\u011fumuzla ba\u011flant\u0131 kurun ve etkile\u015fimde bulunun.<\/div>\r\n           <input id=\"bkeys\" type=\"text\" \/>\r\n          <span id=\"sel_bkey\"> <img decoding=\"async\" src=\"\/wp-content\/uploads\/product_info_imgs\/blog_sel.png\" alt=\"blog_sel\"\/> <\/span>\r\n       <\/div>\r\n     <div class=\"sel_bottom\">\r\n     <ul>\r\n         <li><img decoding=\"async\" src=\"\/wp-content\/uploads\/product_info_imgs\/se01.png\" alt=\"Posts\"><\/li><li>  11 G\u00f6nderi<\/li>\r\n     <li><img decoding=\"async\" src=\"\/wp-content\/uploads\/product_info_imgs\/se02.png\" alt=\"Members\"><\/li><li>  13 \u00dcye<\/li>\r\n     <li><img decoding=\"async\" src=\"\/wp-content\/uploads\/product_info_imgs\/se03.png\" alt=\"Online\"><\/li><li>13 \u00c7evrimi\u00e7i<\/li>\r\n    <\/ul>\r\n    <\/div>\r\n<\/div>\r\n\r\n  <script src=\"\/wp-content\/uploads\/product_info_imgs\/jquery-3.2.1.min.js\"><\/script>\r\n  <script type=\"text\/javascript\">\r\n             $(document).ready(function() {\r\n              \/\/\u4e0b\u62c9\u7b5b\u9009-\u8ba2\u5355\u9875\r\n               $('#sel_bkey img').click(function() {\r\n                        var url = \"\/?bkey=\"+$(\"#bkeys\").val();\r\n                        if (url != '') {\r\n                            window.location.href = url;\r\n                        }\r\n                    });\r\n                });\r\n<\/script><\/div>\n\t\t\t\t\t\t<\/div>\n\t\t\t\t<\/div>\n\t\t\t\t\t<\/div>\n\t\t\t\t<\/div>\n\t\t<div class=\"elementor-element elementor-element-cba2a08 e-flex e-con-boxed e-con e-parent\" data-id=\"cba2a08\" data-element_type=\"container\" data-settings=\"{&quot;background_background&quot;:&quot;classic&quot;}\">\n\t\t\t\t\t<div class=\"e-con-inner\">\n\t\t\t\t<div class=\"elementor-element elementor-element-ac1f22b elementor-widget elementor-widget-shortcode\" data-id=\"ac1f22b\" data-element_type=\"widget\" data-widget_type=\"shortcode.default\">\n\t\t\t\t<div class=\"elementor-widget-container\">\n\t\t\t\t\t\t\t<div class=\"elementor-shortcode\"><div id=\"author_wap\">\r\n<div class=\"top_info\">\r\n  <span class=\"first\"><h2>\r\n\t  Yazarlar\r\n\t  <\/h2><\/span>\r\n  <span class=\"two\" style=\"display:none\">G\u00f6nderiler<\/span>   \r\n<\/div>\r\n\r\n<!--\r\n<div class=\"top_rel\"> \r\n<ul>\r\n<li class=\"first\">Time Range :<\/li>\r\n<li>Last Day (24 Hours)<\/li>\r\n<li>Last Week (7 Days)<\/li>\r\n<li> Last Month (30 Days)<\/li>\r\n<li> Last 3 Months<\/li> \r\n<li>Last 6 Months<\/li>\r\n<li>Last Year<\/li>\r\n<li>All Time<\/li>\r\n <\/ul> \r\n<div>  -->\r\n\r\n<h2> &#039;1edo Toplulu\u011fu&#039;nda En \u00c7ok Takdir Edilen Yazarlar  <\/h2>\r\n\r\n<div class=\"athor_content\">\r\n       <ul>\r\n     <li class=\"first\">1 <\/li>\r\n    <li class=\"two\">\r\n        \u00a0 \u00a0 \u00a0 \u00a0<img decoding=\"async\" src=\"\/wp-content\/uploads\/athorPhoto\/photo.png\" alt=\"photo\" width=\"55\" height=\"55\" title=\"\"> \r\n            <\/li>\r\n    <li class=\"three\">y\u00f6netici <\/li>\r\n    <li class=\"last\"> <img decoding=\"async\" src=\"\/wp-content\/uploads\/product_info_imgs\/links.png\" alt=\"links\"> 0 <\/li>\r\n    <\/ul>\r\n         <ul>\r\n     <li class=\"first\">2 <\/li>\r\n    <li class=\"two\">\r\n        \u00a0 \u00a0 \u00a0 \u00a0<img decoding=\"async\" src=\"\/wp-content\/uploads\/athorPhoto\/photo.png\" alt=\"photo\" width=\"55\" height=\"55\" title=\"\"> \r\n            <\/li>\r\n    <li class=\"three\">1edo_zhc <\/li>\r\n    <li class=\"last\"> <img decoding=\"async\" src=\"\/wp-content\/uploads\/product_info_imgs\/links.png\" alt=\"links\"> 0 <\/li>\r\n    <\/ul>\r\n         <ul>\r\n     <li class=\"first\">3 <\/li>\r\n    <li class=\"two\">\r\n        \u00a0 \u00a0 \u00a0 \u00a0<img decoding=\"async\" src=\"\/wp-content\/uploads\/athorPhoto\/photo.png\" alt=\"photo\" width=\"55\" height=\"55\" title=\"\"> \r\n            <\/li>\r\n    <li class=\"three\">zhhc1 <\/li>\r\n    <li class=\"last\"> <img decoding=\"async\" src=\"\/wp-content\/uploads\/product_info_imgs\/links.png\" alt=\"links\"> 0 <\/li>\r\n    <\/ul>\r\n         <ul>\r\n     <li class=\"first\">4 <\/li>\r\n    <li class=\"two\">\r\n        \u00a0 \u00a0 \u00a0 \u00a0<img decoding=\"async\" src=\"\/wp-content\/uploads\/athorPhoto\/photo.png\" alt=\"photo\" width=\"55\" height=\"55\" title=\"\"> \r\n            <\/li>\r\n    <li class=\"three\">zhhc2 <\/li>\r\n    <li class=\"last\"> <img decoding=\"async\" src=\"\/wp-content\/uploads\/product_info_imgs\/links.png\" alt=\"links\"> 0 <\/li>\r\n    <\/ul>\r\n         <ul>\r\n     <li class=\"first\">5 <\/li>\r\n    <li class=\"two\">\r\n        \u00a0 \u00a0 \u00a0 \u00a0<img decoding=\"async\" src=\"\/wp-content\/uploads\/athorPhoto\/photo.png\" alt=\"photo\" width=\"55\" height=\"55\" title=\"\"> \r\n            <\/li>\r\n    <li class=\"three\">uwrsjo-ttjdccj <\/li>\r\n    <li class=\"last\"> <img decoding=\"async\" src=\"\/wp-content\/uploads\/product_info_imgs\/links.png\" alt=\"links\"> 0 <\/li>\r\n    <\/ul>\r\n         <ul>\r\n     <li class=\"first\">6 <\/li>\r\n    <li class=\"two\">\r\n        \u00a0 \u00a0 \u00a0 \u00a0<img decoding=\"async\" src=\"\/wp-content\/uploads\/athorPhoto\/photo.png\" alt=\"photo\" width=\"55\" height=\"55\" title=\"\"> \r\n            <\/li>\r\n    <li class=\"three\">xingxdd <\/li>\r\n    <li class=\"last\"> <img decoding=\"async\" src=\"\/wp-content\/uploads\/product_info_imgs\/links.png\" alt=\"links\"> 0 <\/li>\r\n    <\/ul>\r\n         <ul>\r\n     <li class=\"first\">7 <\/li>\r\n    <li class=\"two\">\r\n        \u00a0 \u00a0 \u00a0 \u00a0<img decoding=\"async\" src=\"\/wp-content\/uploads\/athorPhoto\/photo.png\" alt=\"photo\" width=\"55\" height=\"55\" title=\"\"> \r\n            <\/li>\r\n    <li class=\"three\">1edo2024 <\/li>\r\n    <li class=\"last\"> <img decoding=\"async\" src=\"\/wp-content\/uploads\/product_info_imgs\/links.png\" alt=\"links\"> 0 <\/li>\r\n    <\/ul>\r\n         <ul>\r\n     <li class=\"first\">8 <\/li>\r\n    <li class=\"two\">\r\n        \u00a0 \u00a0 \u00a0 \u00a0<img decoding=\"async\" src=\"\/wp-content\/uploads\/athorPhoto\/photo.png\" alt=\"photo\" width=\"55\" height=\"55\" title=\"\"> \r\n            <\/li>\r\n    <li class=\"three\">1edo2025 <\/li>\r\n    <li class=\"last\"> <img decoding=\"async\" src=\"\/wp-content\/uploads\/product_info_imgs\/links.png\" alt=\"links\"> 0 <\/li>\r\n    <\/ul>\r\n         <ul>\r\n     <li class=\"first\">9 <\/li>\r\n    <li class=\"two\">\r\n        \u00a0 \u00a0 \u00a0 \u00a0<img decoding=\"async\" src=\"\/wp-content\/uploads\/athorPhoto\/photo.png\" alt=\"photo\" width=\"55\" height=\"55\" title=\"\"> \r\n            <\/li>\r\n    <li class=\"three\">1edo2026 <\/li>\r\n    <li class=\"last\"> <img decoding=\"async\" src=\"\/wp-content\/uploads\/product_info_imgs\/links.png\" alt=\"links\"> 0 <\/li>\r\n    <\/ul>\r\n         <ul>\r\n     <li class=\"first\">10 <\/li>\r\n    <li class=\"two\">\r\n        \u00a0 \u00a0 \u00a0 \u00a0<img decoding=\"async\" src=\"\/wp-content\/uploads\/athorPhoto\/photo.png\" alt=\"photo\" width=\"55\" height=\"55\" title=\"\"> \r\n            <\/li>\r\n    <li class=\"three\">Kullan\u0131c\u0131 ad\u0131 <\/li>\r\n    <li class=\"last\"> <img decoding=\"async\" src=\"\/wp-content\/uploads\/product_info_imgs\/links.png\" alt=\"links\"> 0 <\/li>\r\n    <\/ul>\r\n         <ul>\r\n     <li class=\"first\">11 <\/li>\r\n    <li class=\"two\">\r\n        \u00a0 \u00a0 \u00a0 \u00a0<img decoding=\"async\" src=\"\/wp-content\/uploads\/athorPhoto\/photo.png\" alt=\"photo\" width=\"55\" height=\"55\" title=\"\"> \r\n            <\/li>\r\n    <li class=\"three\">smileyeng5gmail-com <\/li>\r\n    <li class=\"last\"> <img decoding=\"async\" src=\"\/wp-content\/uploads\/product_info_imgs\/links.png\" alt=\"links\"> 0 <\/li>\r\n    <\/ul>\r\n         <ul>\r\n     <li class=\"first\">12 <\/li>\r\n    <li class=\"two\">\r\n        \u00a0 \u00a0 \u00a0 \u00a0<img decoding=\"async\" src=\"\/wp-content\/uploads\/athorPhoto\/photo.png\" alt=\"photo\" width=\"55\" height=\"55\" title=\"\"> \r\n            <\/li>\r\n    <li class=\"three\">ruofan1001gmail-com <\/li>\r\n    <li class=\"last\"> <img decoding=\"async\" src=\"\/wp-content\/uploads\/product_info_imgs\/links.png\" alt=\"links\"> 0 <\/li>\r\n    <\/ul>\r\n         <ul>\r\n     <li class=\"first\">13 <\/li>\r\n    <li class=\"two\">\r\n        \u00a0 \u00a0 \u00a0 \u00a0<img decoding=\"async\" src=\"\/wp-content\/uploads\/athorPhoto\/photo.png\" alt=\"photo\" width=\"55\" height=\"55\" title=\"\"> \r\n            <\/li>\r\n    <li class=\"three\">1edo_soft <\/li>\r\n    <li class=\"last\"> <img decoding=\"async\" src=\"\/wp-content\/uploads\/product_info_imgs\/links.png\" alt=\"links\"> 0 <\/li>\r\n    <\/ul>\r\n     <\/div>\r\n\r\n <!--page start-->\r\n  <div class=\"page_wap\">\r\n    <span class=\"first_page\"> <a href=\"\/tr\/authors-all\/?pages=1\" > \u00d6n Sayfa <\/a> <\/span>\r\n      <\/div>\r\n<!-- page end -->\r\n\r\n<\/div><\/div>\n\t\t\t\t\t\t<\/div>\n\t\t\t\t<\/div>\n\t\t\t\t\t<\/div>\n\t\t\t\t<\/div>\n\t\t<div class=\"elementor-element elementor-element-d8cb018 e-flex e-con-boxed e-con e-parent\" data-id=\"d8cb018\" data-element_type=\"container\">\n\t\t\t\t\t<div class=\"e-con-inner\">\n\t\t\t\t<div class=\"elementor-element elementor-element-d5d450f elementor-widget elementor-widget-shortcode\" data-id=\"d5d450f\" data-element_type=\"widget\" data-widget_type=\"shortcode.default\">\n\t\t\t\t<div class=\"elementor-widget-container\">\n\t\t\t\t\t\t\t<div class=\"elementor-shortcode\"><div class=\"community_wap_last  container\">\r\n<div class=\"community_bottom\">\r\n     <h2>Topluluk kaynaklar\u0131<\/h2>\r\n     <p>Bu materyaller di\u011fer \u00fcyelere kat\u0131lman\u0131za ve onlarla ba\u011flant\u0131 kurman\u0131za yard\u0131mc\u0131 olacakt\u0131r.<\/p>\r\n     \r\n     <div class=\"main\">\r\n           <div class=\"image\"><img decoding=\"async\" src=\"\/wp-content\/uploads\/product_info_imgs\/bb01.png\" alt=\"bb01\"><\/div>\r\n           <div class=\"info\">\r\n                  <h3>Angajman kurallar\u0131<\/h3>\r\n                   <div class=\"community_content\">1edo Toplulu\u011fu kat\u0131l\u0131mc\u0131lar\u0131 sayg\u0131l\u0131, destekleyici ve profesyonel olmal\u0131d\u0131r. T\u00fcm \u00fcyelerin uymas\u0131 gereken kurallar\u0131n yan\u0131 s\u0131ra bir \u00fcye i\u00e7eri\u011finin kald\u0131r\u0131lmas\u0131na yol a\u00e7abilecek eylemleri \u00f6\u011frenin.<\/div>\r\n           <\/div>\r\n     <\/div>\r\n\r\n    <div class=\"main\">\r\n           <div class=\"image\"><img decoding=\"async\" src=\"\/wp-content\/uploads\/product_info_imgs\/bb02.png\" alt=\"bb02\"><\/div>\r\n           <div class=\"info\">\r\n                  <h3>1edo Topluluk E\u011fitimi<\/h3>\r\n                   <div class=\"community_content\">Toplulu\u011fu Turu e\u011fitimi, temel bilgilerden blog yazmaya kadar her \u015feyi kapsayan, toplulukta gezinme ve toplulu\u011fa kat\u0131lma konusunda de\u011ferli bilgiler sa\u011flar.<\/div>\r\n           <\/div>\r\n     <\/div>\r\n\r\n <div class=\"main\">\r\n           <div class=\"image\"><img decoding=\"async\" src=\"\/wp-content\/uploads\/product_info_imgs\/bb03.png\" alt=\"bb03\"><\/div>\r\n           <div class=\"info\">\r\n                  <h3>1edo Topluluk Ekibi ve Moderasyon<\/h3>\r\n                   <div class=\"community_content\">1edo Topluluk Ekibi ve Moderasyon 1edo Topluluk ekibi, platformumuz hakk\u0131ndaki sorular\u0131n\u0131z\u0131 yan\u0131tlamaya haz\u0131r. Ekibimiz, 1edo Toplulu\u011funun profesyonel bir bilgi kayna\u011f\u0131 olarak kalmas\u0131n\u0131 sa\u011flayan ve moderasyon faaliyetleriyle ilgili anla\u015fmazl\u0131klar\u0131n \u00e7\u00f6z\u00fcm\u00fcne yard\u0131mc\u0131 olan moderat\u00f6rleri i\u00e7ermektedir.<\/div>\r\n           <\/div>\r\n     <\/div>\r\n\r\n <div class=\"main\">\r\n           <div class=\"image\"><img decoding=\"async\" src=\"\/wp-content\/uploads\/product_info_imgs\/bb01.png\" alt=\"bb01\"><\/div>\r\n           <div class=\"info\">\r\n                  <h3>1edo Toplulu\u011fun Sesi<\/h3>\r\n                   <div class=\"community_content\">1edo Community Voice, blog g\u00f6nderileri, tart\u0131\u015fmalar, haber \u00f6zellikleri, e\u011fitimler, etkinlikler ve daha fazlas\u0131 dahil olmak \u00fczere 1EDO Toplulu\u011fu i\u00e7eri\u011finin en iyilerini \u00f6ne \u00e7\u0131karan ayda iki kez yay\u0131nlanan bir b\u00fcltendir. Bug\u00fcn abone olun!<\/div>\r\n           <\/div>\r\n     <\/div>\r\n\r\n <div class=\"main\">\r\n           <div class=\"image\"><img decoding=\"async\" src=\"\/wp-content\/uploads\/product_info_imgs\/bb02.png\" alt=\"bb02\"><\/div>\r\n           <div class=\"info\">\r\n                  <h3>Gizlilik \u2013 SSS<\/h3>\r\n                   <div class=\"community_content\">1edo Topluluk deneyiminizden en iyi \u015fekilde nas\u0131l yararlanabilece\u011finizi \u00f6\u011frenmek i\u00e7in profil gizlili\u011fiyle ilgili s\u0131k sorulan sorular\u0131n yan\u0131tlar\u0131n\u0131 al\u0131n.<\/div>\r\n           <\/div>\r\n     <\/div>\r\n\r\n <div class=\"main\">\r\n           <div class=\"image\"><img decoding=\"async\" src=\"\/wp-content\/uploads\/product_info_imgs\/bb03.png\" alt=\"bb03\"><\/div>\r\n           <div class=\"info\">\r\n                  <h3>DSA&#039;ya G\u00f6re Ayl\u0131k Aktif Al\u0131c\u0131lar<\/h3>\r\n                   <div class=\"community_content\">19 Ekim tarihli Avrupa Parlamentosu ve Konsey T\u00fcz\u00fc\u011f\u00fc (AB) 2022\/2065&#039;in 24 (2) Maddesine g\u00f6re Birlik&#039;te hizmetin ortalama ayl\u0131k aktif al\u0131c\u0131lar\u0131na bak\u0131n (son alt\u0131 ayl\u0131k d\u00f6nem ortalamas\u0131) Dijital Hizmetler \u0130\u00e7in Tek Pazar Hakk\u0131nda 2022 ve De\u011fi\u015fiklik Yapan 2000\/31\/EC Direktifi (Dijital Hizmet-<\/div>\r\n           <\/div>\r\n     <\/div>\r\n\r\n<\/div>\r\n<\/div><\/div>\n\t\t\t\t\t\t<\/div>\n\t\t\t\t<\/div>\n\t\t\t\t\t<\/div>\n\t\t\t\t<\/div>\n\t\t\t\t<\/div>","protected":false},"excerpt":{"rendered":"","protected":false},"author":1,"featured_media":0,"parent":0,"menu_order":0,"comment_status":"closed","ping_status":"closed","template":"elementor_header_footer","meta":{"footnotes":""},"class_list":["post-6497","page","type-page","status-publish","hentry"],"yoast_head":"<!-- This site is optimized with the Yoast SEO Premium plugin v22.8 (Yoast SEO v26.7) - https:\/\/yoast.com\/wordpress\/plugins\/seo\/ -->\n<title>authors-all - 1edo community<\/title>\n<meta name=\"description\" content=\"Collection of all authors, total number of posts, and ranking list of total number of replies\" \/>\n<meta name=\"robots\" content=\"index, follow, max-snippet:-1, max-image-preview:large, max-video-preview:-1\" \/>\n<link rel=\"canonical\" href=\"https:\/\/community.1edo.com\/tr\/authors-all\/\" \/>\n<meta property=\"og:locale\" content=\"tr_TR\" \/>\n<meta property=\"og:type\" content=\"article\" \/>\n<meta property=\"og:title\" content=\"authors-all\" \/>\n<meta property=\"og:description\" content=\"Collection of all authors, total number of posts, and ranking list of total number of replies\" \/>\n<meta property=\"og:url\" content=\"https:\/\/community.1edo.com\/tr\/authors-all\/\" \/>\n<meta property=\"og:site_name\" content=\"1edo community\" \/>\n<meta property=\"article:modified_time\" content=\"2026-01-15T02:49:13+00:00\" \/>\n<meta name=\"twitter:card\" content=\"summary_large_image\" \/>\n<script type=\"application\/ld+json\" class=\"yoast-schema-graph\">{\"@context\":\"https:\/\/schema.org\",\"@graph\":[{\"@type\":\"WebPage\",\"@id\":\"https:\/\/community.1edo.com\/fr\/authors-all\/\",\"url\":\"https:\/\/community.1edo.com\/fr\/authors-all\/\",\"name\":\"authors-all - 1edo community\",\"isPartOf\":{\"@id\":\"https:\/\/community.1edo.com\/cz\/#website\"},\"datePublished\":\"2024-02-22T06:04:25+00:00\",\"dateModified\":\"2026-01-15T02:49:13+00:00\",\"description\":\"Collection of all authors, total number of posts, and ranking list of total number of replies\",\"breadcrumb\":{\"@id\":\"https:\/\/community.1edo.com\/fr\/authors-all\/#breadcrumb\"},\"inLanguage\":\"tr\",\"potentialAction\":[{\"@type\":\"ReadAction\",\"target\":[\"https:\/\/community.1edo.com\/fr\/authors-all\/\"]}]},{\"@type\":\"BreadcrumbList\",\"@id\":\"https:\/\/community.1edo.com\/fr\/authors-all\/#breadcrumb\",\"itemListElement\":[{\"@type\":\"ListItem\",\"position\":1,\"name\":\"Home\",\"item\":\"https:\/\/community.1edo.com\/th\/\"},{\"@type\":\"ListItem\",\"position\":2,\"name\":\"authors-all\"}]},{\"@type\":\"WebSite\",\"@id\":\"https:\/\/community.1edo.com\/cz\/#website\",\"url\":\"https:\/\/community.1edo.com\/cz\/\",\"name\":\"1edo community\",\"description\":\"1edo community\",\"potentialAction\":[{\"@type\":\"SearchAction\",\"target\":{\"@type\":\"EntryPoint\",\"urlTemplate\":\"https:\/\/community.1edo.com\/cz\/?s={search_term_string}\"},\"query-input\":{\"@type\":\"PropertyValueSpecification\",\"valueRequired\":true,\"valueName\":\"search_term_string\"}}],\"inLanguage\":\"tr\"}]}<\/script>\n<!-- \/ Yoast SEO Premium plugin. -->","yoast_head_json":{"title":"t\u00fcm yazarlar - 1edo toplulu\u011fu","description":"T\u00fcm yazarlar\u0131n toplanmas\u0131, toplam g\u00f6nderi say\u0131s\u0131 ve toplam yan\u0131t say\u0131s\u0131n\u0131n s\u0131ralama listesi","robots":{"index":"index","follow":"follow","max-snippet":"max-snippet:-1","max-image-preview":"max-image-preview:large","max-video-preview":"max-video-preview:-1"},"canonical":"https:\/\/community.1edo.com\/tr\/authors-all\/","og_locale":"tr_TR","og_type":"article","og_title":"authors-all","og_description":"Collection of all authors, total number of posts, and ranking list of total number of replies","og_url":"https:\/\/community.1edo.com\/tr\/authors-all\/","og_site_name":"1edo community","article_modified_time":"2026-01-15T02:49:13+00:00","twitter_card":"summary_large_image","schema":{"@context":"https:\/\/schema.org","@graph":[{"@type":"WebPage","@id":"https:\/\/community.1edo.com\/fr\/authors-all\/","url":"https:\/\/community.1edo.com\/fr\/authors-all\/","name":"t\u00fcm yazarlar - 1edo toplulu\u011fu","isPartOf":{"@id":"https:\/\/community.1edo.com\/cz\/#website"},"datePublished":"2024-02-22T06:04:25+00:00","dateModified":"2026-01-15T02:49:13+00:00","description":"T\u00fcm yazarlar\u0131n toplanmas\u0131, toplam g\u00f6nderi say\u0131s\u0131 ve toplam yan\u0131t say\u0131s\u0131n\u0131n s\u0131ralama listesi","breadcrumb":{"@id":"https:\/\/community.1edo.com\/fr\/authors-all\/#breadcrumb"},"inLanguage":"tr","potentialAction":[{"@type":"ReadAction","target":["https:\/\/community.1edo.com\/fr\/authors-all\/"]}]},{"@type":"BreadcrumbList","@id":"https:\/\/community.1edo.com\/fr\/authors-all\/#breadcrumb","itemListElement":[{"@type":"ListItem","position":1,"name":"Home","item":"https:\/\/community.1edo.com\/th\/"},{"@type":"ListItem","position":2,"name":"authors-all"}]},{"@type":"WebSite","@id":"https:\/\/community.1edo.com\/cz\/#website","url":"https:\/\/community.1edo.com\/cz\/","name":"1edo toplulu\u011fu","description":"1edo toplulu\u011fu","potentialAction":[{"@type":"SearchAction","target":{"@type":"EntryPoint","urlTemplate":"https:\/\/community.1edo.com\/cz\/?s={search_term_string}"},"query-input":{"@type":"PropertyValueSpecification","valueRequired":true,"valueName":"search_term_string"}}],"inLanguage":"tr"}]}},"_links":{"self":[{"href":"https:\/\/community.1edo.com\/tr\/wp-json\/wp\/v2\/pages\/6497","targetHints":{"allow":["GET"]}}],"collection":[{"href":"https:\/\/community.1edo.com\/tr\/wp-json\/wp\/v2\/pages"}],"about":[{"href":"https:\/\/community.1edo.com\/tr\/wp-json\/wp\/v2\/types\/page"}],"author":[{"embeddable":true,"href":"https:\/\/community.1edo.com\/tr\/wp-json\/wp\/v2\/users\/1"}],"replies":[{"embeddable":true,"href":"https:\/\/community.1edo.com\/tr\/wp-json\/wp\/v2\/comments?post=6497"}],"version-history":[{"count":0,"href":"https:\/\/community.1edo.com\/tr\/wp-json\/wp\/v2\/pages\/6497\/revisions"}],"wp:attachment":[{"href":"https:\/\/community.1edo.com\/tr\/wp-json\/wp\/v2\/media?parent=6497"}],"curies":[{"name":"wp","href":"https:\/\/api.w.org\/{rel}","templated":true}]}}