{"id":2926,"date":"2023-11-01T01:39:49","date_gmt":"2023-11-01T01:39:49","guid":{"rendered":"https:\/\/community.1edo.com\/register\/"},"modified":"2026-01-14T15:35:45","modified_gmt":"2026-01-14T07:35:45","slug":"register","status":"publish","type":"page","link":"https:\/\/community.1edo.com\/tr\/register\/","title":{"rendered":"Kay\u0131t olmak"},"content":{"rendered":"<div data-elementor-type=\"wp-page\" data-elementor-id=\"2926\" class=\"elementor elementor-2926\" data-elementor-post-type=\"page\">\n\t\t\t\t<div class=\"elementor-element elementor-element-9088323 e-flex e-con-boxed e-con e-parent\" data-id=\"9088323\" data-element_type=\"container\">\n\t\t\t\t\t<div class=\"e-con-inner\">\n\t\t<div class=\"elementor-element elementor-element-45dfdc0 e-con-full e-flex e-con e-child\" data-id=\"45dfdc0\" data-element_type=\"container\" data-settings=\"{&quot;background_background&quot;:&quot;classic&quot;}\">\n\t\t\t\t<\/div>\n\t\t\t\t<div class=\"elementor-element elementor-element-763ea91 elementor-widget elementor-widget-heading\" data-id=\"763ea91\" data-element_type=\"widget\" data-widget_type=\"heading.default\">\n\t\t\t\t<div class=\"elementor-widget-container\">\n\t\t\t\t\t<h1 class=\"elementor-heading-title elementor-size-default\">B\u0130R HESAP OLU\u015eTURUN<\/h1>\t\t\t\t<\/div>\n\t\t\t\t<\/div>\n\t\t\t\t<div class=\"elementor-element elementor-element-f2f8885 elementor-widget elementor-widget-heading\" data-id=\"f2f8885\" data-element_type=\"widget\" data-widget_type=\"heading.default\">\n\t\t\t\t<div class=\"elementor-widget-container\">\n\t\t\t\t\t<h6 class=\"elementor-heading-title elementor-size-default\">1edo kimli\u011finizi olu\u015fturmak i\u00e7in t\u00fcm alanlar\u0131 doldurun.<\/h6>\t\t\t\t<\/div>\n\t\t\t\t<\/div>\n\t\t\t\t\t<\/div>\n\t\t\t\t<\/div>\n\t\t<div class=\"elementor-element elementor-element-2db14988 e-flex e-con-boxed e-con e-parent\" data-id=\"2db14988\" data-element_type=\"container\">\n\t\t\t\t\t<div class=\"e-con-inner\">\n\t\t\t\t<div class=\"elementor-element elementor-element-df16b68 elementor-widget elementor-widget-text-editor\" data-id=\"df16b68\" data-element_type=\"widget\" data-widget_type=\"text-editor.default\">\n\t\t\t\t<div class=\"elementor-widget-container\">\n\t\t\t\t\t<p class=\"alert wppb-error\" id=\"wppb_form_general_message\">The role of the created user set to the default role. Only an administrator can register a user with the role assigned to this form.<\/p>\t\t\t\t<p>        <form enctype=\"multipart\/form-data\" method=\"post\" id=\"wppb-register-user\" class=\"wppb-user-forms wppb-register-user wppb-user-logged-out\" action=\"https:\/\/community.1edo.com\/tr\/wp-json\/wp\/v2\/pages\/2926\" data-trp-original-action=\"https:\/\/community.1edo.com\/tr\/wp-json\/wp\/v2\/pages\/2926\">\n\t\t\t<ul><li class=\"wppb-form-field wppb-default-name-heading\" id=\"wppb-form-element-1\"><h4>\u0130sim<\/h4><span class=\"wppb-description-delimiter\"><\/span><\/li><li class=\"wppb-form-field wppb-default-username\" id=\"wppb-form-element-2\">\n\t\t\t<label for=\"username\">Kullan\u0131c\u0131 ad\u0131<span class=\"wppb-required\" title=\"Bu alan gereklidir\">*<\/span><\/label>\n\t\t\t<input class=\"text-input default_field_username\" name=\"username\" maxlength=\"70\" type=\"text\" id=\"username\" value=\"username\"  \/><span class=\"wppb-description-delimiter\"> bu \u00e7ok \u00f6nemli.<\/span><\/li><li class=\"wppb-form-field wppb-default-first-name\" id=\"wppb-form-element-3\">\n\t\t\t<label for=\"first_name\">\u0130lk ad\u0131<span class=\"wppb-required\" title=\"Bu alan gereklidir\">*<\/span><\/label>\n\t\t\t<input class=\"text-input default_field_firstname\" name=\"first_name\" maxlength=\"70\" type=\"text\" id=\"first_name\" value=\"\"  \/><\/li><li class=\"wppb-form-field wppb-default-last-name\" id=\"wppb-form-element-4\">\n\t\t\t<label for=\"last_name\">Soy isim<span class=\"wppb-required\" title=\"Bu alan gereklidir\">*<\/span><\/label>\n\t\t\t<input class=\"text-input default_field_lastname\" name=\"last_name\" maxlength=\"70\" type=\"text\" id=\"last_name\" value=\"\" \/><\/li><li class=\"wppb-form-field wppb-default-nickname\" id=\"wppb-form-element-5\">\n\t\t\t<label for=\"nickname\">Takma ad<\/label>\n\t\t\t<input class=\"text-input default_field_nickname\" name=\"nickname\" maxlength=\"70\" type=\"text\" id=\"nickname\" value=\"\" \/><\/li><li class=\"wppb-form-field wppb-default-display-name-publicly-as\" id=\"wppb-form-element-6\"><\/li><li class=\"wppb-form-field wppb-select-country\" id=\"wppb-form-element-18\">\n\t\t\t\t<label for=\"custom_field_2\">\u00dclke<span class=\"wppb-required\" title=\"Bu alan gereklidir\">*<\/span><\/label>\n\t\t\t\t<select name=\"custom_field_2\" id=\"custom_field_2\" class=\"custom_field_country_select\" ><option value=\"\">Bir \u00dclke Se\u00e7in<\/option><option value=\"AF\">Afganistan<\/option><option value=\"AX\">Aland Adalar\u0131<\/option><option value=\"AL\">Arnavutluk<\/option><option value=\"DZ\">Cezayir<\/option><option value=\"AS\">Amerikan Samoas\u0131<\/option><option value=\"AD\">Andorra<\/option><option value=\"AO\">Angola<\/option><option value=\"AI\">Anguilla<\/option><option value=\"AQ\">Antarktika<\/option><option value=\"AG\">Antigua ve Barbuda<\/option><option value=\"AR\">Arjantin<\/option><option value=\"AM\">Ermenistan<\/option><option value=\"AW\">Aruba<\/option><option value=\"AU\">Avustralya<\/option><option value=\"AT\">Avusturya<\/option><option value=\"AZ\">Azerbaycan<\/option><option value=\"BS\">Bahamalar<\/option><option value=\"BH\">Bahreyn<\/option><option value=\"BD\">Banglade\u015f<\/option><option value=\"BB\">Barbados<\/option><option value=\"BY\">Belarus<\/option><option value=\"BE\">Bel\u00e7ika<\/option><option value=\"BZ\">Belize<\/option><option value=\"BJ\">Benin<\/option><option value=\"BM\">Bermuda<\/option><option value=\"BT\">Butan<\/option><option value=\"BO\">Bolivya<\/option><option value=\"BQ\">Bonaire, Aziz Eustatius ve Saba<\/option><option value=\"BA\">Bosna-Hersek<\/option><option value=\"BW\">Botsvana<\/option><option value=\"BV\">Bouvet Adas\u0131<\/option><option value=\"BR\">Brezilya<\/option><option value=\"IO\">Britanya Hint Okyanusu Topraklar\u0131<\/option><option value=\"VG\">Britanya Virjin Adalar\u0131<\/option><option value=\"BN\">Brunei<\/option><option value=\"BG\">Bulgaristan<\/option><option value=\"BF\">Burkina Faso<\/option><option value=\"BI\">Burundi<\/option><option value=\"KH\">Kambo\u00e7ya<\/option><option value=\"CM\">Kamerun<\/option><option value=\"CA\">Kanada<\/option><option value=\"CV\">Ye\u015fil Burun Adalar\u0131<\/option><option value=\"KY\">Cayman Adalar\u0131<\/option><option value=\"CF\">Orta Afrika Cumhuriyeti<\/option><option value=\"TD\">\u00c7ad<\/option><option value=\"CL\">\u015eili<\/option><option value=\"CN\">\u00c7in<\/option><option value=\"CX\">Noel Adas\u0131<\/option><option value=\"CC\">Cocos Adalar\u0131<\/option><option value=\"CO\">Kolombiya<\/option><option value=\"KM\">Komorlar<\/option><option value=\"CK\">Cook Adalar\u0131<\/option><option value=\"CR\">Kosta Rika<\/option><option value=\"HR\">H\u0131rvatistan<\/option><option value=\"CU\">K\u00fcba<\/option><option value=\"CW\">Cura\u00e7ao<\/option><option value=\"CY\">K\u0131br\u0131s<\/option><option value=\"CZ\">\u00c7ek Cumhuriyeti<\/option><option value=\"CD\">Kongo Demokratik Cumhuriyeti<\/option><option value=\"DK\">Danimarka<\/option><option value=\"DJ\">Cibuti<\/option><option value=\"DM\">Dominika<\/option><option value=\"DO\">Dominik Cumhuriyeti<\/option><option value=\"TL\">Do\u011fu Timor<\/option><option value=\"EC\">Ekvador<\/option><option value=\"EG\">M\u0131s\u0131r<\/option><option value=\"SV\">El Salvador<\/option><option value=\"GQ\">Ekvator Ginesi<\/option><option value=\"ER\">Eritre<\/option><option value=\"EE\">Estonya<\/option><option value=\"ET\">Etiyopya<\/option><option value=\"FK\">Falkland Adalar\u0131<\/option><option value=\"FO\">Faroe Adalar\u0131<\/option><option value=\"FJ\">Fiji<\/option><option value=\"FI\">Finlandiya<\/option><option value=\"FR\">Fransa<\/option><option value=\"GF\">Frans\u0131z Guyanas\u0131<\/option><option value=\"PF\">Frans\u0131z Polinezyas\u0131<\/option><option value=\"TF\">Frans\u0131z G\u00fcney Topraklar\u0131<\/option><option value=\"GA\">Gabon<\/option><option value=\"GM\">Gambiya<\/option><option value=\"GE\">Georgia<\/option><option value=\"DE\">Almanya<\/option><option value=\"GH\">Gana<\/option><option value=\"GI\">Cebelitar\u0131k<\/option><option value=\"GR\">Yunanistan<\/option><option value=\"GL\">Gr\u00f6nland<\/option><option value=\"GD\">Grenada<\/option><option value=\"GP\">Guadelupe<\/option><option value=\"GU\">Guam<\/option><option value=\"GT\">Guatemala<\/option><option value=\"GG\">Guernsey<\/option><option value=\"GN\">Gine<\/option><option value=\"GW\">Gine-Bissau<\/option><option value=\"GY\">Guyana<\/option><option value=\"HT\">Haiti<\/option><option value=\"HM\">Heard Adas\u0131 ve McDonald Adalar\u0131<\/option><option value=\"HN\">Honduras<\/option><option value=\"HK\">Hong Kong<\/option><option value=\"HU\">Macaristan<\/option><option value=\"IS\">\u0130zlanda<\/option><option value=\"IN\">Hindistan<\/option><option value=\"ID\">Endonezya<\/option><option value=\"IR\">\u0130ran<\/option><option value=\"IQ\">Irak<\/option><option value=\"IE\">\u0130rlanda<\/option><option value=\"IM\">Man Adas\u0131<\/option><option value=\"IL\">\u0130srail<\/option><option value=\"IT\">\u0130talya<\/option><option value=\"CI\">Fildi\u015fi Sahili<\/option><option value=\"JM\">Jamaika<\/option><option value=\"JP\">Japonya<\/option><option value=\"JE\">Jersey<\/option><option value=\"JO\">\u00dcrd\u00fcn<\/option><option value=\"KZ\">Kazakistan<\/option><option value=\"KE\">Kenya<\/option><option value=\"KI\">Kiribati<\/option><option value=\"XK\">Kosova<\/option><option value=\"KW\">Kuveyt<\/option><option value=\"KG\">K\u0131rg\u0131zistan<\/option><option value=\"LA\">Laos<\/option><option value=\"LV\">Letonya<\/option><option value=\"LB\">L\u00fcbnan<\/option><option value=\"LS\">Lesoto<\/option><option value=\"LR\">Liberya<\/option><option value=\"LY\">Libya<\/option><option value=\"LI\">Lihten\u015ftayn<\/option><option value=\"LT\">Litvanya<\/option><option value=\"LU\">L\u00fcksemburg<\/option><option value=\"MO\">Makao<\/option><option value=\"MK\">Makedonya<\/option><option value=\"MG\">Madagaskar<\/option><option value=\"MW\">Malawi<\/option><option value=\"MY\">Malezya<\/option><option value=\"MV\">Maldivler<\/option><option value=\"ML\">Mali<\/option><option value=\"MT\">Malta<\/option><option value=\"MH\">Marshall Adalar\u0131<\/option><option value=\"MQ\">Martinik<\/option><option value=\"MR\">Moritanya<\/option><option value=\"MU\">Mauritius<\/option><option value=\"YT\">Mayotte<\/option><option value=\"MX\">Meksika<\/option><option value=\"FM\">Mikronezya<\/option><option value=\"MD\">Moldova<\/option><option value=\"MC\">Monako<\/option><option value=\"MN\">Mo\u011folistan<\/option><option value=\"ME\">Karada\u011f<\/option><option value=\"MS\">Montserrat<\/option><option value=\"MA\">Fas<\/option><option value=\"MZ\">Mozambik<\/option><option value=\"MM\">Myanmar<\/option><option value=\"NA\">Namibya<\/option><option value=\"NR\">Nauru<\/option><option value=\"NP\">Nepal<\/option><option value=\"NL\">Hollanda<\/option><option value=\"NC\">Yeni Kaledonya<\/option><option value=\"NZ\">Yeni Zelanda<\/option><option value=\"NI\">Nikaragua<\/option><option value=\"NE\">Nijer<\/option><option value=\"NG\">Nijerya<\/option><option value=\"NU\">Niue<\/option><option value=\"NF\">Norfolk Adas\u0131<\/option><option value=\"KP\">Kuzey Kore<\/option><option value=\"MP\">Kuzey Mariana Adalar\u0131<\/option><option value=\"NO\">Norve\u00e7<\/option><option value=\"OM\">Umman<\/option><option value=\"PK\">Pakistan<\/option><option value=\"PW\">Palau<\/option><option value=\"PS\">Filistin Topraklar\u0131<\/option><option value=\"PA\">Panama<\/option><option value=\"PG\">Papua Yeni Gine<\/option><option value=\"PY\">Paraguay<\/option><option value=\"PE\">Peru<\/option><option value=\"PH\">Filipinler<\/option><option value=\"PN\">Pitcairn<\/option><option value=\"PL\">Polonya<\/option><option value=\"PT\">Portekiz<\/option><option value=\"PR\">Porto Riko<\/option><option value=\"QA\">Katar<\/option><option value=\"CG\">Kongo Cumhuriyeti<\/option><option value=\"RE\">Yeniden bir araya gelme<\/option><option value=\"RO\">Romanya<\/option><option value=\"RU\">Rusya<\/option><option value=\"RW\">Ruanda<\/option><option value=\"BL\">Aziz Barthelemy<\/option><option value=\"SH\">Saint Helena<\/option><option value=\"KN\">Saint Kitts ve Nevis<\/option><option value=\"LC\">Saint Lucia<\/option><option value=\"MF\">Aziz Martin<\/option><option value=\"PM\">Saint Pierre ve Miquelon<\/option><option value=\"VC\">Saint Vincent ve Grenadinler<\/option><option value=\"WS\">Samoa<\/option><option value=\"SM\">San Marino<\/option><option value=\"ST\">Sao Tome ve Principe<\/option><option value=\"SA\">Suudi Arabistan<\/option><option value=\"SN\">Senegal<\/option><option value=\"RS\">S\u0131rbistan<\/option><option value=\"SC\">Sey\u015feller<\/option><option value=\"SL\">Sierra Leone<\/option><option value=\"SG\">Singapur<\/option><option value=\"SX\">Sint Maarten<\/option><option value=\"SK\">Slovakya<\/option><option value=\"SI\">Slovenya<\/option><option value=\"SB\">Solomon Adalar\u0131<\/option><option value=\"SO\">Somali<\/option><option value=\"ZA\">G\u00fcney Afrika<\/option><option value=\"GS\">G\u00fcney Georgia ve G\u00fcney Sandwich Adalar\u0131<\/option><option value=\"KR\">G\u00fcney Kore<\/option><option value=\"SS\">G\u00fcney Sudan<\/option><option value=\"ES\">\u0130spanya<\/option><option value=\"LK\">Sri Lanka<\/option><option value=\"SD\">Sudan<\/option><option value=\"SR\">Surinam<\/option><option value=\"SJ\">Svalbard ve Jan Mayen<\/option><option value=\"SZ\">Svaziland<\/option><option value=\"SE\">\u0130sve\u00e7<\/option><option value=\"CH\">\u0130svi\u00e7re<\/option><option value=\"SY\">Suriye<\/option><option value=\"TW\">Tayvan<\/option><option value=\"TJ\">Tacikistan<\/option><option value=\"TZ\">Tanzanya<\/option><option value=\"TH\">Tayland<\/option><option value=\"TG\">Togo<\/option><option value=\"TK\">Tokelau<\/option><option value=\"TO\">Tonga<\/option><option value=\"TT\">Trinidad ve Tobago<\/option><option value=\"TN\">Tunus<\/option><option value=\"TR\">T\u00fcrkiye<\/option><option value=\"TM\">T\u00fcrkmenistan<\/option><option value=\"TC\">Turks ve Caicos Adalar\u0131<\/option><option value=\"TV\">Tuvalu<\/option><option value=\"VI\">ABD Virjin Adalar\u0131<\/option><option value=\"UG\">Uganda<\/option><option value=\"UA\">Ukrayna<\/option><option value=\"AE\">Birle\u015fik Arap Emirlikleri<\/option><option value=\"GB\">Birle\u015fik Krall\u0131k<\/option><option value=\"US\">Amerika Birle\u015fik Devletleri<\/option><option value=\"UM\">Amerika Birle\u015fik Devletleri K\u00fc\u00e7\u00fck D\u0131\u015f Adalar\u0131<\/option><option value=\"UY\">Uruguay<\/option><option value=\"UZ\">\u00d6zbekistan<\/option><option value=\"VU\">Vanuatu<\/option><option value=\"VA\">Vatikan<\/option><option value=\"VE\">Venezuela<\/option><option value=\"VN\">Vietnam<\/option><option value=\"WF\">Wallis ve Futuna<\/option><option value=\"EH\">Bat\u0131 Sahra<\/option><option value=\"YE\">Yemen<\/option><option value=\"ZM\">Zambiya<\/option><option value=\"ZW\">Zimbabve<\/option>\n\t\t\t\t<\/select><\/li><li class=\"wppb-form-field wppb-phone\" id=\"wppb-form-element-7\">\n\t\t\t\t<label for=\"phone\">Telefon<span class=\"wppb-required\" title=\"Bu alan gereklidir\">*<\/span><\/label>\n\t\t\t\t<input data-phone-format=\"{&quot;phone_data&quot;:0}\" class=\"extra_field_phone\" name=\"phone\" maxlength=\"70\" type=\"text\" id=\"phone\" value=\"\" \/><\/li><li class=\"wppb-form-field wppb-default-e-mail\" id=\"wppb-form-element-8\">\n\t\t\t<label for=\"email\">E-posta<span class=\"wppb-required\" title=\"Bu alan gereklidir\">*<\/span><\/label>\n\t\t\t<input class=\"text-input default_field_email\" name=\"email\" maxlength=\"70\" type=\"email\" id=\"email\" value=\"\"   \/><\/li><li class=\"wppb-form-field wppb-default-password\" id=\"wppb-form-element-15\">\n\t\t\t<label for=\"passw1\">\u015eifre<span class=\"wppb-required\" title=\"Bu alan gereklidir\">*<\/span><\/label>\n            <span class=\"wppb-password-field-container\">\n\t\t\t    <input class=\"text-input\" name=\"passw1\" maxlength=\"70\" type=\"password\" id=\"passw1\" value=\"\" autocomplete=\"off\" \/>\n\t\t\t     <!-- add the HTML for the visibility toggle -->\n\t\t\t<\/span><span class=\"wppb-description-delimiter\">B\u00fcy\u00fck Britanya  <\/span><\/li><li class=\"wppb-form-field wppb-default-repeat-password\" id=\"wppb-form-element-16\">\n\t\t\t<label for=\"passw2\">\u015eifreyi tekrar girin<\/label>\n\t\t\t<span class=\"wppb-password-field-container\">\n\t\t\t    <input class=\"text-input\" name=\"passw2\" maxlength=\"70\" type=\"password\" id=\"passw2\" value=\"\" autocomplete=\"off\" \/>\n\t\t\t     <!-- add the HTML for the visibility toggle -->\n\t\t\t<\/span><span class=\"wppb-description-delimiter\">bu \u00e7ok iyi bir \u015fey.<\/span><\/li><\/ul><ul><li class=\"wppb-form-field wppb-send-credentials-checkbox\"><label for=\"send_credentials_via_email\"><input id=\"send_credentials_via_email\" type=\"checkbox\" name=\"send_credentials_via_email\" value=\"sending\"\/>Send these credentials via email.<\/label><\/li><\/ul>\t\t\t<p class=\"form-submit\"  >\n\t\t\t\t                \t\t\t\t<input name=\"register\" type=\"submit\" id=\"register\" class=\"submit button\" value=\"Kay\u0131t olmak\" \/>\n                <input name=\"redirect_to\" type=\"hidden\" value=\"\" \/>\n                \t\t\t\t<input name=\"action\" type=\"hidden\" id=\"action\" value=\"register\" \/>\n\t\t\t\t<input name=\"form_name\" type=\"hidden\" id=\"form_name\" value=\"unspecified\" \/>\n\t\t\t\t<input name=\"form_id\" type=\"hidden\" id=\"form_id\" value=\"\" \/>\n\t\t\t\t\t\t\t<\/p><!-- .form-submit -->\n\t\t\t<input type=\"hidden\" id=\"register_unspecified_nonce_field\" name=\"register_unspecified_nonce_field\" value=\"f2ebc99210\" \/><input type=\"hidden\" name=\"_wp_http_referer\" value=\"\/tr\/wp-json\/wp\/v2\/pages\/2926\" \/>\t\t<input type=\"hidden\" name=\"trp-form-language\" value=\"tr\"\/><\/form>\n\t\t<\/p>\t\t\t\t\t\t\t\t<\/div>\n\t\t\t\t<\/div>\n\t\t\t\t<div class=\"elementor-element elementor-element-9427073 elementor-widget__width-initial elementor-widget elementor-widget-shortcode\" data-id=\"9427073\" data-element_type=\"widget\" data-widget_type=\"shortcode.default\">\n\t\t\t\t<div class=\"elementor-widget-container\">\n\t\t\t\t\t\t\t<div class=\"elementor-shortcode\">[xyz-ips pasaj\u0131 = &quot;facebook i\u00e7eri\u011fi&quot;]<\/div>\n\t\t\t\t\t\t<\/div>\n\t\t\t\t<\/div>\n\t\t\t\t<div class=\"elementor-element elementor-element-194ea39 elementor-widget elementor-widget-heading\" data-id=\"194ea39\" data-element_type=\"widget\" data-widget_type=\"heading.default\">\n\t\t\t\t<div class=\"elementor-widget-container\">\n\t\t\t\t\t<h5 class=\"elementor-heading-title elementor-size-default\">HESABINIZ VAR MI? G\u0130R\u0130\u015e YAPMAK<\/h5>\t\t\t\t<\/div>\n\t\t\t\t<\/div>\n\t\t\t\t\t<\/div>\n\t\t\t\t<\/div>\n\t\t\t\t<\/div>","protected":false},"excerpt":{"rendered":"","protected":false},"author":1,"featured_media":0,"parent":0,"menu_order":0,"comment_status":"closed","ping_status":"closed","template":"","meta":{"footnotes":""},"class_list":["post-2926","page","type-page","status-publish","hentry"],"yoast_head":"<!-- This site is optimized with the Yoast SEO Premium plugin v22.8 (Yoast SEO v26.7) - https:\/\/yoast.com\/wordpress\/plugins\/seo\/ -->\n<title>Register - 1edo community<\/title>\n<meta name=\"description\" content=\"1edo community, Create an account and fill in the username, password, email and other fields to create your 1edo ID\" \/>\n<meta name=\"robots\" content=\"index, follow, max-snippet:-1, max-image-preview:large, max-video-preview:-1\" \/>\n<link rel=\"canonical\" href=\"https:\/\/community.1edo.com\/tr\/register\/\" \/>\n<meta property=\"og:locale\" content=\"tr_TR\" \/>\n<meta property=\"og:type\" content=\"article\" \/>\n<meta property=\"og:title\" content=\"Register\" \/>\n<meta property=\"og:description\" content=\"1edo community, Create an account and fill in the username, password, email and other fields to create your 1edo ID\" \/>\n<meta property=\"og:url\" content=\"https:\/\/community.1edo.com\/tr\/register\/\" \/>\n<meta property=\"og:site_name\" content=\"1edo community\" \/>\n<meta property=\"article:modified_time\" content=\"2026-01-14T07:35:45+00:00\" \/>\n<meta name=\"twitter:card\" content=\"summary_large_image\" \/>\n<meta name=\"twitter:label1\" content=\"Tahmini okuma s\u00fcresi\" \/>\n\t<meta name=\"twitter:data1\" content=\"1 dakika\" \/>\n<script type=\"application\/ld+json\" class=\"yoast-schema-graph\">{\"@context\":\"https:\/\/schema.org\",\"@graph\":[{\"@type\":\"WebPage\",\"@id\":\"https:\/\/community.1edo.com\/no\/register\/\",\"url\":\"https:\/\/community.1edo.com\/no\/register\/\",\"name\":\"Register - 1edo community\",\"isPartOf\":{\"@id\":\"https:\/\/community.1edo.com\/cz\/#website\"},\"datePublished\":\"2023-11-01T01:39:49+00:00\",\"dateModified\":\"2026-01-14T07:35:45+00:00\",\"description\":\"1edo community, Create an account and fill in the username, password, email and other fields to create your 1edo ID\",\"breadcrumb\":{\"@id\":\"https:\/\/community.1edo.com\/no\/register\/#breadcrumb\"},\"inLanguage\":\"tr\",\"potentialAction\":[{\"@type\":\"ReadAction\",\"target\":[\"https:\/\/community.1edo.com\/no\/register\/\"]}]},{\"@type\":\"BreadcrumbList\",\"@id\":\"https:\/\/community.1edo.com\/no\/register\/#breadcrumb\",\"itemListElement\":[{\"@type\":\"ListItem\",\"position\":1,\"name\":\"Home\",\"item\":\"https:\/\/community.1edo.com\/th\/\"},{\"@type\":\"ListItem\",\"position\":2,\"name\":\"Register\"}]},{\"@type\":\"WebSite\",\"@id\":\"https:\/\/community.1edo.com\/cz\/#website\",\"url\":\"https:\/\/community.1edo.com\/cz\/\",\"name\":\"1edo community\",\"description\":\"1edo community\",\"potentialAction\":[{\"@type\":\"SearchAction\",\"target\":{\"@type\":\"EntryPoint\",\"urlTemplate\":\"https:\/\/community.1edo.com\/cz\/?s={search_term_string}\"},\"query-input\":{\"@type\":\"PropertyValueSpecification\",\"valueRequired\":true,\"valueName\":\"search_term_string\"}}],\"inLanguage\":\"tr\"}]}<\/script>\n<!-- \/ Yoast SEO Premium plugin. -->","yoast_head_json":{"title":"Kay\u0131t ol - 1edo toplulu\u011fu","description":"1edo toplulu\u011fu, Bir hesap olu\u015fturun ve 1edo kimli\u011finizi olu\u015fturmak i\u00e7in kullan\u0131c\u0131 ad\u0131n\u0131z\u0131, \u015fifrenizi, e-posta adresinizi ve di\u011fer alanlar\u0131 doldurun","robots":{"index":"index","follow":"follow","max-snippet":"max-snippet:-1","max-image-preview":"max-image-preview:large","max-video-preview":"max-video-preview:-1"},"canonical":"https:\/\/community.1edo.com\/tr\/register\/","og_locale":"tr_TR","og_type":"article","og_title":"Register","og_description":"1edo community, Create an account and fill in the username, password, email and other fields to create your 1edo ID","og_url":"https:\/\/community.1edo.com\/tr\/register\/","og_site_name":"1edo community","article_modified_time":"2026-01-14T07:35:45+00:00","twitter_card":"summary_large_image","twitter_misc":{"Tahmini okuma s\u00fcresi":"1 dakika"},"schema":{"@context":"https:\/\/schema.org","@graph":[{"@type":"WebPage","@id":"https:\/\/community.1edo.com\/no\/register\/","url":"https:\/\/community.1edo.com\/no\/register\/","name":"Kay\u0131t ol - 1edo toplulu\u011fu","isPartOf":{"@id":"https:\/\/community.1edo.com\/cz\/#website"},"datePublished":"2023-11-01T01:39:49+00:00","dateModified":"2026-01-14T07:35:45+00:00","description":"1edo toplulu\u011fu, Bir hesap olu\u015fturun ve 1edo kimli\u011finizi olu\u015fturmak i\u00e7in kullan\u0131c\u0131 ad\u0131n\u0131z\u0131, \u015fifrenizi, e-posta adresinizi ve di\u011fer alanlar\u0131 doldurun","breadcrumb":{"@id":"https:\/\/community.1edo.com\/no\/register\/#breadcrumb"},"inLanguage":"tr","potentialAction":[{"@type":"ReadAction","target":["https:\/\/community.1edo.com\/no\/register\/"]}]},{"@type":"BreadcrumbList","@id":"https:\/\/community.1edo.com\/no\/register\/#breadcrumb","itemListElement":[{"@type":"ListItem","position":1,"name":"Home","item":"https:\/\/community.1edo.com\/th\/"},{"@type":"ListItem","position":2,"name":"Register"}]},{"@type":"WebSite","@id":"https:\/\/community.1edo.com\/cz\/#website","url":"https:\/\/community.1edo.com\/cz\/","name":"1edo toplulu\u011fu","description":"1edo toplulu\u011fu","potentialAction":[{"@type":"SearchAction","target":{"@type":"EntryPoint","urlTemplate":"https:\/\/community.1edo.com\/cz\/?s={search_term_string}"},"query-input":{"@type":"PropertyValueSpecification","valueRequired":true,"valueName":"search_term_string"}}],"inLanguage":"tr"}]}},"_links":{"self":[{"href":"https:\/\/community.1edo.com\/tr\/wp-json\/wp\/v2\/pages\/2926","targetHints":{"allow":["GET"]}}],"collection":[{"href":"https:\/\/community.1edo.com\/tr\/wp-json\/wp\/v2\/pages"}],"about":[{"href":"https:\/\/community.1edo.com\/tr\/wp-json\/wp\/v2\/types\/page"}],"author":[{"embeddable":true,"href":"https:\/\/community.1edo.com\/tr\/wp-json\/wp\/v2\/users\/1"}],"replies":[{"embeddable":true,"href":"https:\/\/community.1edo.com\/tr\/wp-json\/wp\/v2\/comments?post=2926"}],"version-history":[{"count":0,"href":"https:\/\/community.1edo.com\/tr\/wp-json\/wp\/v2\/pages\/2926\/revisions"}],"wp:attachment":[{"href":"https:\/\/community.1edo.com\/tr\/wp-json\/wp\/v2\/media?parent=2926"}],"curies":[{"name":"wp","href":"https:\/\/api.w.org\/{rel}","templated":true}]}}