{"id":2926,"date":"2023-11-01T01:39:49","date_gmt":"2023-11-01T01:39:49","guid":{"rendered":"https:\/\/community.1edo.com\/register\/"},"modified":"2026-01-14T15:35:45","modified_gmt":"2026-01-14T07:35:45","slug":"register","status":"publish","type":"page","link":"https:\/\/community.1edo.com\/mx\/register\/","title":{"rendered":"Registro"},"content":{"rendered":"<div data-elementor-type=\"wp-page\" data-elementor-id=\"2926\" class=\"elementor elementor-2926\" data-elementor-post-type=\"page\">\n\t\t\t\t<div class=\"elementor-element elementor-element-9088323 e-flex e-con-boxed e-con e-parent\" data-id=\"9088323\" data-element_type=\"container\">\n\t\t\t\t\t<div class=\"e-con-inner\">\n\t\t<div class=\"elementor-element elementor-element-45dfdc0 e-con-full e-flex e-con e-child\" data-id=\"45dfdc0\" data-element_type=\"container\" data-settings=\"{&quot;background_background&quot;:&quot;classic&quot;}\">\n\t\t\t\t<\/div>\n\t\t\t\t<div class=\"elementor-element elementor-element-763ea91 elementor-widget elementor-widget-heading\" data-id=\"763ea91\" data-element_type=\"widget\" data-widget_type=\"heading.default\">\n\t\t\t\t<div class=\"elementor-widget-container\">\n\t\t\t\t\t<h1 class=\"elementor-heading-title elementor-size-default\">CREA UNA CUENTA<\/h1>\t\t\t\t<\/div>\n\t\t\t\t<\/div>\n\t\t\t\t<div class=\"elementor-element elementor-element-f2f8885 elementor-widget elementor-widget-heading\" data-id=\"f2f8885\" data-element_type=\"widget\" data-widget_type=\"heading.default\">\n\t\t\t\t<div class=\"elementor-widget-container\">\n\t\t\t\t\t<h6 class=\"elementor-heading-title elementor-size-default\">Complete todos los campos para crear su ID 1edo.<\/h6>\t\t\t\t<\/div>\n\t\t\t\t<\/div>\n\t\t\t\t\t<\/div>\n\t\t\t\t<\/div>\n\t\t<div class=\"elementor-element elementor-element-2db14988 e-flex e-con-boxed e-con e-parent\" data-id=\"2db14988\" data-element_type=\"container\">\n\t\t\t\t\t<div class=\"e-con-inner\">\n\t\t\t\t<div class=\"elementor-element elementor-element-df16b68 elementor-widget elementor-widget-text-editor\" data-id=\"df16b68\" data-element_type=\"widget\" data-widget_type=\"text-editor.default\">\n\t\t\t\t<div class=\"elementor-widget-container\">\n\t\t\t\t\t<p class=\"alert wppb-error\" id=\"wppb_form_general_message\">El rol del usuario creado se establece como el rol predeterminado. Solo un administrador puede registrar un usuario con el rol asignado en este formulario.<\/p>\t\t\t\t<p>        <form enctype=\"multipart\/form-data\" method=\"post\" id=\"wppb-register-user\" class=\"wppb-user-forms wppb-register-user wppb-user-logged-out\" action=\"https:\/\/community.1edo.com\/mx\/wp-json\/wp\/v2\/pages\/2926\" data-trp-original-action=\"https:\/\/community.1edo.com\/mx\/wp-json\/wp\/v2\/pages\/2926\">\n\t\t\t<ul><li class=\"wppb-form-field wppb-default-name-heading\" id=\"wppb-form-element-1\"><h4>Nombre<\/h4><span class=\"wppb-description-delimiter\"><\/span><\/li><li class=\"wppb-form-field wppb-default-username\" id=\"wppb-form-element-2\">\n\t\t\t<label for=\"username\">Nombre de usuario<span class=\"wppb-required\" title=\"Este campo es obligatorio\">*<\/span><\/label>\n\t\t\t<input class=\"text-input default_field_username\" name=\"username\" maxlength=\"70\" type=\"text\" id=\"username\" value=\"username\"  \/><span class=\"wppb-description-delimiter\"> \u7528\u6237\u540d\u4e0d\u53ef\u66f4\u6539\u3002<\/span><\/li><li class=\"wppb-form-field wppb-default-first-name\" id=\"wppb-form-element-3\">\n\t\t\t<label for=\"first_name\">Nombre de pila<span class=\"wppb-required\" title=\"Este campo es obligatorio\">*<\/span><\/label>\n\t\t\t<input class=\"text-input default_field_firstname\" name=\"first_name\" maxlength=\"70\" type=\"text\" id=\"first_name\" value=\"\"  \/><\/li><li class=\"wppb-form-field wppb-default-last-name\" id=\"wppb-form-element-4\">\n\t\t\t<label for=\"last_name\">Apellido<span class=\"wppb-required\" title=\"Este campo es obligatorio\">*<\/span><\/label>\n\t\t\t<input class=\"text-input default_field_lastname\" name=\"last_name\" maxlength=\"70\" type=\"text\" id=\"last_name\" value=\"\" \/><\/li><li class=\"wppb-form-field wppb-default-nickname\" id=\"wppb-form-element-5\">\n\t\t\t<label for=\"nickname\">Apodo<\/label>\n\t\t\t<input class=\"text-input default_field_nickname\" name=\"nickname\" maxlength=\"70\" type=\"text\" id=\"nickname\" value=\"\" \/><\/li><li class=\"wppb-form-field wppb-default-display-name-publicly-as\" id=\"wppb-form-element-6\"><\/li><li class=\"wppb-form-field wppb-select-country\" id=\"wppb-form-element-18\">\n\t\t\t\t<label for=\"custom_field_2\">Pa\u00eds<span class=\"wppb-required\" title=\"Este campo es obligatorio\">*<\/span><\/label>\n\t\t\t\t<select name=\"custom_field_2\" id=\"custom_field_2\" class=\"custom_field_country_select\" ><option value=\"\">Seleccione un pa\u00eds<\/option><option value=\"AF\">Afganist\u00e1n<\/option><option value=\"AX\">Islas \u00c5land<\/option><option value=\"AL\">Albania<\/option><option value=\"DZ\">Argelia<\/option><option value=\"AS\">Samoa Americana<\/option><option value=\"AD\">Andorra<\/option><option value=\"AO\">Angola<\/option><option value=\"AI\">Anguila<\/option><option value=\"AQ\">Ant\u00e1rtida<\/option><option value=\"AG\">Antigua y Barbuda<\/option><option value=\"AR\">Argentina<\/option><option value=\"AM\">Armenia<\/option><option value=\"AW\">Aruba<\/option><option value=\"AU\">Australia<\/option><option value=\"AT\">Austria<\/option><option value=\"AZ\">Azerbaiy\u00e1n<\/option><option value=\"BS\">Bahamas<\/option><option value=\"BH\">Bar\u00e9in<\/option><option value=\"BD\">Banglad\u00e9s<\/option><option value=\"BB\">Barbados<\/option><option value=\"BY\">Bielorrusia<\/option><option value=\"BE\">B\u00e9lgica<\/option><option value=\"BZ\">Belice<\/option><option value=\"BJ\">Ben\u00edn<\/option><option value=\"BM\">islas Bermudas<\/option><option value=\"BT\">But\u00e1n<\/option><option value=\"BO\">Bolivia<\/option><option value=\"BQ\">Bonaire, San Eustaquio y Saba<\/option><option value=\"BA\">Bosnia y Herzegovina<\/option><option value=\"BW\">Botsuana<\/option><option value=\"BV\">Isla Bouvet<\/option><option value=\"BR\">Brasil<\/option><option value=\"IO\">Territorio Brit\u00e1nico del Oc\u00e9ano \u00cdndico<\/option><option value=\"VG\">Islas V\u00edrgenes Brit\u00e1nicas<\/option><option value=\"BN\">Brun\u00e9i<\/option><option value=\"BG\">Bulgaria<\/option><option value=\"BF\">Burkina Faso<\/option><option value=\"BI\">Burundi<\/option><option value=\"KH\">Camboya<\/option><option value=\"CM\">Camer\u00fan<\/option><option value=\"CA\">Canad\u00e1<\/option><option value=\"CV\">Cabo Verde<\/option><option value=\"KY\">Islas Caim\u00e1n<\/option><option value=\"CF\">Rep\u00fablica Centroafricana<\/option><option value=\"TD\">Chad<\/option><option value=\"CL\">Chile<\/option><option value=\"CN\">Porcelana<\/option><option value=\"CX\">Isla de Navidad<\/option><option value=\"CC\">Islas Cocos<\/option><option value=\"CO\">Colombia<\/option><option value=\"KM\">Comoras<\/option><option value=\"CK\">Islas Cook<\/option><option value=\"CR\">Costa Rica<\/option><option value=\"HR\">Croacia<\/option><option value=\"CU\">Cuba<\/option><option value=\"CW\">Curazao<\/option><option value=\"CY\">Chipre<\/option><option value=\"CZ\">Rep\u00fablica Checa<\/option><option value=\"CD\">Rep\u00fablica Democr\u00e1tica del Congo<\/option><option value=\"DK\">Dinamarca<\/option><option value=\"DJ\">Yibuti<\/option><option value=\"DM\">Dominica<\/option><option value=\"DO\">Rep\u00fablica Dominicana<\/option><option value=\"TL\">Timor Oriental<\/option><option value=\"EC\">Ecuador<\/option><option value=\"EG\">Egipto<\/option><option value=\"SV\">El Salvador<\/option><option value=\"GQ\">Guinea Ecuatorial<\/option><option value=\"ER\">Eritrea<\/option><option value=\"EE\">Estonia<\/option><option value=\"ET\">Etiop\u00eda<\/option><option value=\"FK\">Islas Malvinas<\/option><option value=\"FO\">Islas Feroe<\/option><option value=\"FJ\">Fiyi<\/option><option value=\"FI\">Finlandia<\/option><option value=\"FR\">Francia<\/option><option value=\"GF\">Guayana Francesa<\/option><option value=\"PF\">Polinesia Francesa<\/option><option value=\"TF\">Territorios Australes Franceses<\/option><option value=\"GA\">Gab\u00f3n<\/option><option value=\"GM\">Gambia<\/option><option value=\"GE\">Georgia<\/option><option value=\"DE\">Alemania<\/option><option value=\"GH\">Ghana<\/option><option value=\"GI\">Gibraltar<\/option><option value=\"GR\">Grecia<\/option><option value=\"GL\">Tierra Verde<\/option><option value=\"GD\">Granada<\/option><option value=\"GP\">Guadalupe<\/option><option value=\"GU\">Guam<\/option><option value=\"GT\">Guatemala<\/option><option value=\"GG\">Guernsey<\/option><option value=\"GN\">Guinea<\/option><option value=\"GW\">Guinea-Bissau<\/option><option value=\"GY\">Guayana<\/option><option value=\"HT\">Hait\u00ed<\/option><option value=\"HM\">Islas Heard y McDonald<\/option><option value=\"HN\">Honduras<\/option><option value=\"HK\">Hong Kong<\/option><option value=\"HU\">Hungr\u00eda<\/option><option value=\"IS\">Islandia<\/option><option value=\"IN\">India<\/option><option value=\"ID\">Indonesia<\/option><option value=\"IR\">Ir\u00e1n<\/option><option value=\"IQ\">Irak<\/option><option value=\"IE\">Irlanda<\/option><option value=\"IM\">Isla de Man<\/option><option value=\"IL\">Israel<\/option><option value=\"IT\">Italia<\/option><option value=\"CI\">Costa de Marfil<\/option><option value=\"JM\">Jamaica<\/option><option value=\"JP\">Jap\u00f3n<\/option><option value=\"JE\">Jersey<\/option><option value=\"JO\">Jord\u00e1n<\/option><option value=\"KZ\">Kazajst\u00e1n<\/option><option value=\"KE\">Kenia<\/option><option value=\"KI\">Kiribati<\/option><option value=\"XK\">Kosovo<\/option><option value=\"KW\">Kuwait<\/option><option value=\"KG\">Kirguist\u00e1n<\/option><option value=\"LA\">Laos<\/option><option value=\"LV\">Letonia<\/option><option value=\"LB\">L\u00edbano<\/option><option value=\"LS\">Lesoto<\/option><option value=\"LR\">Liberia<\/option><option value=\"LY\">Libia<\/option><option value=\"LI\">Liechtenstein<\/option><option value=\"LT\">Lituania<\/option><option value=\"LU\">Luxemburgo<\/option><option value=\"MO\">Macao<\/option><option value=\"MK\">macedonia<\/option><option value=\"MG\">Madagascar<\/option><option value=\"MW\">Malawi<\/option><option value=\"MY\">Malasia<\/option><option value=\"MV\">Maldivas<\/option><option value=\"ML\">Mal\u00ed<\/option><option value=\"MT\">Malta<\/option><option value=\"MH\">Islas Marshall<\/option><option value=\"MQ\">Martinica<\/option><option value=\"MR\">Mauritania<\/option><option value=\"MU\">Mauricio<\/option><option value=\"YT\">Mayotte<\/option><option value=\"MX\">M\u00e9xico<\/option><option value=\"FM\">Micronesia<\/option><option value=\"MD\">Moldavia<\/option><option value=\"MC\">M\u00f3naco<\/option><option value=\"MN\">Mongolia<\/option><option value=\"ME\">Montenegro<\/option><option value=\"MS\">Montserrat<\/option><option value=\"MA\">Marruecos<\/option><option value=\"MZ\">Mozambique<\/option><option value=\"MM\">Myanmar<\/option><option value=\"NA\">Namibia<\/option><option value=\"NR\">Nauru<\/option><option value=\"NP\">Nepal<\/option><option value=\"NL\">Pa\u00edses Bajos<\/option><option value=\"NC\">Nueva Caledonia<\/option><option value=\"NZ\">Nueva Zelanda<\/option><option value=\"NI\">Nicaragua<\/option><option value=\"NE\">N\u00edger<\/option><option value=\"NG\">Nigeria<\/option><option value=\"NU\">Niue<\/option><option value=\"NF\">Isla Norfolk<\/option><option value=\"KP\">Corea del Norte<\/option><option value=\"MP\">Islas Marianas del Norte<\/option><option value=\"NO\">Noruega<\/option><option value=\"OM\">Om\u00e1n<\/option><option value=\"PK\">Pakist\u00e1n<\/option><option value=\"PW\">Palaos<\/option><option value=\"PS\">Territorio Palestino<\/option><option value=\"PA\">Panam\u00e1<\/option><option value=\"PG\">Pap\u00faa Nueva Guinea<\/option><option value=\"PY\">Paraguay<\/option><option value=\"PE\">Per\u00fa<\/option><option value=\"PH\">Filipinas<\/option><option value=\"PN\">Pitcairn<\/option><option value=\"PL\">Polonia<\/option><option value=\"PT\">Portugal<\/option><option value=\"PR\">Puerto Rico<\/option><option value=\"QA\">Katar<\/option><option value=\"CG\">Rep\u00fablica del Congo<\/option><option value=\"RE\">Reuni\u00f3n<\/option><option value=\"RO\">Rumania<\/option><option value=\"RU\">Rusia<\/option><option value=\"RW\">Ruanda<\/option><option value=\"BL\">San Bartolom\u00e9<\/option><option value=\"SH\">Santa Elena<\/option><option value=\"KN\">San Crist\u00f3bal y Nieves<\/option><option value=\"LC\">Santa Luc\u00eda<\/option><option value=\"MF\">San Mart\u00edn<\/option><option value=\"PM\">San Pedro y Miquel\u00f3n<\/option><option value=\"VC\">San Vicente y las Granadinas<\/option><option value=\"WS\">Samoa<\/option><option value=\"SM\">San Marino<\/option><option value=\"ST\">Santo Tom\u00e9 y Pr\u00edncipe<\/option><option value=\"SA\">Arabia Saudita<\/option><option value=\"SN\">Senegal<\/option><option value=\"RS\">Serbia<\/option><option value=\"SC\">Seychelles<\/option><option value=\"SL\">Sierra Leona<\/option><option value=\"SG\">Singapur<\/option><option value=\"SX\">Sint Maarten<\/option><option value=\"SK\">Eslovaquia<\/option><option value=\"SI\">Eslovenia<\/option><option value=\"SB\">Islas Salom\u00f3n<\/option><option value=\"SO\">Somalia<\/option><option value=\"ZA\">Sud\u00e1frica<\/option><option value=\"GS\">Islas Georgias del Sur y Sandwich del Sur<\/option><option value=\"KR\">Corea del Sur<\/option><option value=\"SS\">Sud\u00e1n del Sur<\/option><option value=\"ES\">Espa\u00f1a<\/option><option value=\"LK\">Sri Lanka<\/option><option value=\"SD\">Sud\u00e1n<\/option><option value=\"SR\">Surinam<\/option><option value=\"SJ\">Svalbard y Jan Mayen<\/option><option value=\"SZ\">Suazilandia<\/option><option value=\"SE\">Suecia<\/option><option value=\"CH\">Suiza<\/option><option value=\"SY\">Siria<\/option><option value=\"TW\">Taiw\u00e1n<\/option><option value=\"TJ\">Tayikist\u00e1n<\/option><option value=\"TZ\">Tanzania<\/option><option value=\"TH\">Tailandia<\/option><option value=\"TG\">Ir<\/option><option value=\"TK\">Tokelau<\/option><option value=\"TO\">Tonga<\/option><option value=\"TT\">Trinidad y Tobago<\/option><option value=\"TN\">T\u00fanez<\/option><option value=\"TR\">Pavo<\/option><option value=\"TM\">Turkmenist\u00e1n<\/option><option value=\"TC\">Islas Turcas y Caicos<\/option><option value=\"TV\">Tuvalu<\/option><option value=\"VI\">Islas V\u00edrgenes de los Estados Unidos<\/option><option value=\"UG\">Uganda<\/option><option value=\"UA\">Ucrania<\/option><option value=\"AE\">Emiratos \u00c1rabes Unidos<\/option><option value=\"GB\">Reino Unido<\/option><option value=\"US\">Estados Unidos<\/option><option value=\"UM\">Islas menores alejadas de los Estados Unidos<\/option><option value=\"UY\">Uruguay<\/option><option value=\"UZ\">Uzbekist\u00e1n<\/option><option value=\"VU\">Vanuatu<\/option><option value=\"VA\">Vaticano<\/option><option value=\"VE\">Venezuela<\/option><option value=\"VN\">Vietnam<\/option><option value=\"WF\">Wallis y Futuna<\/option><option value=\"EH\">S\u00e1hara Occidental<\/option><option value=\"YE\">Yemen<\/option><option value=\"ZM\">Zambia<\/option><option value=\"ZW\">Zimbabue<\/option>\n\t\t\t\t<\/select><\/li><li class=\"wppb-form-field wppb-phone\" id=\"wppb-form-element-7\">\n\t\t\t\t<label for=\"phone\">Tel\u00e9fono<span class=\"wppb-required\" title=\"Este campo es obligatorio\">*<\/span><\/label>\n\t\t\t\t<input data-phone-format=\"{&quot;phone_data&quot;:0}\" class=\"extra_field_phone\" name=\"phone\" maxlength=\"70\" type=\"text\" id=\"phone\" value=\"\" \/><\/li><li class=\"wppb-form-field wppb-default-e-mail\" id=\"wppb-form-element-8\">\n\t\t\t<label for=\"email\">Correo electr\u00f3nico<span class=\"wppb-required\" title=\"Este campo es obligatorio\">*<\/span><\/label>\n\t\t\t<input class=\"text-input default_field_email\" name=\"email\" maxlength=\"70\" type=\"email\" id=\"email\" value=\"\"   \/><\/li><li class=\"wppb-form-field wppb-default-password\" id=\"wppb-form-element-15\">\n\t\t\t<label for=\"passw1\">Contrase\u00f1a<span class=\"wppb-required\" title=\"Este campo es obligatorio\">*<\/span><\/label>\n            <span class=\"wppb-password-field-container\">\n\t\t\t    <input class=\"text-input\" name=\"passw1\" maxlength=\"70\" type=\"password\" id=\"passw1\" value=\"\" autocomplete=\"off\" \/>\n\t\t\t     <!-- add the HTML for the visibility toggle -->\n\t\t\t<\/span><span class=\"wppb-description-delimiter\">\u91cd\u590d\u65b0\u5bc6\u7801  <\/span><\/li><li class=\"wppb-form-field wppb-default-repeat-password\" id=\"wppb-form-element-16\">\n\t\t\t<label for=\"passw2\">Repita la contrase\u00f1a<\/label>\n\t\t\t<span class=\"wppb-password-field-container\">\n\t\t\t    <input class=\"text-input\" name=\"passw2\" maxlength=\"70\" type=\"password\" id=\"passw2\" value=\"\" autocomplete=\"off\" \/>\n\t\t\t     <!-- add the HTML for the visibility toggle -->\n\t\t\t<\/span><span class=\"wppb-description-delimiter\">\u518d\u8f93\u5165\u4e00\u904d\u65b0\u5bc6\u7801.<\/span><\/li><\/ul><ul><li class=\"wppb-form-field wppb-send-credentials-checkbox\"><label for=\"send_credentials_via_email\"><input id=\"send_credentials_via_email\" type=\"checkbox\" name=\"send_credentials_via_email\" value=\"sending\"\/>Env\u00ede estas credenciales por correo electr\u00f3nico.<\/label><\/li><\/ul>\t\t\t<p class=\"form-submit\"  >\n\t\t\t\t                \t\t\t\t<input name=\"register\" type=\"submit\" id=\"register\" class=\"submit button\" value=\"Registro\" \/>\n                <input name=\"redirect_to\" type=\"hidden\" value=\"\" \/>\n                \t\t\t\t<input name=\"action\" type=\"hidden\" id=\"action\" value=\"register\" \/>\n\t\t\t\t<input name=\"form_name\" type=\"hidden\" id=\"form_name\" value=\"unspecified\" \/>\n\t\t\t\t<input name=\"form_id\" type=\"hidden\" id=\"form_id\" value=\"\" \/>\n\t\t\t\t\t\t\t<\/p><!-- .form-submit -->\n\t\t\t<input type=\"hidden\" id=\"register_unspecified_nonce_field\" name=\"register_unspecified_nonce_field\" value=\"7f649c8ab3\" \/><input type=\"hidden\" name=\"_wp_http_referer\" value=\"\/mx\/wp-json\/wp\/v2\/pages\/2926\" \/>\t\t<input type=\"hidden\" name=\"trp-form-language\" value=\"mx\"\/><\/form>\n\t\t<\/p>\t\t\t\t\t\t\t\t<\/div>\n\t\t\t\t<\/div>\n\t\t\t\t<div class=\"elementor-element elementor-element-9427073 elementor-widget__width-initial elementor-widget elementor-widget-shortcode\" data-id=\"9427073\" data-element_type=\"widget\" data-widget_type=\"shortcode.default\">\n\t\t\t\t<div class=\"elementor-widget-container\">\n\t\t\t\t\t\t\t<div class=\"elementor-shortcode\">[fragmento de xyz-ips=&quot;facebook-content&quot;]<\/div>\n\t\t\t\t\t\t<\/div>\n\t\t\t\t<\/div>\n\t\t\t\t<div class=\"elementor-element elementor-element-194ea39 elementor-widget elementor-widget-heading\" data-id=\"194ea39\" data-element_type=\"widget\" data-widget_type=\"heading.default\">\n\t\t\t\t<div class=\"elementor-widget-container\">\n\t\t\t\t\t<h5 class=\"elementor-heading-title elementor-size-default\">\u00bfTENER UNA CUENTA? ACCESO<\/h5>\t\t\t\t<\/div>\n\t\t\t\t<\/div>\n\t\t\t\t\t<\/div>\n\t\t\t\t<\/div>\n\t\t\t\t<\/div>","protected":false},"excerpt":{"rendered":"","protected":false},"author":1,"featured_media":0,"parent":0,"menu_order":0,"comment_status":"closed","ping_status":"closed","template":"","meta":{"footnotes":""},"class_list":["post-2926","page","type-page","status-publish","hentry"],"yoast_head":"<!-- This site is optimized with the Yoast SEO Premium plugin v22.8 (Yoast SEO v26.7) - https:\/\/yoast.com\/wordpress\/plugins\/seo\/ -->\n<title>Register - 1edo community<\/title>\n<meta name=\"description\" content=\"1edo community, Create an account and fill in the username, password, email and other fields to create your 1edo ID\" \/>\n<meta name=\"robots\" content=\"index, follow, max-snippet:-1, max-image-preview:large, max-video-preview:-1\" \/>\n<link rel=\"canonical\" href=\"https:\/\/community.1edo.com\/mx\/\u03ba\u03b1\u03bd\u03c9-\u03b5\u03b3\u03b3\u03c1\u03b1\u03c6\u03b7\/\" \/>\n<meta property=\"og:locale\" content=\"es_MX\" \/>\n<meta property=\"og:type\" content=\"article\" \/>\n<meta property=\"og:title\" content=\"Register\" \/>\n<meta property=\"og:description\" content=\"1edo community, Create an account and fill in the username, password, email and other fields to create your 1edo ID\" \/>\n<meta property=\"og:url\" content=\"https:\/\/community.1edo.com\/mx\/\u03ba\u03b1\u03bd\u03c9-\u03b5\u03b3\u03b3\u03c1\u03b1\u03c6\u03b7\/\" \/>\n<meta property=\"og:site_name\" content=\"1edo community\" \/>\n<meta property=\"article:modified_time\" content=\"2026-01-14T07:35:45+00:00\" \/>\n<meta name=\"twitter:card\" content=\"summary_large_image\" \/>\n<meta name=\"twitter:label1\" content=\"Tiempo de lectura\" \/>\n\t<meta name=\"twitter:data1\" content=\"1 minuto\" \/>\n<script type=\"application\/ld+json\" class=\"yoast-schema-graph\">{\"@context\":\"https:\/\/schema.org\",\"@graph\":[{\"@type\":\"WebPage\",\"@id\":\"https:\/\/community.1edo.com\/gr\/%ce%ba%ce%b1%ce%bd%cf%89-%ce%b5%ce%b3%ce%b3%cf%81%ce%b1%cf%86%ce%b7\/\",\"url\":\"https:\/\/community.1edo.com\/gr\/%ce%ba%ce%b1%ce%bd%cf%89-%ce%b5%ce%b3%ce%b3%cf%81%ce%b1%cf%86%ce%b7\/\",\"name\":\"Register - 1edo community\",\"isPartOf\":{\"@id\":\"https:\/\/community.1edo.com\/tr\/#website\"},\"datePublished\":\"2023-11-01T01:39:49+00:00\",\"dateModified\":\"2026-01-14T07:35:45+00:00\",\"description\":\"1edo community, Create an account and fill in the username, password, email and other fields to create your 1edo ID\",\"breadcrumb\":{\"@id\":\"https:\/\/community.1edo.com\/gr\/%ce%ba%ce%b1%ce%bd%cf%89-%ce%b5%ce%b3%ce%b3%cf%81%ce%b1%cf%86%ce%b7\/#breadcrumb\"},\"inLanguage\":\"es\",\"potentialAction\":[{\"@type\":\"ReadAction\",\"target\":[\"https:\/\/community.1edo.com\/gr\/%ce%ba%ce%b1%ce%bd%cf%89-%ce%b5%ce%b3%ce%b3%cf%81%ce%b1%cf%86%ce%b7\/\"]}]},{\"@type\":\"BreadcrumbList\",\"@id\":\"https:\/\/community.1edo.com\/gr\/%ce%ba%ce%b1%ce%bd%cf%89-%ce%b5%ce%b3%ce%b3%cf%81%ce%b1%cf%86%ce%b7\/#breadcrumb\",\"itemListElement\":[{\"@type\":\"ListItem\",\"position\":1,\"name\":\"Home\",\"item\":\"https:\/\/community.1edo.com\/tr\/\"},{\"@type\":\"ListItem\",\"position\":2,\"name\":\"Register\"}]},{\"@type\":\"WebSite\",\"@id\":\"https:\/\/community.1edo.com\/tr\/#website\",\"url\":\"https:\/\/community.1edo.com\/tr\/\",\"name\":\"1edo community\",\"description\":\"1edo community\",\"potentialAction\":[{\"@type\":\"SearchAction\",\"target\":{\"@type\":\"EntryPoint\",\"urlTemplate\":\"https:\/\/community.1edo.com\/tr\/?s={search_term_string}\"},\"query-input\":{\"@type\":\"PropertyValueSpecification\",\"valueRequired\":true,\"valueName\":\"search_term_string\"}}],\"inLanguage\":\"es\"}]}<\/script>\n<!-- \/ Yoast SEO Premium plugin. -->","yoast_head_json":{"title":"Reg\u00edstrate - comunidad 1edo","description":"Comunidad 1edo, cree una cuenta y complete el nombre de usuario, contrase\u00f1a, correo electr\u00f3nico y otros campos para crear su ID 1edo","robots":{"index":"index","follow":"follow","max-snippet":"max-snippet:-1","max-image-preview":"max-image-preview:large","max-video-preview":"max-video-preview:-1"},"canonical":"https:\/\/community.1edo.com\/mx\/\u03ba\u03b1\u03bd\u03c9-\u03b5\u03b3\u03b3\u03c1\u03b1\u03c6\u03b7\/","og_locale":"es_MX","og_type":"article","og_title":"Register","og_description":"1edo community, Create an account and fill in the username, password, email and other fields to create your 1edo ID","og_url":"https:\/\/community.1edo.com\/mx\/\u03ba\u03b1\u03bd\u03c9-\u03b5\u03b3\u03b3\u03c1\u03b1\u03c6\u03b7\/","og_site_name":"1edo community","article_modified_time":"2026-01-14T07:35:45+00:00","twitter_card":"summary_large_image","twitter_misc":{"Tiempo de lectura":"1 minuto"},"schema":{"@context":"https:\/\/schema.org","@graph":[{"@type":"WebPage","@id":"https:\/\/community.1edo.com\/gr\/%ce%ba%ce%b1%ce%bd%cf%89-%ce%b5%ce%b3%ce%b3%cf%81%ce%b1%cf%86%ce%b7\/","url":"https:\/\/community.1edo.com\/gr\/%ce%ba%ce%b1%ce%bd%cf%89-%ce%b5%ce%b3%ce%b3%cf%81%ce%b1%cf%86%ce%b7\/","name":"Reg\u00edstrate - comunidad 1edo","isPartOf":{"@id":"https:\/\/community.1edo.com\/tr\/#website"},"datePublished":"2023-11-01T01:39:49+00:00","dateModified":"2026-01-14T07:35:45+00:00","description":"Comunidad 1edo, cree una cuenta y complete el nombre de usuario, contrase\u00f1a, correo electr\u00f3nico y otros campos para crear su ID 1edo","breadcrumb":{"@id":"https:\/\/community.1edo.com\/gr\/%ce%ba%ce%b1%ce%bd%cf%89-%ce%b5%ce%b3%ce%b3%cf%81%ce%b1%cf%86%ce%b7\/#breadcrumb"},"inLanguage":"es","potentialAction":[{"@type":"ReadAction","target":["https:\/\/community.1edo.com\/gr\/%ce%ba%ce%b1%ce%bd%cf%89-%ce%b5%ce%b3%ce%b3%cf%81%ce%b1%cf%86%ce%b7\/"]}]},{"@type":"BreadcrumbList","@id":"https:\/\/community.1edo.com\/gr\/%ce%ba%ce%b1%ce%bd%cf%89-%ce%b5%ce%b3%ce%b3%cf%81%ce%b1%cf%86%ce%b7\/#breadcrumb","itemListElement":[{"@type":"ListItem","position":1,"name":"Home","item":"https:\/\/community.1edo.com\/tr\/"},{"@type":"ListItem","position":2,"name":"Register"}]},{"@type":"WebSite","@id":"https:\/\/community.1edo.com\/tr\/#website","url":"https:\/\/community.1edo.com\/tr\/","name":"comunidad 1edo","description":"comunidad 1edo","potentialAction":[{"@type":"SearchAction","target":{"@type":"EntryPoint","urlTemplate":"https:\/\/community.1edo.com\/tr\/?s={search_term_string}"},"query-input":{"@type":"PropertyValueSpecification","valueRequired":true,"valueName":"search_term_string"}}],"inLanguage":"es"}]}},"_links":{"self":[{"href":"https:\/\/community.1edo.com\/mx\/wp-json\/wp\/v2\/pages\/2926","targetHints":{"allow":["GET"]}}],"collection":[{"href":"https:\/\/community.1edo.com\/mx\/wp-json\/wp\/v2\/pages"}],"about":[{"href":"https:\/\/community.1edo.com\/mx\/wp-json\/wp\/v2\/types\/page"}],"author":[{"embeddable":true,"href":"https:\/\/community.1edo.com\/mx\/wp-json\/wp\/v2\/users\/1"}],"replies":[{"embeddable":true,"href":"https:\/\/community.1edo.com\/mx\/wp-json\/wp\/v2\/comments?post=2926"}],"version-history":[{"count":0,"href":"https:\/\/community.1edo.com\/mx\/wp-json\/wp\/v2\/pages\/2926\/revisions"}],"wp:attachment":[{"href":"https:\/\/community.1edo.com\/mx\/wp-json\/wp\/v2\/media?parent=2926"}],"curies":[{"name":"wp","href":"https:\/\/api.w.org\/{rel}","templated":true}]}}