{"id":2926,"date":"2023-11-01T01:39:49","date_gmt":"2023-11-01T01:39:49","guid":{"rendered":"https:\/\/community.1edo.com\/register\/"},"modified":"2026-01-14T15:35:45","modified_gmt":"2026-01-14T07:35:45","slug":"register","status":"publish","type":"page","link":"https:\/\/community.1edo.com\/hu\/register\/","title":{"rendered":"Regisztr\u00e1ci\u00f3"},"content":{"rendered":"<div data-elementor-type=\"wp-page\" data-elementor-id=\"2926\" class=\"elementor elementor-2926\" data-elementor-post-type=\"page\">\n\t\t\t\t<div class=\"elementor-element elementor-element-9088323 e-flex e-con-boxed e-con e-parent\" data-id=\"9088323\" data-element_type=\"container\">\n\t\t\t\t\t<div class=\"e-con-inner\">\n\t\t<div class=\"elementor-element elementor-element-45dfdc0 e-con-full e-flex e-con e-child\" data-id=\"45dfdc0\" data-element_type=\"container\" data-settings=\"{&quot;background_background&quot;:&quot;classic&quot;}\">\n\t\t\t\t<\/div>\n\t\t\t\t<div class=\"elementor-element elementor-element-763ea91 elementor-widget elementor-widget-heading\" data-id=\"763ea91\" data-element_type=\"widget\" data-widget_type=\"heading.default\">\n\t\t\t\t<div class=\"elementor-widget-container\">\n\t\t\t\t\t<h1 class=\"elementor-heading-title elementor-size-default\">HOZZON L\u00c9TRE EGY FI\u00d3KOT<\/h1>\t\t\t\t<\/div>\n\t\t\t\t<\/div>\n\t\t\t\t<div class=\"elementor-element elementor-element-f2f8885 elementor-widget elementor-widget-heading\" data-id=\"f2f8885\" data-element_type=\"widget\" data-widget_type=\"heading.default\">\n\t\t\t\t<div class=\"elementor-widget-container\">\n\t\t\t\t\t<h6 class=\"elementor-heading-title elementor-size-default\">T\u00f6ltse ki az \u00f6sszes mez\u0151t az 1edo ID l\u00e9trehoz\u00e1s\u00e1hoz.<\/h6>\t\t\t\t<\/div>\n\t\t\t\t<\/div>\n\t\t\t\t\t<\/div>\n\t\t\t\t<\/div>\n\t\t<div class=\"elementor-element elementor-element-2db14988 e-flex e-con-boxed e-con e-parent\" data-id=\"2db14988\" data-element_type=\"container\">\n\t\t\t\t\t<div class=\"e-con-inner\">\n\t\t\t\t<div class=\"elementor-element elementor-element-df16b68 elementor-widget elementor-widget-text-editor\" data-id=\"df16b68\" data-element_type=\"widget\" data-widget_type=\"text-editor.default\">\n\t\t\t\t<div class=\"elementor-widget-container\">\n\t\t\t\t\t<p class=\"alert wppb-error\" id=\"wppb_form_general_message\">The role of the created user set to the default role. Only an administrator can register a user with the role assigned to this form.<\/p>\t\t\t\t<p>        <form enctype=\"multipart\/form-data\" method=\"post\" id=\"wppb-register-user\" class=\"wppb-user-forms wppb-register-user wppb-user-logged-out\" action=\"https:\/\/community.1edo.com\/hu\/wp-json\/wp\/v2\/pages\/2926\" data-trp-original-action=\"https:\/\/community.1edo.com\/hu\/wp-json\/wp\/v2\/pages\/2926\">\n\t\t\t<ul><li class=\"wppb-form-field wppb-default-name-heading\" id=\"wppb-form-element-1\"><h4>N\u00e9v<\/h4><span class=\"wppb-description-delimiter\"><\/span><\/li><li class=\"wppb-form-field wppb-default-username\" id=\"wppb-form-element-2\">\n\t\t\t<label for=\"username\">Felhaszn\u00e1l\u00f3n\u00e9v<span class=\"wppb-required\" title=\"This field is required\">*<\/span><\/label>\n\t\t\t<input class=\"text-input default_field_username\" name=\"username\" maxlength=\"70\" type=\"text\" id=\"username\" value=\"username\"  \/><span class=\"wppb-description-delimiter\"> \u7528\u6237\u540d\u4e0d\u53ef\u66f4\u6539.<\/span><\/li><li class=\"wppb-form-field wppb-default-first-name\" id=\"wppb-form-element-3\">\n\t\t\t<label for=\"first_name\">Keresztn\u00e9v<span class=\"wppb-required\" title=\"This field is required\">*<\/span><\/label>\n\t\t\t<input class=\"text-input default_field_firstname\" name=\"first_name\" maxlength=\"70\" type=\"text\" id=\"first_name\" value=\"\"  \/><\/li><li class=\"wppb-form-field wppb-default-last-name\" id=\"wppb-form-element-4\">\n\t\t\t<label for=\"last_name\">Vezet\u00e9kn\u00e9v<span class=\"wppb-required\" title=\"This field is required\">*<\/span><\/label>\n\t\t\t<input class=\"text-input default_field_lastname\" name=\"last_name\" maxlength=\"70\" type=\"text\" id=\"last_name\" value=\"\" \/><\/li><li class=\"wppb-form-field wppb-default-nickname\" id=\"wppb-form-element-5\">\n\t\t\t<label for=\"nickname\">Nick N\u00e9v<\/label>\n\t\t\t<input class=\"text-input default_field_nickname\" name=\"nickname\" maxlength=\"70\" type=\"text\" id=\"nickname\" value=\"\" \/><\/li><li class=\"wppb-form-field wppb-default-display-name-publicly-as\" id=\"wppb-form-element-6\"><\/li><li class=\"wppb-form-field wppb-select-country\" id=\"wppb-form-element-18\">\n\t\t\t\t<label for=\"custom_field_2\">Orsz\u00e1g<span class=\"wppb-required\" title=\"This field is required\">*<\/span><\/label>\n\t\t\t\t<select name=\"custom_field_2\" id=\"custom_field_2\" class=\"custom_field_country_select\" ><option value=\"\">V\u00e1lasszon orsz\u00e1got<\/option><option value=\"AF\">Afganiszt\u00e1n<\/option><option value=\"AX\">\u00c5land-szigetek<\/option><option value=\"AL\">Alb\u00e1nia<\/option><option value=\"DZ\">Alg\u00e9ria<\/option><option value=\"AS\">Amerikai Szamoa<\/option><option value=\"AD\">Andorra<\/option><option value=\"AO\">Angola<\/option><option value=\"AI\">Anguilla<\/option><option value=\"AQ\">Antarktisz<\/option><option value=\"AG\">Antigua \u00e9s Barbuda<\/option><option value=\"AR\">Argent\u00edna<\/option><option value=\"AM\">\u00d6rm\u00e9nyorsz\u00e1g<\/option><option value=\"AW\">Aruba<\/option><option value=\"AU\">Ausztr\u00e1lia<\/option><option value=\"AT\">Ausztria<\/option><option value=\"AZ\">Azerbajdzs\u00e1n<\/option><option value=\"BS\">Baham\u00e1k<\/option><option value=\"BH\">Bahrein<\/option><option value=\"BD\">Banglades<\/option><option value=\"BB\">Barbados<\/option><option value=\"BY\">Feh\u00e9roroszorsz\u00e1g<\/option><option value=\"BE\">Belgium<\/option><option value=\"BZ\">Belize<\/option><option value=\"BJ\">Benin<\/option><option value=\"BM\">Bermuda<\/option><option value=\"BT\">Bhut\u00e1n<\/option><option value=\"BO\">Bol\u00edvia<\/option><option value=\"BQ\">Bonaire, Saint Eustatius \u00e9s Saba<\/option><option value=\"BA\">Bosznia-Hercegovina<\/option><option value=\"BW\">Botswana<\/option><option value=\"BV\">Bouvet-sziget<\/option><option value=\"BR\">Braz\u00edlia<\/option><option value=\"IO\">Brit Indiai-\u00f3ce\u00e1ni Ter\u00fclet<\/option><option value=\"VG\">Brit Virgin-szigetek<\/option><option value=\"BN\">Brunei<\/option><option value=\"BG\">Bulg\u00e1ria<\/option><option value=\"BF\">Burkina Faso<\/option><option value=\"BI\">Burundi<\/option><option value=\"KH\">Kambodzsa<\/option><option value=\"CM\">Kamerun<\/option><option value=\"CA\">Kanada<\/option><option value=\"CV\">Z\u00f6ld-foki K\u00f6zt\u00e1rsas\u00e1g<\/option><option value=\"KY\">Kajm\u00e1n-szigetek<\/option><option value=\"CF\">K\u00f6z\u00e9p-afrikai K\u00f6zt\u00e1rsas\u00e1g<\/option><option value=\"TD\">Cs\u00e1d<\/option><option value=\"CL\">Chile<\/option><option value=\"CN\">K\u00edna<\/option><option value=\"CX\">Kar\u00e1csony-sziget<\/option><option value=\"CC\">K\u00f3kusz-szigetek<\/option><option value=\"CO\">Colombia<\/option><option value=\"KM\">Comore-szigetek<\/option><option value=\"CK\">Cook-szigetek<\/option><option value=\"CR\">Costa Rica<\/option><option value=\"HR\">Horv\u00e1torsz\u00e1g<\/option><option value=\"CU\">Kuba<\/option><option value=\"CW\">Cura\u00e7ao<\/option><option value=\"CY\">Ciprus<\/option><option value=\"CZ\">Cseh K\u00f6zt\u00e1rsas\u00e1g<\/option><option value=\"CD\">Kong\u00f3i Demokratikus K\u00f6zt\u00e1rsas\u00e1g<\/option><option value=\"DK\">D\u00e1nia<\/option><option value=\"DJ\">Dzsibuti<\/option><option value=\"DM\">Dominika<\/option><option value=\"DO\">Dominikai K\u00f6zt\u00e1rsas\u00e1g<\/option><option value=\"TL\">Kelet-Timor<\/option><option value=\"EC\">Ecuador<\/option><option value=\"EG\">Egyiptom<\/option><option value=\"SV\">El Salvador<\/option><option value=\"GQ\">Egyenl\u00edt\u0151i-Guinea<\/option><option value=\"ER\">Eritrea<\/option><option value=\"EE\">\u00c9sztorsz\u00e1g<\/option><option value=\"ET\">Eti\u00f3pia<\/option><option value=\"FK\">Falkland-szigetek<\/option><option value=\"FO\">Fer\u00f6er-szigetek<\/option><option value=\"FJ\">Fidzsi-szigetek<\/option><option value=\"FI\">Finnorsz\u00e1g<\/option><option value=\"FR\">Franciaorsz\u00e1g<\/option><option value=\"GF\">Francia Guyana<\/option><option value=\"PF\">Francia Polin\u00e9zia<\/option><option value=\"TF\">Francia d\u00e9li ter\u00fcletek<\/option><option value=\"GA\">Gabon<\/option><option value=\"GM\">Gambia<\/option><option value=\"GE\">Gr\u00fazia<\/option><option value=\"DE\">N\u00e9metorsz\u00e1g<\/option><option value=\"GH\">Gh\u00e1na<\/option><option value=\"GI\">Gibralt\u00e1r<\/option><option value=\"GR\">G\u00f6r\u00f6gorsz\u00e1g<\/option><option value=\"GL\">Gr\u00f6nland<\/option><option value=\"GD\">Grenada<\/option><option value=\"GP\">Guadeloupe<\/option><option value=\"GU\">Guam<\/option><option value=\"GT\">Guatemala<\/option><option value=\"GG\">Guernsey<\/option><option value=\"GN\">Guinea<\/option><option value=\"GW\">Bissau-Guinea<\/option><option value=\"GY\">Guyana<\/option><option value=\"HT\">Haiti<\/option><option value=\"HM\">Heard-sziget \u00e9s McDonald-szigetek<\/option><option value=\"HN\">Honduras<\/option><option value=\"HK\">Hong Kong<\/option><option value=\"HU\">Magyarorsz\u00e1g<\/option><option value=\"IS\">Izland<\/option><option value=\"IN\">India<\/option><option value=\"ID\">Indon\u00e9zia<\/option><option value=\"IR\">Ir\u00e1n<\/option><option value=\"IQ\">Irak<\/option><option value=\"IE\">\u00cdrorsz\u00e1g<\/option><option value=\"IM\">Man-sziget<\/option><option value=\"IL\">Izrael<\/option><option value=\"IT\">Olaszorsz\u00e1g<\/option><option value=\"CI\">Elef\u00e1ntcsontpart<\/option><option value=\"JM\">Jamaica<\/option><option value=\"JP\">Jap\u00e1n<\/option><option value=\"JE\">Jersey<\/option><option value=\"JO\">Jord\u00e1nia<\/option><option value=\"KZ\">Kazahszt\u00e1n<\/option><option value=\"KE\">Kenya<\/option><option value=\"KI\">Kiribati<\/option><option value=\"XK\">Koszov\u00f3<\/option><option value=\"KW\">Kuvait<\/option><option value=\"KG\">Kirgiziszt\u00e1n<\/option><option value=\"LA\">Laosz<\/option><option value=\"LV\">Lettorsz\u00e1g<\/option><option value=\"LB\">Libanon<\/option><option value=\"LS\">Lesotho<\/option><option value=\"LR\">Lib\u00e9ria<\/option><option value=\"LY\">L\u00edbia<\/option><option value=\"LI\">Liechtenstein<\/option><option value=\"LT\">Litv\u00e1nia<\/option><option value=\"LU\">Luxemburg<\/option><option value=\"MO\">Maka\u00f3<\/option><option value=\"MK\">Maced\u00f3nia<\/option><option value=\"MG\">Madagaszk\u00e1r<\/option><option value=\"MW\">Malawi<\/option><option value=\"MY\">Malaysia<\/option><option value=\"MV\">Mald\u00edv-szigetek<\/option><option value=\"ML\">Mali<\/option><option value=\"MT\">M\u00e1lta<\/option><option value=\"MH\">Marshall-szigetek<\/option><option value=\"MQ\">Martinique<\/option><option value=\"MR\">Maurit\u00e1nia<\/option><option value=\"MU\">Mauritius<\/option><option value=\"YT\">Mayotte<\/option><option value=\"MX\">Mexik\u00f3<\/option><option value=\"FM\">Mikron\u00e9zia<\/option><option value=\"MD\">Moldova<\/option><option value=\"MC\">Monaco<\/option><option value=\"MN\">Mong\u00f3lia<\/option><option value=\"ME\">Montenegr\u00f3<\/option><option value=\"MS\">Montserrat<\/option><option value=\"MA\">Marokk\u00f3<\/option><option value=\"MZ\">Mozambik<\/option><option value=\"MM\">Mianmar<\/option><option value=\"NA\">Nam\u00edbia<\/option><option value=\"NR\">Nauru<\/option><option value=\"NP\">Nep\u00e1l<\/option><option value=\"NL\">Hollandia<\/option><option value=\"NC\">\u00daj-Kaled\u00f3nia<\/option><option value=\"NZ\">\u00daj-Z\u00e9land<\/option><option value=\"NI\">Nicaragua<\/option><option value=\"NE\">Niger<\/option><option value=\"NG\">Nig\u00e9ria<\/option><option value=\"NU\">Niue<\/option><option value=\"NF\">Norfolk-sziget<\/option><option value=\"KP\">\u00c9szak-Korea<\/option><option value=\"MP\">\u00c9szaki-Mariana-szigetek<\/option><option value=\"NO\">Norv\u00e9gia<\/option><option value=\"OM\">Om\u00e1n<\/option><option value=\"PK\">Pakiszt\u00e1n<\/option><option value=\"PW\">Palau<\/option><option value=\"PS\">Palesztin Ter\u00fclet<\/option><option value=\"PA\">Panama<\/option><option value=\"PG\">P\u00e1pua \u00daj-Guinea<\/option><option value=\"PY\">Paraguay<\/option><option value=\"PE\">Peru<\/option><option value=\"PH\">F\u00fcl\u00f6p-szigetek<\/option><option value=\"PN\">Pitcairn<\/option><option value=\"PL\">Lengyelorsz\u00e1g<\/option><option value=\"PT\">Portug\u00e1lia<\/option><option value=\"PR\">Puerto Rico<\/option><option value=\"QA\">Katar<\/option><option value=\"CG\">Kong\u00f3i K\u00f6zt\u00e1rsas\u00e1g<\/option><option value=\"RE\">R\u00e9union<\/option><option value=\"RO\">Rom\u00e1nia<\/option><option value=\"RU\">Oroszorsz\u00e1g<\/option><option value=\"RW\">Ruanda<\/option><option value=\"BL\">Saint Barth\u00e9lemy<\/option><option value=\"SH\">Szent Ilona<\/option><option value=\"KN\">Saint Kitts \u00e9s Nevis<\/option><option value=\"LC\">Szent Lucia<\/option><option value=\"MF\">Szent M\u00e1rton<\/option><option value=\"PM\">Saint-Pierre \u00e9s Miquelon<\/option><option value=\"VC\">Saint Vincent \u00e9s a Grenadine-szigetek<\/option><option value=\"WS\">Szamoa<\/option><option value=\"SM\">San Marino<\/option><option value=\"ST\">S\u00e3o Tom\u00e9 \u00e9s Pr\u00edncipe<\/option><option value=\"SA\">Sza\u00fad-Ar\u00e1bia<\/option><option value=\"SN\">Szeneg\u00e1l<\/option><option value=\"RS\">Szerbia<\/option><option value=\"SC\">Seychelle-szigetek<\/option><option value=\"SL\">Sierra Leone<\/option><option value=\"SG\">Szingap\u00far<\/option><option value=\"SX\">Sint Maarten<\/option><option value=\"SK\">Szlov\u00e1kia<\/option><option value=\"SI\">Szlov\u00e9nia<\/option><option value=\"SB\">Salamon-szigetek<\/option><option value=\"SO\">Szom\u00e1lia<\/option><option value=\"ZA\">D\u00e9l-Afrika<\/option><option value=\"GS\">D\u00e9li-Georgia \u00e9s D\u00e9li-Sandwich-szigetek<\/option><option value=\"KR\">D\u00e9l-Korea<\/option><option value=\"SS\">D\u00e9l-Szud\u00e1n<\/option><option value=\"ES\">Spanyolorsz\u00e1g<\/option><option value=\"LK\">Sr\u00ed Lanka<\/option><option value=\"SD\">Szud\u00e1n<\/option><option value=\"SR\">Suriname<\/option><option value=\"SJ\">Svalbard \u00e9s Jan Mayen<\/option><option value=\"SZ\">Szv\u00e1zif\u00f6ld<\/option><option value=\"SE\">Sv\u00e9dorsz\u00e1g<\/option><option value=\"CH\">Sv\u00e1jc<\/option><option value=\"SY\">Sz\u00edria<\/option><option value=\"TW\">Tajvan<\/option><option value=\"TJ\">T\u00e1dzsikiszt\u00e1n<\/option><option value=\"TZ\">Tanz\u00e1nia<\/option><option value=\"TH\">Thaif\u00f6ld<\/option><option value=\"TG\">Togo<\/option><option value=\"TK\">Tokelau<\/option><option value=\"TO\">Tonga<\/option><option value=\"TT\">Trinidad \u00e9s Tobago<\/option><option value=\"TN\">Tun\u00e9zia<\/option><option value=\"TR\">T\u00f6r\u00f6korsz\u00e1g<\/option><option value=\"TM\">T\u00fcrkmeniszt\u00e1n<\/option><option value=\"TC\">Turks- \u00e9s Caicos-szigetek<\/option><option value=\"TV\">Tuvalu<\/option><option value=\"VI\">Amerikai Virgin-szigetek<\/option><option value=\"UG\">Uganda<\/option><option value=\"UA\">Ukrajna<\/option><option value=\"AE\">Egyes\u00fclt Arab Em\u00edrs\u00e9gek<\/option><option value=\"GB\">Egyes\u00fclt Kir\u00e1lys\u00e1g<\/option><option value=\"US\">Egyes\u00fclt \u00c1llamok<\/option><option value=\"UM\">Egyes\u00fclt \u00c1llamok k\u00fclv\u00e1rosi szigetei<\/option><option value=\"UY\">Uruguay<\/option><option value=\"UZ\">\u00dczbegiszt\u00e1n<\/option><option value=\"VU\">Vanuatu<\/option><option value=\"VA\">Vatik\u00e1n<\/option><option value=\"VE\">Venezuela<\/option><option value=\"VN\">Vietnam<\/option><option value=\"WF\">Wallis \u00e9s Futuna<\/option><option value=\"EH\">Nyugat-Szahara<\/option><option value=\"YE\">Jemen<\/option><option value=\"ZM\">Zambia<\/option><option value=\"ZW\">Zimbabwe<\/option>\n\t\t\t\t<\/select><\/li><li class=\"wppb-form-field wppb-phone\" id=\"wppb-form-element-7\">\n\t\t\t\t<label for=\"phone\">Telefon<span class=\"wppb-required\" title=\"This field is required\">*<\/span><\/label>\n\t\t\t\t<input data-phone-format=\"{&quot;phone_data&quot;:0}\" class=\"extra_field_phone\" name=\"phone\" maxlength=\"70\" type=\"text\" id=\"phone\" value=\"\" \/><\/li><li class=\"wppb-form-field wppb-default-e-mail\" id=\"wppb-form-element-8\">\n\t\t\t<label for=\"email\">Email<span class=\"wppb-required\" title=\"This field is required\">*<\/span><\/label>\n\t\t\t<input class=\"text-input default_field_email\" name=\"email\" maxlength=\"70\" type=\"email\" id=\"email\" value=\"\"   \/><\/li><li class=\"wppb-form-field wppb-default-password\" id=\"wppb-form-element-15\">\n\t\t\t<label for=\"passw1\">Jelsz\u00f3<span class=\"wppb-required\" title=\"This field is required\">*<\/span><\/label>\n            <span class=\"wppb-password-field-container\">\n\t\t\t    <input class=\"text-input\" name=\"passw1\" maxlength=\"70\" type=\"password\" id=\"passw1\" value=\"\" autocomplete=\"off\" \/>\n\t\t\t     <!-- add the HTML for the visibility toggle -->\n\t\t\t<\/span><span class=\"wppb-description-delimiter\">\u91cd\u590d\u65b0\u5bc6\u7801  <\/span><\/li><li class=\"wppb-form-field wppb-default-repeat-password\" id=\"wppb-form-element-16\">\n\t\t\t<label for=\"passw2\">Jelsz\u00f3 \u00fajra<\/label>\n\t\t\t<span class=\"wppb-password-field-container\">\n\t\t\t    <input class=\"text-input\" name=\"passw2\" maxlength=\"70\" type=\"password\" id=\"passw2\" value=\"\" autocomplete=\"off\" \/>\n\t\t\t     <!-- add the HTML for the visibility toggle -->\n\t\t\t<\/span><span class=\"wppb-description-delimiter\">\u518d\u8f93\u5165\u4e00\u904d\u65b0\u5bc6\u7801.<\/span><\/li><\/ul><ul><li class=\"wppb-form-field wppb-send-credentials-checkbox\"><label for=\"send_credentials_via_email\"><input id=\"send_credentials_via_email\" type=\"checkbox\" name=\"send_credentials_via_email\" value=\"sending\"\/>Send these credentials via email.<\/label><\/li><\/ul>\t\t\t<p class=\"form-submit\"  >\n\t\t\t\t                \t\t\t\t<input name=\"register\" type=\"submit\" id=\"register\" class=\"submit button\" value=\"Regisztr\u00e1ci\u00f3\" \/>\n                <input name=\"redirect_to\" type=\"hidden\" value=\"\" \/>\n                \t\t\t\t<input name=\"action\" type=\"hidden\" id=\"action\" value=\"register\" \/>\n\t\t\t\t<input name=\"form_name\" type=\"hidden\" id=\"form_name\" value=\"unspecified\" \/>\n\t\t\t\t<input name=\"form_id\" type=\"hidden\" id=\"form_id\" value=\"\" \/>\n\t\t\t\t\t\t\t<\/p><!-- .form-submit -->\n\t\t\t<input type=\"hidden\" id=\"register_unspecified_nonce_field\" name=\"register_unspecified_nonce_field\" value=\"7f649c8ab3\" \/><input type=\"hidden\" name=\"_wp_http_referer\" value=\"\/hu\/wp-json\/wp\/v2\/pages\/2926\" \/>\t\t<input type=\"hidden\" name=\"trp-form-language\" value=\"hu\"\/><\/form>\n\t\t<\/p>\t\t\t\t\t\t\t\t<\/div>\n\t\t\t\t<\/div>\n\t\t\t\t<div class=\"elementor-element elementor-element-9427073 elementor-widget__width-initial elementor-widget elementor-widget-shortcode\" data-id=\"9427073\" data-element_type=\"widget\" data-widget_type=\"shortcode.default\">\n\t\t\t\t<div class=\"elementor-widget-container\">\n\t\t\t\t\t\t\t<div class=\"elementor-shortcode\">[xyz-ips snippet=&quot;facebook-content&quot;]<\/div>\n\t\t\t\t\t\t<\/div>\n\t\t\t\t<\/div>\n\t\t\t\t<div class=\"elementor-element elementor-element-194ea39 elementor-widget elementor-widget-heading\" data-id=\"194ea39\" data-element_type=\"widget\" data-widget_type=\"heading.default\">\n\t\t\t\t<div class=\"elementor-widget-container\">\n\t\t\t\t\t<h5 class=\"elementor-heading-title elementor-size-default\">FI\u00d3KOT BIRTOKOLNI? BEL\u00c9P\u00c9S<\/h5>\t\t\t\t<\/div>\n\t\t\t\t<\/div>\n\t\t\t\t\t<\/div>\n\t\t\t\t<\/div>\n\t\t\t\t<\/div>","protected":false},"excerpt":{"rendered":"","protected":false},"author":1,"featured_media":0,"parent":0,"menu_order":0,"comment_status":"closed","ping_status":"closed","template":"","meta":{"footnotes":""},"class_list":["post-2926","page","type-page","status-publish","hentry"],"yoast_head":"<!-- This site is optimized with the Yoast SEO Premium plugin v22.8 (Yoast SEO v26.7) - https:\/\/yoast.com\/wordpress\/plugins\/seo\/ -->\n<title>Register - 1edo community<\/title>\n<meta name=\"description\" content=\"1edo community, Create an account and fill in the username, password, email and other fields to create your 1edo ID\" \/>\n<meta name=\"robots\" content=\"index, follow, max-snippet:-1, max-image-preview:large, max-video-preview:-1\" \/>\n<link rel=\"canonical\" href=\"https:\/\/community.1edo.com\/hu\/\u03ba\u03b1\u03bd\u03c9-\u03b5\u03b3\u03b3\u03c1\u03b1\u03c6\u03b7\/\" \/>\n<meta property=\"og:locale\" content=\"hu_HU\" \/>\n<meta property=\"og:type\" content=\"article\" \/>\n<meta property=\"og:title\" content=\"Register\" \/>\n<meta property=\"og:description\" content=\"1edo community, Create an account and fill in the username, password, email and other fields to create your 1edo ID\" \/>\n<meta property=\"og:url\" content=\"https:\/\/community.1edo.com\/hu\/\u03ba\u03b1\u03bd\u03c9-\u03b5\u03b3\u03b3\u03c1\u03b1\u03c6\u03b7\/\" \/>\n<meta property=\"og:site_name\" content=\"1edo community\" \/>\n<meta property=\"article:modified_time\" content=\"2026-01-14T07:35:45+00:00\" \/>\n<meta name=\"twitter:card\" content=\"summary_large_image\" \/>\n<meta name=\"twitter:label1\" content=\"Becs\u00fclt olvas\u00e1si id\u0151\" \/>\n\t<meta name=\"twitter:data1\" content=\"1 perc\" \/>\n<script type=\"application\/ld+json\" class=\"yoast-schema-graph\">{\"@context\":\"https:\/\/schema.org\",\"@graph\":[{\"@type\":\"WebPage\",\"@id\":\"https:\/\/community.1edo.com\/gr\/%ce%ba%ce%b1%ce%bd%cf%89-%ce%b5%ce%b3%ce%b3%cf%81%ce%b1%cf%86%ce%b7\/\",\"url\":\"https:\/\/community.1edo.com\/gr\/%ce%ba%ce%b1%ce%bd%cf%89-%ce%b5%ce%b3%ce%b3%cf%81%ce%b1%cf%86%ce%b7\/\",\"name\":\"Register - 1edo community\",\"isPartOf\":{\"@id\":\"https:\/\/community.1edo.com\/tr\/#website\"},\"datePublished\":\"2023-11-01T01:39:49+00:00\",\"dateModified\":\"2026-01-14T07:35:45+00:00\",\"description\":\"1edo community, Create an account and fill in the username, password, email and other fields to create your 1edo ID\",\"breadcrumb\":{\"@id\":\"https:\/\/community.1edo.com\/gr\/%ce%ba%ce%b1%ce%bd%cf%89-%ce%b5%ce%b3%ce%b3%cf%81%ce%b1%cf%86%ce%b7\/#breadcrumb\"},\"inLanguage\":\"hu\",\"potentialAction\":[{\"@type\":\"ReadAction\",\"target\":[\"https:\/\/community.1edo.com\/gr\/%ce%ba%ce%b1%ce%bd%cf%89-%ce%b5%ce%b3%ce%b3%cf%81%ce%b1%cf%86%ce%b7\/\"]}]},{\"@type\":\"BreadcrumbList\",\"@id\":\"https:\/\/community.1edo.com\/gr\/%ce%ba%ce%b1%ce%bd%cf%89-%ce%b5%ce%b3%ce%b3%cf%81%ce%b1%cf%86%ce%b7\/#breadcrumb\",\"itemListElement\":[{\"@type\":\"ListItem\",\"position\":1,\"name\":\"Home\",\"item\":\"https:\/\/community.1edo.com\/tr\/\"},{\"@type\":\"ListItem\",\"position\":2,\"name\":\"Register\"}]},{\"@type\":\"WebSite\",\"@id\":\"https:\/\/community.1edo.com\/tr\/#website\",\"url\":\"https:\/\/community.1edo.com\/tr\/\",\"name\":\"1edo community\",\"description\":\"1edo community\",\"potentialAction\":[{\"@type\":\"SearchAction\",\"target\":{\"@type\":\"EntryPoint\",\"urlTemplate\":\"https:\/\/community.1edo.com\/tr\/?s={search_term_string}\"},\"query-input\":{\"@type\":\"PropertyValueSpecification\",\"valueRequired\":true,\"valueName\":\"search_term_string\"}}],\"inLanguage\":\"hu\"}]}<\/script>\n<!-- \/ Yoast SEO Premium plugin. -->","yoast_head_json":{"title":"Regisztr\u00e1ci\u00f3 - 1edo k\u00f6z\u00f6ss\u00e9g","description":"1edo k\u00f6z\u00f6ss\u00e9g, hozzon l\u00e9tre egy fi\u00f3kot, \u00e9s t\u00f6ltse ki a felhaszn\u00e1l\u00f3nevet, jelsz\u00f3t, e-mail c\u00edmet \u00e9s egy\u00e9b mez\u0151ket az 1edo azonos\u00edt\u00f3 l\u00e9trehoz\u00e1s\u00e1hoz","robots":{"index":"index","follow":"follow","max-snippet":"max-snippet:-1","max-image-preview":"max-image-preview:large","max-video-preview":"max-video-preview:-1"},"canonical":"https:\/\/community.1edo.com\/hu\/\u03ba\u03b1\u03bd\u03c9-\u03b5\u03b3\u03b3\u03c1\u03b1\u03c6\u03b7\/","og_locale":"hu_HU","og_type":"article","og_title":"Register","og_description":"1edo community, Create an account and fill in the username, password, email and other fields to create your 1edo ID","og_url":"https:\/\/community.1edo.com\/hu\/\u03ba\u03b1\u03bd\u03c9-\u03b5\u03b3\u03b3\u03c1\u03b1\u03c6\u03b7\/","og_site_name":"1edo community","article_modified_time":"2026-01-14T07:35:45+00:00","twitter_card":"summary_large_image","twitter_misc":{"Becs\u00fclt olvas\u00e1si id\u0151":"1 perc"},"schema":{"@context":"https:\/\/schema.org","@graph":[{"@type":"WebPage","@id":"https:\/\/community.1edo.com\/gr\/%ce%ba%ce%b1%ce%bd%cf%89-%ce%b5%ce%b3%ce%b3%cf%81%ce%b1%cf%86%ce%b7\/","url":"https:\/\/community.1edo.com\/gr\/%ce%ba%ce%b1%ce%bd%cf%89-%ce%b5%ce%b3%ce%b3%cf%81%ce%b1%cf%86%ce%b7\/","name":"Regisztr\u00e1ci\u00f3 - 1edo k\u00f6z\u00f6ss\u00e9g","isPartOf":{"@id":"https:\/\/community.1edo.com\/tr\/#website"},"datePublished":"2023-11-01T01:39:49+00:00","dateModified":"2026-01-14T07:35:45+00:00","description":"1edo k\u00f6z\u00f6ss\u00e9g, hozzon l\u00e9tre egy fi\u00f3kot, \u00e9s t\u00f6ltse ki a felhaszn\u00e1l\u00f3nevet, jelsz\u00f3t, e-mail c\u00edmet \u00e9s egy\u00e9b mez\u0151ket az 1edo azonos\u00edt\u00f3 l\u00e9trehoz\u00e1s\u00e1hoz","breadcrumb":{"@id":"https:\/\/community.1edo.com\/gr\/%ce%ba%ce%b1%ce%bd%cf%89-%ce%b5%ce%b3%ce%b3%cf%81%ce%b1%cf%86%ce%b7\/#breadcrumb"},"inLanguage":"hu","potentialAction":[{"@type":"ReadAction","target":["https:\/\/community.1edo.com\/gr\/%ce%ba%ce%b1%ce%bd%cf%89-%ce%b5%ce%b3%ce%b3%cf%81%ce%b1%cf%86%ce%b7\/"]}]},{"@type":"BreadcrumbList","@id":"https:\/\/community.1edo.com\/gr\/%ce%ba%ce%b1%ce%bd%cf%89-%ce%b5%ce%b3%ce%b3%cf%81%ce%b1%cf%86%ce%b7\/#breadcrumb","itemListElement":[{"@type":"ListItem","position":1,"name":"Home","item":"https:\/\/community.1edo.com\/tr\/"},{"@type":"ListItem","position":2,"name":"Register"}]},{"@type":"WebSite","@id":"https:\/\/community.1edo.com\/tr\/#website","url":"https:\/\/community.1edo.com\/tr\/","name":"1edo k\u00f6z\u00f6ss\u00e9g","description":"1edo k\u00f6z\u00f6ss\u00e9g","potentialAction":[{"@type":"SearchAction","target":{"@type":"EntryPoint","urlTemplate":"https:\/\/community.1edo.com\/tr\/?s={search_term_string}"},"query-input":{"@type":"PropertyValueSpecification","valueRequired":true,"valueName":"search_term_string"}}],"inLanguage":"hu"}]}},"_links":{"self":[{"href":"https:\/\/community.1edo.com\/hu\/wp-json\/wp\/v2\/pages\/2926","targetHints":{"allow":["GET"]}}],"collection":[{"href":"https:\/\/community.1edo.com\/hu\/wp-json\/wp\/v2\/pages"}],"about":[{"href":"https:\/\/community.1edo.com\/hu\/wp-json\/wp\/v2\/types\/page"}],"author":[{"embeddable":true,"href":"https:\/\/community.1edo.com\/hu\/wp-json\/wp\/v2\/users\/1"}],"replies":[{"embeddable":true,"href":"https:\/\/community.1edo.com\/hu\/wp-json\/wp\/v2\/comments?post=2926"}],"version-history":[{"count":0,"href":"https:\/\/community.1edo.com\/hu\/wp-json\/wp\/v2\/pages\/2926\/revisions"}],"wp:attachment":[{"href":"https:\/\/community.1edo.com\/hu\/wp-json\/wp\/v2\/media?parent=2926"}],"curies":[{"name":"munkaf\u00fczet","href":"https:\/\/api.w.org\/{rel}","templated":true}]}}