{"id":6497,"date":"2024-02-22T06:04:25","date_gmt":"2024-02-22T06:04:25","guid":{"rendered":"https:\/\/community.1edo.com\/?page_id=6497"},"modified":"2026-01-15T10:49:13","modified_gmt":"2026-01-15T02:49:13","slug":"authors-all","status":"publish","type":"page","link":"https:\/\/community.1edo.com\/dk\/authors-all\/","title":{"rendered":"forfattere - alle"},"content":{"rendered":"<div data-elementor-type=\"wp-page\" data-elementor-id=\"6497\" class=\"elementor elementor-6497\" data-elementor-post-type=\"page\">\n\t\t\t\t<div class=\"elementor-element elementor-element-75611ad e-flex e-con-boxed e-con e-parent\" data-id=\"75611ad\" data-element_type=\"container\">\n\t\t\t\t\t<div class=\"e-con-inner\">\n\t\t\t\t<div class=\"elementor-element elementor-element-02e97c4 elementor-widget elementor-widget-shortcode\" data-id=\"02e97c4\" data-element_type=\"widget\" data-widget_type=\"shortcode.default\">\n\t\t\t\t<div class=\"elementor-widget-container\">\n\t\t\t\t\t\t\t<div class=\"elementor-shortcode\"><div class=\"blog_sel_wap\">    <div class=\"cremb_title\">Hjem \/ F\u00e6llesskab \/ F\u00e6llesskab<\/div>\r\n    <div class=\"top_txt\">\r\n         <h1>Velkommen til 1edo-f\u00e6llesskabet<\/h1>\r\n        <div class=\"search_text\">Forbind og engager dig i vores f\u00e6llesskab for at f\u00e5 svar, diskutere bedste praksis og l\u00f8bende l\u00e6re mere om 1edo-l\u00f8sninger.<\/div>\r\n           <input id=\"bkeys\" type=\"text\" \/>\r\n          <span id=\"sel_bkey\"> <img decoding=\"async\" src=\"\/wp-content\/uploads\/product_info_imgs\/blog_sel.png\" alt=\"blog_sel\"\/> <\/span>\r\n       <\/div>\r\n     <div class=\"sel_bottom\">\r\n     <ul>\r\n         <li><img decoding=\"async\" src=\"\/wp-content\/uploads\/product_info_imgs\/se01.png\" alt=\"Posts\"><\/li><li>  11 indl\u00e6g<\/li>\r\n     <li><img decoding=\"async\" src=\"\/wp-content\/uploads\/product_info_imgs\/se02.png\" alt=\"Members\"><\/li><li>  13 medlemmer<\/li>\r\n     <li><img decoding=\"async\" src=\"\/wp-content\/uploads\/product_info_imgs\/se03.png\" alt=\"Online\"><\/li><li>13 Online<\/li>\r\n    <\/ul>\r\n    <\/div>\r\n<\/div>\r\n\r\n  <script src=\"\/wp-content\/uploads\/product_info_imgs\/jquery-3.2.1.min.js\"><\/script>\r\n  <script type=\"text\/javascript\">\r\n             $(document).ready(function() {\r\n              \/\/\u4e0b\u62c9\u7b5b\u9009-\u8ba2\u5355\u9875\r\n               $('#sel_bkey img').click(function() {\r\n                        var url = \"\/?bkey=\"+$(\"#bkeys\").val();\r\n                        if (url != '') {\r\n                            window.location.href = url;\r\n                        }\r\n                    });\r\n                });\r\n<\/script><\/div>\n\t\t\t\t\t\t<\/div>\n\t\t\t\t<\/div>\n\t\t\t\t\t<\/div>\n\t\t\t\t<\/div>\n\t\t<div class=\"elementor-element elementor-element-cba2a08 e-flex e-con-boxed e-con e-parent\" data-id=\"cba2a08\" data-element_type=\"container\" data-settings=\"{&quot;background_background&quot;:&quot;classic&quot;}\">\n\t\t\t\t\t<div class=\"e-con-inner\">\n\t\t\t\t<div class=\"elementor-element elementor-element-ac1f22b elementor-widget elementor-widget-shortcode\" data-id=\"ac1f22b\" data-element_type=\"widget\" data-widget_type=\"shortcode.default\">\n\t\t\t\t<div class=\"elementor-widget-container\">\n\t\t\t\t\t\t\t<div class=\"elementor-shortcode\"><div id=\"author_wap\">\r\n<div class=\"top_info\">\r\n  <span class=\"first\"><h2>\r\n\t  Forfattere\r\n\t  <\/h2><\/span>\r\n  <span class=\"two\" style=\"display:none\">Indl\u00e6g<\/span>   \r\n<\/div>\r\n\r\n<!--\r\n<div class=\"top_rel\"> \r\n<ul>\r\n<li class=\"first\">Time Range :<\/li>\r\n<li>Last Day (24 Hours)<\/li>\r\n<li>Last Week (7 Days)<\/li>\r\n<li> Last Month (30 Days)<\/li>\r\n<li> Last 3 Months<\/li> \r\n<li>Last 6 Months<\/li>\r\n<li>Last Year<\/li>\r\n<li>All Time<\/li>\r\n <\/ul> \r\n<div>  -->\r\n\r\n<h2> Bedste rosende forfattere i &#039;1edo Community&#039;  <\/h2>\r\n\r\n<div class=\"athor_content\">\r\n       <ul>\r\n     <li class=\"first\">1 <\/li>\r\n    <li class=\"two\">\r\n        \u00a0 \u00a0 \u00a0 \u00a0<img decoding=\"async\" src=\"\/wp-content\/uploads\/athorPhoto\/photo.png\" alt=\"photo\" width=\"55\" height=\"55\" title=\"\"> \r\n            <\/li>\r\n    <li class=\"three\">admin <\/li>\r\n    <li class=\"last\"> <img decoding=\"async\" src=\"\/wp-content\/uploads\/product_info_imgs\/links.png\" alt=\"links\"> 0 <\/li>\r\n    <\/ul>\r\n         <ul>\r\n     <li class=\"first\">2 <\/li>\r\n    <li class=\"two\">\r\n        \u00a0 \u00a0 \u00a0 \u00a0<img decoding=\"async\" src=\"\/wp-content\/uploads\/athorPhoto\/photo.png\" alt=\"photo\" width=\"55\" height=\"55\" title=\"\"> \r\n            <\/li>\r\n    <li class=\"three\">1edo_zhc <\/li>\r\n    <li class=\"last\"> <img decoding=\"async\" src=\"\/wp-content\/uploads\/product_info_imgs\/links.png\" alt=\"links\"> 0 <\/li>\r\n    <\/ul>\r\n         <ul>\r\n     <li class=\"first\">3 <\/li>\r\n    <li class=\"two\">\r\n        \u00a0 \u00a0 \u00a0 \u00a0<img decoding=\"async\" src=\"\/wp-content\/uploads\/athorPhoto\/photo.png\" alt=\"photo\" width=\"55\" height=\"55\" title=\"\"> \r\n            <\/li>\r\n    <li class=\"three\">zhhc1 <\/li>\r\n    <li class=\"last\"> <img decoding=\"async\" src=\"\/wp-content\/uploads\/product_info_imgs\/links.png\" alt=\"links\"> 0 <\/li>\r\n    <\/ul>\r\n         <ul>\r\n     <li class=\"first\">4 <\/li>\r\n    <li class=\"two\">\r\n        \u00a0 \u00a0 \u00a0 \u00a0<img decoding=\"async\" src=\"\/wp-content\/uploads\/athorPhoto\/photo.png\" alt=\"photo\" width=\"55\" height=\"55\" title=\"\"> \r\n            <\/li>\r\n    <li class=\"three\">zhhc2 <\/li>\r\n    <li class=\"last\"> <img decoding=\"async\" src=\"\/wp-content\/uploads\/product_info_imgs\/links.png\" alt=\"links\"> 0 <\/li>\r\n    <\/ul>\r\n         <ul>\r\n     <li class=\"first\">5 <\/li>\r\n    <li class=\"two\">\r\n        \u00a0 \u00a0 \u00a0 \u00a0<img decoding=\"async\" src=\"\/wp-content\/uploads\/athorPhoto\/photo.png\" alt=\"photo\" width=\"55\" height=\"55\" title=\"\"> \r\n            <\/li>\r\n    <li class=\"three\">uwrsjo-ttjdccj <\/li>\r\n    <li class=\"last\"> <img decoding=\"async\" src=\"\/wp-content\/uploads\/product_info_imgs\/links.png\" alt=\"links\"> 0 <\/li>\r\n    <\/ul>\r\n         <ul>\r\n     <li class=\"first\">6 <\/li>\r\n    <li class=\"two\">\r\n        \u00a0 \u00a0 \u00a0 \u00a0<img decoding=\"async\" src=\"\/wp-content\/uploads\/athorPhoto\/photo.png\" alt=\"photo\" width=\"55\" height=\"55\" title=\"\"> \r\n            <\/li>\r\n    <li class=\"three\">xingxdd <\/li>\r\n    <li class=\"last\"> <img decoding=\"async\" src=\"\/wp-content\/uploads\/product_info_imgs\/links.png\" alt=\"links\"> 0 <\/li>\r\n    <\/ul>\r\n         <ul>\r\n     <li class=\"first\">7 <\/li>\r\n    <li class=\"two\">\r\n        \u00a0 \u00a0 \u00a0 \u00a0<img decoding=\"async\" src=\"\/wp-content\/uploads\/athorPhoto\/photo.png\" alt=\"photo\" width=\"55\" height=\"55\" title=\"\"> \r\n            <\/li>\r\n    <li class=\"three\">1edo2024 <\/li>\r\n    <li class=\"last\"> <img decoding=\"async\" src=\"\/wp-content\/uploads\/product_info_imgs\/links.png\" alt=\"links\"> 0 <\/li>\r\n    <\/ul>\r\n         <ul>\r\n     <li class=\"first\">8 <\/li>\r\n    <li class=\"two\">\r\n        \u00a0 \u00a0 \u00a0 \u00a0<img decoding=\"async\" src=\"\/wp-content\/uploads\/athorPhoto\/photo.png\" alt=\"photo\" width=\"55\" height=\"55\" title=\"\"> \r\n            <\/li>\r\n    <li class=\"three\">1edo2025 <\/li>\r\n    <li class=\"last\"> <img decoding=\"async\" src=\"\/wp-content\/uploads\/product_info_imgs\/links.png\" alt=\"links\"> 0 <\/li>\r\n    <\/ul>\r\n         <ul>\r\n     <li class=\"first\">9 <\/li>\r\n    <li class=\"two\">\r\n        \u00a0 \u00a0 \u00a0 \u00a0<img decoding=\"async\" src=\"\/wp-content\/uploads\/athorPhoto\/photo.png\" alt=\"photo\" width=\"55\" height=\"55\" title=\"\"> \r\n            <\/li>\r\n    <li class=\"three\">1edo2026 <\/li>\r\n    <li class=\"last\"> <img decoding=\"async\" src=\"\/wp-content\/uploads\/product_info_imgs\/links.png\" alt=\"links\"> 0 <\/li>\r\n    <\/ul>\r\n         <ul>\r\n     <li class=\"first\">10 <\/li>\r\n    <li class=\"two\">\r\n        \u00a0 \u00a0 \u00a0 \u00a0<img decoding=\"async\" src=\"\/wp-content\/uploads\/athorPhoto\/photo.png\" alt=\"photo\" width=\"55\" height=\"55\" title=\"\"> \r\n            <\/li>\r\n    <li class=\"three\">brugernavn <\/li>\r\n    <li class=\"last\"> <img decoding=\"async\" src=\"\/wp-content\/uploads\/product_info_imgs\/links.png\" alt=\"links\"> 0 <\/li>\r\n    <\/ul>\r\n         <ul>\r\n     <li class=\"first\">11 <\/li>\r\n    <li class=\"two\">\r\n        \u00a0 \u00a0 \u00a0 \u00a0<img decoding=\"async\" src=\"\/wp-content\/uploads\/athorPhoto\/photo.png\" alt=\"photo\" width=\"55\" height=\"55\" title=\"\"> \r\n            <\/li>\r\n    <li class=\"three\">smileymeng5gmail-com <\/li>\r\n    <li class=\"last\"> <img decoding=\"async\" src=\"\/wp-content\/uploads\/product_info_imgs\/links.png\" alt=\"links\"> 0 <\/li>\r\n    <\/ul>\r\n         <ul>\r\n     <li class=\"first\">12 <\/li>\r\n    <li class=\"two\">\r\n        \u00a0 \u00a0 \u00a0 \u00a0<img decoding=\"async\" src=\"\/wp-content\/uploads\/athorPhoto\/photo.png\" alt=\"photo\" width=\"55\" height=\"55\" title=\"\"> \r\n            <\/li>\r\n    <li class=\"three\">ruofan1001gmail-com <\/li>\r\n    <li class=\"last\"> <img decoding=\"async\" src=\"\/wp-content\/uploads\/product_info_imgs\/links.png\" alt=\"links\"> 0 <\/li>\r\n    <\/ul>\r\n         <ul>\r\n     <li class=\"first\">13 <\/li>\r\n    <li class=\"two\">\r\n        \u00a0 \u00a0 \u00a0 \u00a0<img decoding=\"async\" src=\"\/wp-content\/uploads\/athorPhoto\/photo.png\" alt=\"photo\" width=\"55\" height=\"55\" title=\"\"> \r\n            <\/li>\r\n    <li class=\"three\">1edo_soft <\/li>\r\n    <li class=\"last\"> <img decoding=\"async\" src=\"\/wp-content\/uploads\/product_info_imgs\/links.png\" alt=\"links\"> 0 <\/li>\r\n    <\/ul>\r\n     <\/div>\r\n\r\n <!--page start-->\r\n  <div class=\"page_wap\">\r\n    <span class=\"first_page\"> <a href=\"\/dk\/authors-all\/?pages=1\" > Forside <\/a> <\/span>\r\n      <\/div>\r\n<!-- page end -->\r\n\r\n<\/div><\/div>\n\t\t\t\t\t\t<\/div>\n\t\t\t\t<\/div>\n\t\t\t\t\t<\/div>\n\t\t\t\t<\/div>\n\t\t<div class=\"elementor-element elementor-element-d8cb018 e-flex e-con-boxed e-con e-parent\" data-id=\"d8cb018\" data-element_type=\"container\">\n\t\t\t\t\t<div class=\"e-con-inner\">\n\t\t\t\t<div class=\"elementor-element elementor-element-d5d450f elementor-widget elementor-widget-shortcode\" data-id=\"d5d450f\" data-element_type=\"widget\" data-widget_type=\"shortcode.default\">\n\t\t\t\t<div class=\"elementor-widget-container\">\n\t\t\t\t\t\t\t<div class=\"elementor-shortcode\"><div class=\"community_wap_last  container\">\r\n<div class=\"community_bottom\">\r\n     <h2>F\u00e6llesskabsressourcer<\/h2>\r\n     <p>Disse materialer vil hj\u00e6lpe dig med at deltage og forbinde dig med andre medlemmer<\/p>\r\n     \r\n     <div class=\"main\">\r\n           <div class=\"image\"><img decoding=\"async\" src=\"\/wp-content\/uploads\/product_info_imgs\/bb01.png\" alt=\"bb01\"><\/div>\r\n           <div class=\"info\">\r\n                  <h3>Regler for engagement<\/h3>\r\n                   <div class=\"community_content\">1edo Community-deltagere b\u00f8r v\u00e6re respektfulde, st\u00f8ttende og professionelle. L\u00e6r de regler at kende, som alle medlemmer b\u00f8r f\u00f8lge, samt de handlinger, der kan f\u00f8re til fjernelse af et medlems indhold.<\/div>\r\n           <\/div>\r\n     <\/div>\r\n\r\n    <div class=\"main\">\r\n           <div class=\"image\"><img decoding=\"async\" src=\"\/wp-content\/uploads\/product_info_imgs\/bb02.png\" alt=\"bb02\"><\/div>\r\n           <div class=\"info\">\r\n                  <h3>1edo Community Tutorial<\/h3>\r\n                   <div class=\"community_content\">Selvstudiet Tour the Community giver v\u00e6rdifuld indsigt i at navigere og deltage i f\u00e6llesskabet og d\u00e6kker alt fra det grundl\u00e6ggende til blogging.<\/div>\r\n           <\/div>\r\n     <\/div>\r\n\r\n <div class=\"main\">\r\n           <div class=\"image\"><img decoding=\"async\" src=\"\/wp-content\/uploads\/product_info_imgs\/bb03.png\" alt=\"bb03\"><\/div>\r\n           <div class=\"info\">\r\n                  <h3>1edo Community Team og Moderering<\/h3>\r\n                   <div class=\"community_content\">1edo Community Team og moderation 1edo Community teamet er klar til at besvare dine sp\u00f8rgsm\u00e5l om vores platform. Vores team inkluderer moderatorer, der sikrer, at 1edo Community forbliver en professionel kilde til information, der hj\u00e6lper med at m\u00e6gle konflikter relateret til moderationsaktiviteter.<\/div>\r\n           <\/div>\r\n     <\/div>\r\n\r\n <div class=\"main\">\r\n           <div class=\"image\"><img decoding=\"async\" src=\"\/wp-content\/uploads\/product_info_imgs\/bb01.png\" alt=\"bb01\"><\/div>\r\n           <div class=\"info\">\r\n                  <h3>1edo Community Voice<\/h3>\r\n                   <div class=\"community_content\">1edo Community Voice er et nyhedsbrev to gange om m\u00e5neden, der fremh\u00e6ver det bedste fra 1EDO Community-indhold, herunder blogindl\u00e6g, diskussioner, nyhedsfunktioner, selvstudier, begivenheder og mere. Abonner i dag!<\/div>\r\n           <\/div>\r\n     <\/div>\r\n\r\n <div class=\"main\">\r\n           <div class=\"image\"><img decoding=\"async\" src=\"\/wp-content\/uploads\/product_info_imgs\/bb02.png\" alt=\"bb02\"><\/div>\r\n           <div class=\"info\">\r\n                  <h3>Privatliv \u2013 ofte stillede sp\u00f8rgsm\u00e5l<\/h3>\r\n                   <div class=\"community_content\">F\u00e5 svar p\u00e5 ofte stillede sp\u00f8rgsm\u00e5l om profilbeskyttelse, s\u00e5 du kan l\u00e6re, hvordan du f\u00e5r mest muligt ud af din 1edo Community-oplevelse.<\/div>\r\n           <\/div>\r\n     <\/div>\r\n\r\n <div class=\"main\">\r\n           <div class=\"image\"><img decoding=\"async\" src=\"\/wp-content\/uploads\/product_info_imgs\/bb03.png\" alt=\"bb03\"><\/div>\r\n           <div class=\"info\">\r\n                  <h3>M\u00e5nedlige aktive modtagere if\u00f8lge DSA<\/h3>\r\n                   <div class=\"community_content\">Se de gennemsnitlige m\u00e5nedlige aktive modtagere af tjenesten i Unionen (gennemsnit over de seneste seks m\u00e5neder) i henhold til artikel 24, stk. 2, i Europa-Parlamentets og R\u00e5dets forordning (EU) 2022\/2065 af 19. oktober 2022 om et indre marked for digitale tjenester og \u00e6ndring af direktiv 2000\/31\/EF (Digital Ser-<\/div>\r\n           <\/div>\r\n     <\/div>\r\n\r\n<\/div>\r\n<\/div><\/div>\n\t\t\t\t\t\t<\/div>\n\t\t\t\t<\/div>\n\t\t\t\t\t<\/div>\n\t\t\t\t<\/div>\n\t\t\t\t<\/div>","protected":false},"excerpt":{"rendered":"","protected":false},"author":1,"featured_media":0,"parent":0,"menu_order":0,"comment_status":"closed","ping_status":"closed","template":"elementor_header_footer","meta":{"footnotes":""},"class_list":["post-6497","page","type-page","status-publish","hentry"],"yoast_head":"<!-- This site is optimized with the Yoast SEO Premium plugin v22.8 (Yoast SEO v26.7) - https:\/\/yoast.com\/wordpress\/plugins\/seo\/ -->\n<title>authors-all - 1edo community<\/title>\n<meta name=\"description\" content=\"Collection of all authors, total number of posts, and ranking list of total number of replies\" \/>\n<meta name=\"robots\" content=\"index, follow, max-snippet:-1, max-image-preview:large, max-video-preview:-1\" \/>\n<link rel=\"canonical\" href=\"https:\/\/community.1edo.com\/dk\/authors-all\/\" \/>\n<meta property=\"og:locale\" content=\"da_DK\" \/>\n<meta property=\"og:type\" content=\"article\" \/>\n<meta property=\"og:title\" content=\"authors-all\" \/>\n<meta property=\"og:description\" content=\"Collection of all authors, total number of posts, and ranking list of total number of replies\" \/>\n<meta property=\"og:url\" content=\"https:\/\/community.1edo.com\/dk\/authors-all\/\" \/>\n<meta property=\"og:site_name\" content=\"1edo community\" \/>\n<meta property=\"article:modified_time\" content=\"2026-01-15T02:49:13+00:00\" \/>\n<meta name=\"twitter:card\" content=\"summary_large_image\" \/>\n<script type=\"application\/ld+json\" class=\"yoast-schema-graph\">{\"@context\":\"https:\/\/schema.org\",\"@graph\":[{\"@type\":\"WebPage\",\"@id\":\"https:\/\/community.1edo.com\/fr\/authors-all\/\",\"url\":\"https:\/\/community.1edo.com\/fr\/authors-all\/\",\"name\":\"authors-all - 1edo community\",\"isPartOf\":{\"@id\":\"https:\/\/community.1edo.com\/cz\/#website\"},\"datePublished\":\"2024-02-22T06:04:25+00:00\",\"dateModified\":\"2026-01-15T02:49:13+00:00\",\"description\":\"Collection of all authors, total number of posts, and ranking list of total number of replies\",\"breadcrumb\":{\"@id\":\"https:\/\/community.1edo.com\/fr\/authors-all\/#breadcrumb\"},\"inLanguage\":\"da-DK\",\"potentialAction\":[{\"@type\":\"ReadAction\",\"target\":[\"https:\/\/community.1edo.com\/fr\/authors-all\/\"]}]},{\"@type\":\"BreadcrumbList\",\"@id\":\"https:\/\/community.1edo.com\/fr\/authors-all\/#breadcrumb\",\"itemListElement\":[{\"@type\":\"ListItem\",\"position\":1,\"name\":\"Home\",\"item\":\"https:\/\/community.1edo.com\/th\/\"},{\"@type\":\"ListItem\",\"position\":2,\"name\":\"authors-all\"}]},{\"@type\":\"WebSite\",\"@id\":\"https:\/\/community.1edo.com\/cz\/#website\",\"url\":\"https:\/\/community.1edo.com\/cz\/\",\"name\":\"1edo community\",\"description\":\"1edo community\",\"potentialAction\":[{\"@type\":\"SearchAction\",\"target\":{\"@type\":\"EntryPoint\",\"urlTemplate\":\"https:\/\/community.1edo.com\/cz\/?s={search_term_string}\"},\"query-input\":{\"@type\":\"PropertyValueSpecification\",\"valueRequired\":true,\"valueName\":\"search_term_string\"}}],\"inLanguage\":\"da-DK\"}]}<\/script>\n<!-- \/ Yoast SEO Premium plugin. -->","yoast_head_json":{"title":"forfattere-alle - 1edo-f\u00e6llesskabet","description":"Samling af alle forfattere, samlet antal indl\u00e6g og rangliste over det samlede antal svar","robots":{"index":"index","follow":"follow","max-snippet":"max-snippet:-1","max-image-preview":"max-image-preview:large","max-video-preview":"max-video-preview:-1"},"canonical":"https:\/\/community.1edo.com\/dk\/authors-all\/","og_locale":"da_DK","og_type":"article","og_title":"authors-all","og_description":"Collection of all authors, total number of posts, and ranking list of total number of replies","og_url":"https:\/\/community.1edo.com\/dk\/authors-all\/","og_site_name":"1edo community","article_modified_time":"2026-01-15T02:49:13+00:00","twitter_card":"summary_large_image","schema":{"@context":"https:\/\/schema.org","@graph":[{"@type":"WebPage","@id":"https:\/\/community.1edo.com\/fr\/authors-all\/","url":"https:\/\/community.1edo.com\/fr\/authors-all\/","name":"forfattere-alle - 1edo-f\u00e6llesskabet","isPartOf":{"@id":"https:\/\/community.1edo.com\/cz\/#website"},"datePublished":"2024-02-22T06:04:25+00:00","dateModified":"2026-01-15T02:49:13+00:00","description":"Samling af alle forfattere, samlet antal indl\u00e6g og rangliste over det samlede antal svar","breadcrumb":{"@id":"https:\/\/community.1edo.com\/fr\/authors-all\/#breadcrumb"},"inLanguage":"da-DK","potentialAction":[{"@type":"ReadAction","target":["https:\/\/community.1edo.com\/fr\/authors-all\/"]}]},{"@type":"BreadcrumbList","@id":"https:\/\/community.1edo.com\/fr\/authors-all\/#breadcrumb","itemListElement":[{"@type":"ListItem","position":1,"name":"Home","item":"https:\/\/community.1edo.com\/th\/"},{"@type":"ListItem","position":2,"name":"authors-all"}]},{"@type":"WebSite","@id":"https:\/\/community.1edo.com\/cz\/#website","url":"https:\/\/community.1edo.com\/cz\/","name":"1edo f\u00e6llesskab","description":"1edo f\u00e6llesskab","potentialAction":[{"@type":"SearchAction","target":{"@type":"EntryPoint","urlTemplate":"https:\/\/community.1edo.com\/cz\/?s={search_term_string}"},"query-input":{"@type":"PropertyValueSpecification","valueRequired":true,"valueName":"search_term_string"}}],"inLanguage":"da-DK"}]}},"_links":{"self":[{"href":"https:\/\/community.1edo.com\/dk\/wp-json\/wp\/v2\/pages\/6497","targetHints":{"allow":["GET"]}}],"collection":[{"href":"https:\/\/community.1edo.com\/dk\/wp-json\/wp\/v2\/pages"}],"about":[{"href":"https:\/\/community.1edo.com\/dk\/wp-json\/wp\/v2\/types\/page"}],"author":[{"embeddable":true,"href":"https:\/\/community.1edo.com\/dk\/wp-json\/wp\/v2\/users\/1"}],"replies":[{"embeddable":true,"href":"https:\/\/community.1edo.com\/dk\/wp-json\/wp\/v2\/comments?post=6497"}],"version-history":[{"count":0,"href":"https:\/\/community.1edo.com\/dk\/wp-json\/wp\/v2\/pages\/6497\/revisions"}],"wp:attachment":[{"href":"https:\/\/community.1edo.com\/dk\/wp-json\/wp\/v2\/media?parent=6497"}],"curies":[{"name":"wp","href":"https:\/\/api.w.org\/{rel}","templated":true}]}}