{"id":2926,"date":"2023-11-01T01:39:49","date_gmt":"2023-11-01T01:39:49","guid":{"rendered":"https:\/\/community.1edo.com\/register\/"},"modified":"2026-01-14T15:35:45","modified_gmt":"2026-01-14T07:35:45","slug":"register","status":"publish","type":"page","link":"https:\/\/community.1edo.com\/dk\/register\/","title":{"rendered":"Tilmeld"},"content":{"rendered":"<div data-elementor-type=\"wp-page\" data-elementor-id=\"2926\" class=\"elementor elementor-2926\" data-elementor-post-type=\"page\">\n\t\t\t\t<div class=\"elementor-element elementor-element-9088323 e-flex e-con-boxed e-con e-parent\" data-id=\"9088323\" data-element_type=\"container\">\n\t\t\t\t\t<div class=\"e-con-inner\">\n\t\t<div class=\"elementor-element elementor-element-45dfdc0 e-con-full e-flex e-con e-child\" data-id=\"45dfdc0\" data-element_type=\"container\" data-settings=\"{&quot;background_background&quot;:&quot;classic&quot;}\">\n\t\t\t\t<\/div>\n\t\t\t\t<div class=\"elementor-element elementor-element-763ea91 elementor-widget elementor-widget-heading\" data-id=\"763ea91\" data-element_type=\"widget\" data-widget_type=\"heading.default\">\n\t\t\t\t<div class=\"elementor-widget-container\">\n\t\t\t\t\t<h1 class=\"elementor-heading-title elementor-size-default\">OPRET EN KONTO<\/h1>\t\t\t\t<\/div>\n\t\t\t\t<\/div>\n\t\t\t\t<div class=\"elementor-element elementor-element-f2f8885 elementor-widget elementor-widget-heading\" data-id=\"f2f8885\" data-element_type=\"widget\" data-widget_type=\"heading.default\">\n\t\t\t\t<div class=\"elementor-widget-container\">\n\t\t\t\t\t<h6 class=\"elementor-heading-title elementor-size-default\">Udfyld alle felter for at oprette dit 1edo ID.<\/h6>\t\t\t\t<\/div>\n\t\t\t\t<\/div>\n\t\t\t\t\t<\/div>\n\t\t\t\t<\/div>\n\t\t<div class=\"elementor-element elementor-element-2db14988 e-flex e-con-boxed e-con e-parent\" data-id=\"2db14988\" data-element_type=\"container\">\n\t\t\t\t\t<div class=\"e-con-inner\">\n\t\t\t\t<div class=\"elementor-element elementor-element-df16b68 elementor-widget elementor-widget-text-editor\" data-id=\"df16b68\" data-element_type=\"widget\" data-widget_type=\"text-editor.default\">\n\t\t\t\t<div class=\"elementor-widget-container\">\n\t\t\t\t\t<p class=\"alert wppb-error\" id=\"wppb_form_general_message\">Rollen for den oprettede bruger er angivet til standardrollen. Det er kun en administrator, der kan registrere en bruger med den rolle, der er tildelt denne form.<\/p>\t\t\t\t<p>        <form enctype=\"multipart\/form-data\" method=\"post\" id=\"wppb-register-user\" class=\"wppb-user-forms wppb-register-user wppb-user-logged-out\" action=\"https:\/\/community.1edo.com\/dk\/wp-json\/wp\/v2\/pages\/2926\" data-trp-original-action=\"https:\/\/community.1edo.com\/dk\/wp-json\/wp\/v2\/pages\/2926\">\n\t\t\t<ul><li class=\"wppb-form-field wppb-default-name-heading\" id=\"wppb-form-element-1\"><h4>Navn<\/h4><span class=\"wppb-description-delimiter\"><\/span><\/li><li class=\"wppb-form-field wppb-default-username\" id=\"wppb-form-element-2\">\n\t\t\t<label for=\"username\">Brugernavn<span class=\"wppb-required\" title=\"Dette f\u00f8ltes obligatorisk\">*<\/span><\/label>\n\t\t\t<input class=\"text-input default_field_username\" name=\"username\" maxlength=\"70\" type=\"text\" id=\"username\" value=\"username\"  \/><span class=\"wppb-description-delimiter\"> \u7528\u6237\u540d\u4e0d\u53ef\u66f4\u6539\u3002<\/span><\/li><li class=\"wppb-form-field wppb-default-first-name\" id=\"wppb-form-element-3\">\n\t\t\t<label for=\"first_name\">Fornavn<span class=\"wppb-required\" title=\"Dette f\u00f8ltes obligatorisk\">*<\/span><\/label>\n\t\t\t<input class=\"text-input default_field_firstname\" name=\"first_name\" maxlength=\"70\" type=\"text\" id=\"first_name\" value=\"\"  \/><\/li><li class=\"wppb-form-field wppb-default-last-name\" id=\"wppb-form-element-4\">\n\t\t\t<label for=\"last_name\">Efternavn<span class=\"wppb-required\" title=\"Dette f\u00f8ltes obligatorisk\">*<\/span><\/label>\n\t\t\t<input class=\"text-input default_field_lastname\" name=\"last_name\" maxlength=\"70\" type=\"text\" id=\"last_name\" value=\"\" \/><\/li><li class=\"wppb-form-field wppb-default-nickname\" id=\"wppb-form-element-5\">\n\t\t\t<label for=\"nickname\">Kaldenavn<\/label>\n\t\t\t<input class=\"text-input default_field_nickname\" name=\"nickname\" maxlength=\"70\" type=\"text\" id=\"nickname\" value=\"\" \/><\/li><li class=\"wppb-form-field wppb-default-display-name-publicly-as\" id=\"wppb-form-element-6\"><\/li><li class=\"wppb-form-field wppb-select-country\" id=\"wppb-form-element-18\">\n\t\t\t\t<label for=\"custom_field_2\">Land<span class=\"wppb-required\" title=\"Dette f\u00f8ltes obligatorisk\">*<\/span><\/label>\n\t\t\t\t<select name=\"custom_field_2\" id=\"custom_field_2\" class=\"custom_field_country_select\" ><option value=\"\">V\u00e6lg et land<\/option><option value=\"AF\">Afghanistan<\/option><option value=\"AX\">\u00c5lands\u00f8erne<\/option><option value=\"AL\">Albanien<\/option><option value=\"DZ\">Algeriet<\/option><option value=\"AS\">Amerikansk Samoa<\/option><option value=\"AD\">Andorra<\/option><option value=\"AO\">Angola<\/option><option value=\"AI\">Anguilla<\/option><option value=\"AQ\">Antarktis<\/option><option value=\"AG\">Antigua og Barbuda<\/option><option value=\"AR\">Argentina<\/option><option value=\"AM\">Armenien<\/option><option value=\"AW\">Aruba<\/option><option value=\"AU\">Australien<\/option><option value=\"AT\">\u00d8strig<\/option><option value=\"AZ\">Aserbajdsjan<\/option><option value=\"BS\">Bahamas<\/option><option value=\"BH\">Bahrain<\/option><option value=\"BD\">Bangladesh<\/option><option value=\"BB\">Barbados<\/option><option value=\"BY\">Hviderusland<\/option><option value=\"BE\">Belgien<\/option><option value=\"BZ\">Belize<\/option><option value=\"BJ\">Benin<\/option><option value=\"BM\">Bermuda<\/option><option value=\"BT\">Bhutan<\/option><option value=\"BO\">Bolivia<\/option><option value=\"BQ\">Bonaire, Saint Eustatius og Saba<\/option><option value=\"BA\">Bosnien-Hercegovina<\/option><option value=\"BW\">Botswana<\/option><option value=\"BV\">Bouvet\u00f8en<\/option><option value=\"BR\">Brasilien<\/option><option value=\"IO\">Britisk territorium i Det Indiske Ocean<\/option><option value=\"VG\">De Britiske Jomfru\u00f8er<\/option><option value=\"BN\">Brunei<\/option><option value=\"BG\">Bulgarien<\/option><option value=\"BF\">Burkina Faso<\/option><option value=\"BI\">Burundi<\/option><option value=\"KH\">Cambodja<\/option><option value=\"CM\">Cameroun<\/option><option value=\"CA\">Canada<\/option><option value=\"CV\">Kap Verde<\/option><option value=\"KY\">Cayman\u00f8erne<\/option><option value=\"CF\">Centralafrikanske Republik<\/option><option value=\"TD\">Tchad<\/option><option value=\"CL\">Chile<\/option><option value=\"CN\">Kina<\/option><option value=\"CX\">Jule\u00f8en<\/option><option value=\"CC\">Kokos\u00f8erne<\/option><option value=\"CO\">Colombia<\/option><option value=\"KM\">Comorerne<\/option><option value=\"CK\">Cook\u00f8erne<\/option><option value=\"CR\">Costa Rica<\/option><option value=\"HR\">Kroatien<\/option><option value=\"CU\">Cuba<\/option><option value=\"CW\">Cura\u00e7ao<\/option><option value=\"CY\">Cypern<\/option><option value=\"CZ\">Tjekkiet<\/option><option value=\"CD\">Den Demokratiske Republik Congo<\/option><option value=\"DK\">Danmark<\/option><option value=\"DJ\">Djibouti<\/option><option value=\"DM\">Dominica<\/option><option value=\"DO\">Den Dominikanske Republik<\/option><option value=\"TL\">\u00d8sttimor<\/option><option value=\"EC\">Ecuador<\/option><option value=\"EG\">Egypten<\/option><option value=\"SV\">El Salvador<\/option><option value=\"GQ\">\u00c6kvatorialguinea<\/option><option value=\"ER\">Eritrea<\/option><option value=\"EE\">Estland<\/option><option value=\"ET\">Etiopien<\/option><option value=\"FK\">Falklands\u00f8erne<\/option><option value=\"FO\">F\u00e6r\u00f8erne<\/option><option value=\"FJ\">Fiji<\/option><option value=\"FI\">Finland<\/option><option value=\"FR\">Frankrig<\/option><option value=\"GF\">Fransk Guyana<\/option><option value=\"PF\">Fransk Polynesien<\/option><option value=\"TF\">Franske sydlige territorier<\/option><option value=\"GA\">Gabon<\/option><option value=\"GM\">Gambia<\/option><option value=\"GE\">Georgien<\/option><option value=\"DE\">Tyskland<\/option><option value=\"GH\">Ghana<\/option><option value=\"GI\">Gibraltar<\/option><option value=\"GR\">Gr\u00e6kenland<\/option><option value=\"GL\">Gr\u00f8nland<\/option><option value=\"GD\">Grenada<\/option><option value=\"GP\">Guadeloupe<\/option><option value=\"GU\">Guam<\/option><option value=\"GT\">Guatemala<\/option><option value=\"GG\">Guernsey<\/option><option value=\"GN\">Guinea<\/option><option value=\"GW\">Guinea-Bissau<\/option><option value=\"GY\">Guyana<\/option><option value=\"HT\">Haiti<\/option><option value=\"HM\">Heard- og McDonald\u00f8erne<\/option><option value=\"HN\">Honduras<\/option><option value=\"HK\">Hongkong<\/option><option value=\"HU\">Ungarn<\/option><option value=\"IS\">Island<\/option><option value=\"IN\">Indien<\/option><option value=\"ID\">Indonesien<\/option><option value=\"IR\">Iran<\/option><option value=\"IQ\">Irak<\/option><option value=\"IE\">Irland<\/option><option value=\"IM\">Isle of Man<\/option><option value=\"IL\">Israel<\/option><option value=\"IT\">Italien<\/option><option value=\"CI\">Elfenbenskysten<\/option><option value=\"JM\">Jamaica<\/option><option value=\"JP\">Japan<\/option><option value=\"JE\">Jersey<\/option><option value=\"JO\">Jordan<\/option><option value=\"KZ\">Kasakhstan<\/option><option value=\"KE\">Kenya<\/option><option value=\"KI\">Kiribati<\/option><option value=\"XK\">Kosovo<\/option><option value=\"KW\">Kuwait<\/option><option value=\"KG\">Kirgisistan<\/option><option value=\"LA\">Laos<\/option><option value=\"LV\">Letland<\/option><option value=\"LB\">Libanon<\/option><option value=\"LS\">Lesotho<\/option><option value=\"LR\">Liberia<\/option><option value=\"LY\">Libyen<\/option><option value=\"LI\">Liechtenstein<\/option><option value=\"LT\">Litauen<\/option><option value=\"LU\">Luxembourg<\/option><option value=\"MO\">Macao<\/option><option value=\"MK\">Makedonien<\/option><option value=\"MG\">Madagaskar<\/option><option value=\"MW\">Malawi<\/option><option value=\"MY\">Malaysia<\/option><option value=\"MV\">Maldiverne<\/option><option value=\"ML\">Mali<\/option><option value=\"MT\">Malta<\/option><option value=\"MH\">Marshall\u00f8erne<\/option><option value=\"MQ\">Martinique<\/option><option value=\"MR\">Mauretanien<\/option><option value=\"MU\">Mauritius<\/option><option value=\"YT\">Mayotte<\/option><option value=\"MX\">Mexico<\/option><option value=\"FM\">Mikronesien<\/option><option value=\"MD\">Moldova<\/option><option value=\"MC\">Monaco<\/option><option value=\"MN\">Mongoliet<\/option><option value=\"ME\">Montenegro<\/option><option value=\"MS\">Montserrat<\/option><option value=\"MA\">Marokko<\/option><option value=\"MZ\">Mozambique<\/option><option value=\"MM\">Myanmar<\/option><option value=\"NA\">Namibia<\/option><option value=\"NR\">Nauru<\/option><option value=\"NP\">Nepal<\/option><option value=\"NL\">Holland<\/option><option value=\"NC\">Ny Kaledonien<\/option><option value=\"NZ\">New Zealand<\/option><option value=\"NI\">Nicaragua<\/option><option value=\"NE\">Niger<\/option><option value=\"NG\">Nigeria<\/option><option value=\"NU\">Niue<\/option><option value=\"NF\">Norfolk\u00f8en<\/option><option value=\"KP\">Nordkorea<\/option><option value=\"MP\">Nordmarianerne<\/option><option value=\"NO\">Norge<\/option><option value=\"OM\">Oman<\/option><option value=\"PK\">Pakistan<\/option><option value=\"PW\">Palau<\/option><option value=\"PS\">Pal\u00e6stinensisk omr\u00e5de<\/option><option value=\"PA\">Panama<\/option><option value=\"PG\">Papua Ny Guinea<\/option><option value=\"PY\">Paraguay<\/option><option value=\"PE\">Peru<\/option><option value=\"PH\">Filippinerne<\/option><option value=\"PN\">Pitcairn<\/option><option value=\"PL\">Polen<\/option><option value=\"PT\">Portugal<\/option><option value=\"PR\">Puerto Rico<\/option><option value=\"QA\">Qatar<\/option><option value=\"CG\">Republikken Congo<\/option><option value=\"RE\">Genforening<\/option><option value=\"RO\">Rum\u00e6nien<\/option><option value=\"RU\">Rusland<\/option><option value=\"RW\">Rwanda<\/option><option value=\"BL\">Saint Barthelemy<\/option><option value=\"SH\">Sankt Helena<\/option><option value=\"KN\">Saint Kitts og Nevis<\/option><option value=\"LC\">Saint Lucia<\/option><option value=\"MF\">Sankt Martin<\/option><option value=\"PM\">Saint-Pierre og Miquelon<\/option><option value=\"VC\">Saint Vincent og Grenadinerne<\/option><option value=\"WS\">Samoa<\/option><option value=\"SM\">San Marino<\/option><option value=\"ST\">S\u00e3o Tom\u00e9 og Pr\u00edncipe<\/option><option value=\"SA\">Saudi-Arabien<\/option><option value=\"SN\">Senegal<\/option><option value=\"RS\">Serbien<\/option><option value=\"SC\">Seychellerne<\/option><option value=\"SL\">Sierra Leone<\/option><option value=\"SG\">Singapore<\/option><option value=\"SX\">Sint Maarten<\/option><option value=\"SK\">Slovakiet<\/option><option value=\"SI\">Slovenien<\/option><option value=\"SB\">Salomon\u00f8erne<\/option><option value=\"SO\">Somalia<\/option><option value=\"ZA\">Sydafrika<\/option><option value=\"GS\">Sydgeorgien og Sydsandwich\u00f8erne<\/option><option value=\"KR\">Sydkorea<\/option><option value=\"SS\">Sydsudan<\/option><option value=\"ES\">Spanien<\/option><option value=\"LK\">Sri Lanka<\/option><option value=\"SD\">Sudan<\/option><option value=\"SR\">Surinam<\/option><option value=\"SJ\">Svalbard og Jan Mayen<\/option><option value=\"SZ\">Swaziland<\/option><option value=\"SE\">Sverige<\/option><option value=\"CH\">Schweiz<\/option><option value=\"SY\">Syrien<\/option><option value=\"TW\">Taiwan<\/option><option value=\"TJ\">Tadsjikistan<\/option><option value=\"TZ\">Tanzania<\/option><option value=\"TH\">Thailand<\/option><option value=\"TG\">Togo<\/option><option value=\"TK\">Tokelau<\/option><option value=\"TO\">Tonga<\/option><option value=\"TT\">Trinidad og Tobago<\/option><option value=\"TN\">Tunesien<\/option><option value=\"TR\">Kalkun<\/option><option value=\"TM\">Turkmenistan<\/option><option value=\"TC\">Turks- og Caicos\u00f8erne<\/option><option value=\"TV\">Tuvalu<\/option><option value=\"VI\">De Amerikanske Jomfru\u00f8er<\/option><option value=\"UG\">Uganda<\/option><option value=\"UA\">Ukraine<\/option><option value=\"AE\">De Forenede Arabiske Emirater<\/option><option value=\"GB\">Storbritannien<\/option><option value=\"US\">Forenede Stater<\/option><option value=\"UM\">De mindre ydre \u00f8er i USA<\/option><option value=\"UY\">Uruguay<\/option><option value=\"UZ\">Usbekistan<\/option><option value=\"VU\">Vanuatu<\/option><option value=\"VA\">Vatikanet<\/option><option value=\"VE\">Venezuela<\/option><option value=\"VN\">Vietnam<\/option><option value=\"WF\">Wallis- og Futuna\u00f8erne<\/option><option value=\"EH\">Vestsahara<\/option><option value=\"YE\">Yemen<\/option><option value=\"ZM\">Zambia<\/option><option value=\"ZW\">Zimbabwe<\/option>\n\t\t\t\t<\/select><\/li><li class=\"wppb-form-field wppb-phone\" id=\"wppb-form-element-7\">\n\t\t\t\t<label for=\"phone\">telefon<span class=\"wppb-required\" title=\"Dette f\u00f8ltes obligatorisk\">*<\/span><\/label>\n\t\t\t\t<input data-phone-format=\"{&quot;phone_data&quot;:0}\" class=\"extra_field_phone\" name=\"phone\" maxlength=\"70\" type=\"text\" id=\"phone\" value=\"\" \/><\/li><li class=\"wppb-form-field wppb-default-e-mail\" id=\"wppb-form-element-8\">\n\t\t\t<label for=\"email\">E-mail<span class=\"wppb-required\" title=\"Dette f\u00f8ltes obligatorisk\">*<\/span><\/label>\n\t\t\t<input class=\"text-input default_field_email\" name=\"email\" maxlength=\"70\" type=\"email\" id=\"email\" value=\"\"   \/><\/li><li class=\"wppb-form-field wppb-default-password\" id=\"wppb-form-element-15\">\n\t\t\t<label for=\"passw1\">Adgangskode<span class=\"wppb-required\" title=\"Dette f\u00f8ltes obligatorisk\">*<\/span><\/label>\n            <span class=\"wppb-password-field-container\">\n\t\t\t    <input class=\"text-input\" name=\"passw1\" maxlength=\"70\" type=\"password\" id=\"passw1\" value=\"\" autocomplete=\"off\" \/>\n\t\t\t     <!-- add the HTML for the visibility toggle -->\n\t\t\t<\/span><span class=\"wppb-description-delimiter\">\u91cd\u590d\u65b0\u5bc6\u7801  <\/span><\/li><li class=\"wppb-form-field wppb-default-repeat-password\" id=\"wppb-form-element-16\">\n\t\t\t<label for=\"passw2\">Gentag adgangskode<\/label>\n\t\t\t<span class=\"wppb-password-field-container\">\n\t\t\t    <input class=\"text-input\" name=\"passw2\" maxlength=\"70\" type=\"password\" id=\"passw2\" value=\"\" autocomplete=\"off\" \/>\n\t\t\t     <!-- add the HTML for the visibility toggle -->\n\t\t\t<\/span><span class=\"wppb-description-delimiter\">\u518d\u8f93\u5165\u4e00\u904d\u65b0\u5bc6\u7801.<\/span><\/li><\/ul><ul><li class=\"wppb-form-field wppb-send-credentials-checkbox\"><label for=\"send_credentials_via_email\"><input id=\"send_credentials_via_email\" type=\"checkbox\" name=\"send_credentials_via_email\" value=\"sending\"\/>Send disse legitimationsoplysninger via e-mail.<\/label><\/li><\/ul>\t\t\t<p class=\"form-submit\"  >\n\t\t\t\t                \t\t\t\t<input name=\"register\" type=\"submit\" id=\"register\" class=\"submit button\" value=\"Registrer\" \/>\n                <input name=\"redirect_to\" type=\"hidden\" value=\"\" \/>\n                \t\t\t\t<input name=\"action\" type=\"hidden\" id=\"action\" value=\"register\" \/>\n\t\t\t\t<input name=\"form_name\" type=\"hidden\" id=\"form_name\" value=\"unspecified\" \/>\n\t\t\t\t<input name=\"form_id\" type=\"hidden\" id=\"form_id\" value=\"\" \/>\n\t\t\t\t\t\t\t<\/p><!-- .form-submit -->\n\t\t\t<input type=\"hidden\" id=\"register_unspecified_nonce_field\" name=\"register_unspecified_nonce_field\" value=\"ebc99486ba\" \/><input type=\"hidden\" name=\"_wp_http_referer\" value=\"\/dk\/wp-json\/wp\/v2\/pages\/2926\" \/>\t\t<input type=\"hidden\" name=\"trp-form-language\" value=\"dk\"\/><\/form>\n\t\t<\/p>\t\t\t\t\t\t\t\t<\/div>\n\t\t\t\t<\/div>\n\t\t\t\t<div class=\"elementor-element elementor-element-9427073 elementor-widget__width-initial elementor-widget elementor-widget-shortcode\" data-id=\"9427073\" data-element_type=\"widget\" data-widget_type=\"shortcode.default\">\n\t\t\t\t<div class=\"elementor-widget-container\">\n\t\t\t\t\t\t\t<div class=\"elementor-shortcode\">[xyz-ips snippet=&quot;facebook-content&quot;]<\/div>\n\t\t\t\t\t\t<\/div>\n\t\t\t\t<\/div>\n\t\t\t\t<div class=\"elementor-element elementor-element-194ea39 elementor-widget elementor-widget-heading\" data-id=\"194ea39\" data-element_type=\"widget\" data-widget_type=\"heading.default\">\n\t\t\t\t<div class=\"elementor-widget-container\">\n\t\t\t\t\t<h5 class=\"elementor-heading-title elementor-size-default\">HAR DU EN KONTO? LOG P\u00c5<\/h5>\t\t\t\t<\/div>\n\t\t\t\t<\/div>\n\t\t\t\t\t<\/div>\n\t\t\t\t<\/div>\n\t\t\t\t<\/div>","protected":false},"excerpt":{"rendered":"","protected":false},"author":1,"featured_media":0,"parent":0,"menu_order":0,"comment_status":"closed","ping_status":"closed","template":"","meta":{"footnotes":""},"class_list":["post-2926","page","type-page","status-publish","hentry"],"yoast_head":"<!-- This site is optimized with the Yoast SEO Premium plugin v22.8 (Yoast SEO v26.7) - https:\/\/yoast.com\/wordpress\/plugins\/seo\/ -->\n<title>Register - 1edo community<\/title>\n<meta name=\"description\" content=\"1edo community, Create an account and fill in the username, password, email and other fields to create your 1edo ID\" \/>\n<meta name=\"robots\" content=\"index, follow, max-snippet:-1, max-image-preview:large, max-video-preview:-1\" \/>\n<link rel=\"canonical\" href=\"https:\/\/community.1edo.com\/dk\/register\/\" \/>\n<meta property=\"og:locale\" content=\"da_DK\" \/>\n<meta property=\"og:type\" content=\"article\" \/>\n<meta property=\"og:title\" content=\"Register\" \/>\n<meta property=\"og:description\" content=\"1edo community, Create an account and fill in the username, password, email and other fields to create your 1edo ID\" \/>\n<meta property=\"og:url\" content=\"https:\/\/community.1edo.com\/dk\/register\/\" \/>\n<meta property=\"og:site_name\" content=\"1edo community\" \/>\n<meta property=\"article:modified_time\" content=\"2026-01-14T07:35:45+00:00\" \/>\n<meta name=\"twitter:card\" content=\"summary_large_image\" \/>\n<meta name=\"twitter:label1\" content=\"Estimeret l\u00e6setid\" \/>\n\t<meta name=\"twitter:data1\" content=\"1 minut\" \/>\n<script type=\"application\/ld+json\" class=\"yoast-schema-graph\">{\"@context\":\"https:\/\/schema.org\",\"@graph\":[{\"@type\":\"WebPage\",\"@id\":\"https:\/\/community.1edo.com\/no\/register\/\",\"url\":\"https:\/\/community.1edo.com\/no\/register\/\",\"name\":\"Register - 1edo community\",\"isPartOf\":{\"@id\":\"https:\/\/community.1edo.com\/cz\/#website\"},\"datePublished\":\"2023-11-01T01:39:49+00:00\",\"dateModified\":\"2026-01-14T07:35:45+00:00\",\"description\":\"1edo community, Create an account and fill in the username, password, email and other fields to create your 1edo ID\",\"breadcrumb\":{\"@id\":\"https:\/\/community.1edo.com\/no\/register\/#breadcrumb\"},\"inLanguage\":\"da-DK\",\"potentialAction\":[{\"@type\":\"ReadAction\",\"target\":[\"https:\/\/community.1edo.com\/no\/register\/\"]}]},{\"@type\":\"BreadcrumbList\",\"@id\":\"https:\/\/community.1edo.com\/no\/register\/#breadcrumb\",\"itemListElement\":[{\"@type\":\"ListItem\",\"position\":1,\"name\":\"Home\",\"item\":\"https:\/\/community.1edo.com\/th\/\"},{\"@type\":\"ListItem\",\"position\":2,\"name\":\"Register\"}]},{\"@type\":\"WebSite\",\"@id\":\"https:\/\/community.1edo.com\/cz\/#website\",\"url\":\"https:\/\/community.1edo.com\/cz\/\",\"name\":\"1edo community\",\"description\":\"1edo community\",\"potentialAction\":[{\"@type\":\"SearchAction\",\"target\":{\"@type\":\"EntryPoint\",\"urlTemplate\":\"https:\/\/community.1edo.com\/cz\/?s={search_term_string}\"},\"query-input\":{\"@type\":\"PropertyValueSpecification\",\"valueRequired\":true,\"valueName\":\"search_term_string\"}}],\"inLanguage\":\"da-DK\"}]}<\/script>\n<!-- \/ Yoast SEO Premium plugin. -->","yoast_head_json":{"title":"Tilmeld dig - 1edo-f\u00e6llesskabet","description":"1edo community, Opret en konto og udfyld brugernavn, adgangskode, e-mail og andre felter for at oprette dit 1edo ID","robots":{"index":"index","follow":"follow","max-snippet":"max-snippet:-1","max-image-preview":"max-image-preview:large","max-video-preview":"max-video-preview:-1"},"canonical":"https:\/\/community.1edo.com\/dk\/register\/","og_locale":"da_DK","og_type":"article","og_title":"Register","og_description":"1edo community, Create an account and fill in the username, password, email and other fields to create your 1edo ID","og_url":"https:\/\/community.1edo.com\/dk\/register\/","og_site_name":"1edo community","article_modified_time":"2026-01-14T07:35:45+00:00","twitter_card":"summary_large_image","twitter_misc":{"Estimeret l\u00e6setid":"1 minut"},"schema":{"@context":"https:\/\/schema.org","@graph":[{"@type":"WebPage","@id":"https:\/\/community.1edo.com\/no\/register\/","url":"https:\/\/community.1edo.com\/no\/register\/","name":"Tilmeld dig - 1edo-f\u00e6llesskabet","isPartOf":{"@id":"https:\/\/community.1edo.com\/cz\/#website"},"datePublished":"2023-11-01T01:39:49+00:00","dateModified":"2026-01-14T07:35:45+00:00","description":"1edo community, Opret en konto og udfyld brugernavn, adgangskode, e-mail og andre felter for at oprette dit 1edo ID","breadcrumb":{"@id":"https:\/\/community.1edo.com\/no\/register\/#breadcrumb"},"inLanguage":"da-DK","potentialAction":[{"@type":"ReadAction","target":["https:\/\/community.1edo.com\/no\/register\/"]}]},{"@type":"BreadcrumbList","@id":"https:\/\/community.1edo.com\/no\/register\/#breadcrumb","itemListElement":[{"@type":"ListItem","position":1,"name":"Home","item":"https:\/\/community.1edo.com\/th\/"},{"@type":"ListItem","position":2,"name":"Register"}]},{"@type":"WebSite","@id":"https:\/\/community.1edo.com\/cz\/#website","url":"https:\/\/community.1edo.com\/cz\/","name":"1edo f\u00e6llesskab","description":"1edo f\u00e6llesskab","potentialAction":[{"@type":"SearchAction","target":{"@type":"EntryPoint","urlTemplate":"https:\/\/community.1edo.com\/cz\/?s={search_term_string}"},"query-input":{"@type":"PropertyValueSpecification","valueRequired":true,"valueName":"search_term_string"}}],"inLanguage":"da-DK"}]}},"_links":{"self":[{"href":"https:\/\/community.1edo.com\/dk\/wp-json\/wp\/v2\/pages\/2926","targetHints":{"allow":["GET"]}}],"collection":[{"href":"https:\/\/community.1edo.com\/dk\/wp-json\/wp\/v2\/pages"}],"about":[{"href":"https:\/\/community.1edo.com\/dk\/wp-json\/wp\/v2\/types\/page"}],"author":[{"embeddable":true,"href":"https:\/\/community.1edo.com\/dk\/wp-json\/wp\/v2\/users\/1"}],"replies":[{"embeddable":true,"href":"https:\/\/community.1edo.com\/dk\/wp-json\/wp\/v2\/comments?post=2926"}],"version-history":[{"count":0,"href":"https:\/\/community.1edo.com\/dk\/wp-json\/wp\/v2\/pages\/2926\/revisions"}],"wp:attachment":[{"href":"https:\/\/community.1edo.com\/dk\/wp-json\/wp\/v2\/media?parent=2926"}],"curies":[{"name":"wp","href":"https:\/\/api.w.org\/{rel}","templated":true}]}}