{"id":6497,"date":"2024-02-22T06:04:25","date_gmt":"2024-02-22T06:04:25","guid":{"rendered":"https:\/\/community.1edo.com\/?page_id=6497"},"modified":"2026-01-15T10:49:13","modified_gmt":"2026-01-15T02:49:13","slug":"authors-all","status":"publish","type":"page","link":"https:\/\/community.1edo.com\/cz\/authors-all\/","title":{"rendered":"auto\u0159i-v\u0161ichni"},"content":{"rendered":"<div data-elementor-type=\"wp-page\" data-elementor-id=\"6497\" class=\"elementor elementor-6497\" data-elementor-post-type=\"page\">\n\t\t\t\t<div class=\"elementor-element elementor-element-75611ad e-flex e-con-boxed e-con e-parent\" data-id=\"75611ad\" data-element_type=\"container\">\n\t\t\t\t\t<div class=\"e-con-inner\">\n\t\t\t\t<div class=\"elementor-element elementor-element-02e97c4 elementor-widget elementor-widget-shortcode\" data-id=\"02e97c4\" data-element_type=\"widget\" data-widget_type=\"shortcode.default\">\n\t\t\t\t<div class=\"elementor-widget-container\">\n\t\t\t\t\t\t\t<div class=\"elementor-shortcode\"><div class=\"blog_sel_wap\">    <div class=\"cremb_title\">Domov \/ Komunita \/ Komunita<\/div>\r\n    <div class=\"top_txt\">\r\n         <h1>V\u00edtejte v komunit\u011b 1edo<\/h1>\r\n        <div class=\"search_text\">Spojte se a zapojte se do na\u0161\u00ed komunity, abyste z\u00edskali odpov\u011bdi, diskutovali o osv\u011bd\u010den\u00fdch postupech a neust\u00e1le se dozv\u011bd\u011bli v\u00edce o \u0159e\u0161en\u00edch 1edo.<\/div>\r\n           <input id=\"bkeys\" type=\"text\" \/>\r\n          <span id=\"sel_bkey\"> <img decoding=\"async\" src=\"\/wp-content\/uploads\/product_info_imgs\/blog_sel.png\" alt=\"blog_sel\"\/> <\/span>\r\n       <\/div>\r\n     <div class=\"sel_bottom\">\r\n     <ul>\r\n         <li><img decoding=\"async\" src=\"\/wp-content\/uploads\/product_info_imgs\/se01.png\" alt=\"Posts\"><\/li><li>  11 p\u0159\u00edsp\u011bvk\u016f<\/li>\r\n     <li><img decoding=\"async\" src=\"\/wp-content\/uploads\/product_info_imgs\/se02.png\" alt=\"Members\"><\/li><li>  13 \u010dlen\u016f<\/li>\r\n     <li><img decoding=\"async\" src=\"\/wp-content\/uploads\/product_info_imgs\/se03.png\" alt=\"Online\"><\/li><li>13 Online<\/li>\r\n    <\/ul>\r\n    <\/div>\r\n<\/div>\r\n\r\n  <script src=\"\/wp-content\/uploads\/product_info_imgs\/jquery-3.2.1.min.js\"><\/script>\r\n  <script type=\"text\/javascript\">\r\n             $(document).ready(function() {\r\n              \/\/\u4e0b\u62c9\u7b5b\u9009-\u8ba2\u5355\u9875\r\n               $('#sel_bkey img').click(function() {\r\n                        var url = \"\/?bkey=\"+$(\"#bkeys\").val();\r\n                        if (url != '') {\r\n                            window.location.href = url;\r\n                        }\r\n                    });\r\n                });\r\n<\/script><\/div>\n\t\t\t\t\t\t<\/div>\n\t\t\t\t<\/div>\n\t\t\t\t\t<\/div>\n\t\t\t\t<\/div>\n\t\t<div class=\"elementor-element elementor-element-cba2a08 e-flex e-con-boxed e-con e-parent\" data-id=\"cba2a08\" data-element_type=\"container\" data-settings=\"{&quot;background_background&quot;:&quot;classic&quot;}\">\n\t\t\t\t\t<div class=\"e-con-inner\">\n\t\t\t\t<div class=\"elementor-element elementor-element-ac1f22b elementor-widget elementor-widget-shortcode\" data-id=\"ac1f22b\" data-element_type=\"widget\" data-widget_type=\"shortcode.default\">\n\t\t\t\t<div class=\"elementor-widget-container\">\n\t\t\t\t\t\t\t<div class=\"elementor-shortcode\"><div id=\"author_wap\">\r\n<div class=\"top_info\">\r\n  <span class=\"first\"><h2>\r\n\t  Auto\u0159i\r\n\t  <\/h2><\/span>\r\n  <span class=\"two\" style=\"display:none\">P\u0159\u00edsp\u011bvky<\/span>   \r\n<\/div>\r\n\r\n<!--\r\n<div class=\"top_rel\"> \r\n<ul>\r\n<li class=\"first\">Time Range :<\/li>\r\n<li>Last Day (24 Hours)<\/li>\r\n<li>Last Week (7 Days)<\/li>\r\n<li> Last Month (30 Days)<\/li>\r\n<li> Last 3 Months<\/li> \r\n<li>Last 6 Months<\/li>\r\n<li>Last Year<\/li>\r\n<li>All Time<\/li>\r\n <\/ul> \r\n<div>  -->\r\n\r\n<h2> Nejslavn\u011bj\u0161\u00ed auto\u0159i v &#039;1edo Community&#039;  <\/h2>\r\n\r\n<div class=\"athor_content\">\r\n       <ul>\r\n     <li class=\"first\">1 <\/li>\r\n    <li class=\"two\">\r\n        \u00a0 \u00a0 \u00a0 \u00a0<img decoding=\"async\" src=\"\/wp-content\/uploads\/athorPhoto\/photo.png\" alt=\"photo\" width=\"55\" height=\"55\" title=\"\"> \r\n            <\/li>\r\n    <li class=\"three\">admin <\/li>\r\n    <li class=\"last\"> <img decoding=\"async\" src=\"\/wp-content\/uploads\/product_info_imgs\/links.png\" alt=\"links\"> 0 <\/li>\r\n    <\/ul>\r\n         <ul>\r\n     <li class=\"first\">2 <\/li>\r\n    <li class=\"two\">\r\n        \u00a0 \u00a0 \u00a0 \u00a0<img decoding=\"async\" src=\"\/wp-content\/uploads\/athorPhoto\/photo.png\" alt=\"photo\" width=\"55\" height=\"55\" title=\"\"> \r\n            <\/li>\r\n    <li class=\"three\">1edo_zhc <\/li>\r\n    <li class=\"last\"> <img decoding=\"async\" src=\"\/wp-content\/uploads\/product_info_imgs\/links.png\" alt=\"links\"> 0 <\/li>\r\n    <\/ul>\r\n         <ul>\r\n     <li class=\"first\">3 <\/li>\r\n    <li class=\"two\">\r\n        \u00a0 \u00a0 \u00a0 \u00a0<img decoding=\"async\" src=\"\/wp-content\/uploads\/athorPhoto\/photo.png\" alt=\"photo\" width=\"55\" height=\"55\" title=\"\"> \r\n            <\/li>\r\n    <li class=\"three\">zhhc1 <\/li>\r\n    <li class=\"last\"> <img decoding=\"async\" src=\"\/wp-content\/uploads\/product_info_imgs\/links.png\" alt=\"links\"> 0 <\/li>\r\n    <\/ul>\r\n         <ul>\r\n     <li class=\"first\">4 <\/li>\r\n    <li class=\"two\">\r\n        \u00a0 \u00a0 \u00a0 \u00a0<img decoding=\"async\" src=\"\/wp-content\/uploads\/athorPhoto\/photo.png\" alt=\"photo\" width=\"55\" height=\"55\" title=\"\"> \r\n            <\/li>\r\n    <li class=\"three\">zhhc2 <\/li>\r\n    <li class=\"last\"> <img decoding=\"async\" src=\"\/wp-content\/uploads\/product_info_imgs\/links.png\" alt=\"links\"> 0 <\/li>\r\n    <\/ul>\r\n         <ul>\r\n     <li class=\"first\">5 <\/li>\r\n    <li class=\"two\">\r\n        \u00a0 \u00a0 \u00a0 \u00a0<img decoding=\"async\" src=\"\/wp-content\/uploads\/athorPhoto\/photo.png\" alt=\"photo\" width=\"55\" height=\"55\" title=\"\"> \r\n            <\/li>\r\n    <li class=\"three\">uwrsjo-ttjdccj <\/li>\r\n    <li class=\"last\"> <img decoding=\"async\" src=\"\/wp-content\/uploads\/product_info_imgs\/links.png\" alt=\"links\"> 0 <\/li>\r\n    <\/ul>\r\n         <ul>\r\n     <li class=\"first\">6 <\/li>\r\n    <li class=\"two\">\r\n        \u00a0 \u00a0 \u00a0 \u00a0<img decoding=\"async\" src=\"\/wp-content\/uploads\/athorPhoto\/photo.png\" alt=\"photo\" width=\"55\" height=\"55\" title=\"\"> \r\n            <\/li>\r\n    <li class=\"three\">xingxdd <\/li>\r\n    <li class=\"last\"> <img decoding=\"async\" src=\"\/wp-content\/uploads\/product_info_imgs\/links.png\" alt=\"links\"> 0 <\/li>\r\n    <\/ul>\r\n         <ul>\r\n     <li class=\"first\">7 <\/li>\r\n    <li class=\"two\">\r\n        \u00a0 \u00a0 \u00a0 \u00a0<img decoding=\"async\" src=\"\/wp-content\/uploads\/athorPhoto\/photo.png\" alt=\"photo\" width=\"55\" height=\"55\" title=\"\"> \r\n            <\/li>\r\n    <li class=\"three\">1edo2024 <\/li>\r\n    <li class=\"last\"> <img decoding=\"async\" src=\"\/wp-content\/uploads\/product_info_imgs\/links.png\" alt=\"links\"> 0 <\/li>\r\n    <\/ul>\r\n         <ul>\r\n     <li class=\"first\">8 <\/li>\r\n    <li class=\"two\">\r\n        \u00a0 \u00a0 \u00a0 \u00a0<img decoding=\"async\" src=\"\/wp-content\/uploads\/athorPhoto\/photo.png\" alt=\"photo\" width=\"55\" height=\"55\" title=\"\"> \r\n            <\/li>\r\n    <li class=\"three\">1edo2025 <\/li>\r\n    <li class=\"last\"> <img decoding=\"async\" src=\"\/wp-content\/uploads\/product_info_imgs\/links.png\" alt=\"links\"> 0 <\/li>\r\n    <\/ul>\r\n         <ul>\r\n     <li class=\"first\">9 <\/li>\r\n    <li class=\"two\">\r\n        \u00a0 \u00a0 \u00a0 \u00a0<img decoding=\"async\" src=\"\/wp-content\/uploads\/athorPhoto\/photo.png\" alt=\"photo\" width=\"55\" height=\"55\" title=\"\"> \r\n            <\/li>\r\n    <li class=\"three\">1edo2026 <\/li>\r\n    <li class=\"last\"> <img decoding=\"async\" src=\"\/wp-content\/uploads\/product_info_imgs\/links.png\" alt=\"links\"> 0 <\/li>\r\n    <\/ul>\r\n         <ul>\r\n     <li class=\"first\">10 <\/li>\r\n    <li class=\"two\">\r\n        \u00a0 \u00a0 \u00a0 \u00a0<img decoding=\"async\" src=\"\/wp-content\/uploads\/athorPhoto\/photo.png\" alt=\"photo\" width=\"55\" height=\"55\" title=\"\"> \r\n            <\/li>\r\n    <li class=\"three\">u\u017eivatelsk\u00e9 jm\u00e9no <\/li>\r\n    <li class=\"last\"> <img decoding=\"async\" src=\"\/wp-content\/uploads\/product_info_imgs\/links.png\" alt=\"links\"> 0 <\/li>\r\n    <\/ul>\r\n         <ul>\r\n     <li class=\"first\">11 <\/li>\r\n    <li class=\"two\">\r\n        \u00a0 \u00a0 \u00a0 \u00a0<img decoding=\"async\" src=\"\/wp-content\/uploads\/athorPhoto\/photo.png\" alt=\"photo\" width=\"55\" height=\"55\" title=\"\"> \r\n            <\/li>\r\n    <li class=\"three\">smileymeng5gmail-com <\/li>\r\n    <li class=\"last\"> <img decoding=\"async\" src=\"\/wp-content\/uploads\/product_info_imgs\/links.png\" alt=\"links\"> 0 <\/li>\r\n    <\/ul>\r\n         <ul>\r\n     <li class=\"first\">12 <\/li>\r\n    <li class=\"two\">\r\n        \u00a0 \u00a0 \u00a0 \u00a0<img decoding=\"async\" src=\"\/wp-content\/uploads\/athorPhoto\/photo.png\" alt=\"photo\" width=\"55\" height=\"55\" title=\"\"> \r\n            <\/li>\r\n    <li class=\"three\">ruofan1001gmail-com <\/li>\r\n    <li class=\"last\"> <img decoding=\"async\" src=\"\/wp-content\/uploads\/product_info_imgs\/links.png\" alt=\"links\"> 0 <\/li>\r\n    <\/ul>\r\n         <ul>\r\n     <li class=\"first\">13 <\/li>\r\n    <li class=\"two\">\r\n        \u00a0 \u00a0 \u00a0 \u00a0<img decoding=\"async\" src=\"\/wp-content\/uploads\/athorPhoto\/photo.png\" alt=\"photo\" width=\"55\" height=\"55\" title=\"\"> \r\n            <\/li>\r\n    <li class=\"three\">1edo_soft <\/li>\r\n    <li class=\"last\"> <img decoding=\"async\" src=\"\/wp-content\/uploads\/product_info_imgs\/links.png\" alt=\"links\"> 0 <\/li>\r\n    <\/ul>\r\n     <\/div>\r\n\r\n <!--page start-->\r\n  <div class=\"page_wap\">\r\n    <span class=\"first_page\"> <a href=\"\/cz\/authors-all\/?pages=1\" > P\u0159edstr\u00e1nka <\/a> <\/span>\r\n      <\/div>\r\n<!-- page end -->\r\n\r\n<\/div><\/div>\n\t\t\t\t\t\t<\/div>\n\t\t\t\t<\/div>\n\t\t\t\t\t<\/div>\n\t\t\t\t<\/div>\n\t\t<div class=\"elementor-element elementor-element-d8cb018 e-flex e-con-boxed e-con e-parent\" data-id=\"d8cb018\" data-element_type=\"container\">\n\t\t\t\t\t<div class=\"e-con-inner\">\n\t\t\t\t<div class=\"elementor-element elementor-element-d5d450f elementor-widget elementor-widget-shortcode\" data-id=\"d5d450f\" data-element_type=\"widget\" data-widget_type=\"shortcode.default\">\n\t\t\t\t<div class=\"elementor-widget-container\">\n\t\t\t\t\t\t\t<div class=\"elementor-shortcode\"><div class=\"community_wap_last  container\">\r\n<div class=\"community_bottom\">\r\n     <h2>Zdroje komunity<\/h2>\r\n     <p>Tyto materi\u00e1ly v\u00e1m pomohou zapojit se a spojit se s ostatn\u00edmi \u010dleny<\/p>\r\n     \r\n     <div class=\"main\">\r\n           <div class=\"image\"><img decoding=\"async\" src=\"\/wp-content\/uploads\/product_info_imgs\/bb01.png\" alt=\"bb01\"><\/div>\r\n           <div class=\"info\">\r\n                  <h3>Pravidla zasnouben\u00ed<\/h3>\r\n                   <div class=\"community_content\">\u00da\u010dastn\u00edci komunity 1edo by m\u011bli b\u00fdt ohledupln\u00ed, podporuj\u00edc\u00ed a profesion\u00e1ln\u00ed. Seznamte se s pravidly, kter\u00e1 by m\u011bli v\u0161ichni \u010dlenov\u00e9 dodr\u017eovat, a tak\u00e9 s akcemi, kter\u00e9 by mohly v\u00e9st k odstran\u011bn\u00ed obsahu \u010dlena.<\/div>\r\n           <\/div>\r\n     <\/div>\r\n\r\n    <div class=\"main\">\r\n           <div class=\"image\"><img decoding=\"async\" src=\"\/wp-content\/uploads\/product_info_imgs\/bb02.png\" alt=\"bb02\"><\/div>\r\n           <div class=\"info\">\r\n                  <h3>V\u00fdukov\u00fd program komunity 1edo<\/h3>\r\n                   <div class=\"community_content\">V\u00fdukov\u00fd program Tour the Community poskytuje cenn\u00fd p\u0159ehled o navigaci a \u00fa\u010dasti v komunit\u011b, kter\u00fd zahrnuje v\u0161e od z\u00e1klad\u016f a\u017e po blogov\u00e1n\u00ed.<\/div>\r\n           <\/div>\r\n     <\/div>\r\n\r\n <div class=\"main\">\r\n           <div class=\"image\"><img decoding=\"async\" src=\"\/wp-content\/uploads\/product_info_imgs\/bb03.png\" alt=\"bb03\"><\/div>\r\n           <div class=\"info\">\r\n                  <h3>Komunitn\u00ed t\u00fdm a moderov\u00e1n\u00ed 1edo<\/h3>\r\n                   <div class=\"community_content\">T\u00fdm komunity 1edo a moderov\u00e1n\u00ed T\u00fdm komunity 1edo je p\u0159ipraven zodpov\u011bd\u011bt va\u0161e ot\u00e1zky t\u00fdkaj\u00edc\u00ed se na\u0161\u00ed platformy. N\u00e1\u0161 t\u00fdm zahrnuje moder\u00e1tory, kte\u0159\u00ed zaji\u0161\u0165uj\u00ed, \u017ee komunita 1edo z\u016fstane profesion\u00e1ln\u00edm zdrojem informac\u00ed a pom\u00e1h\u00e1 zprost\u0159edkovat konflikty souvisej\u00edc\u00ed s moder\u00e1torsk\u00fdmi aktivitami.<\/div>\r\n           <\/div>\r\n     <\/div>\r\n\r\n <div class=\"main\">\r\n           <div class=\"image\"><img decoding=\"async\" src=\"\/wp-content\/uploads\/product_info_imgs\/bb01.png\" alt=\"bb01\"><\/div>\r\n           <div class=\"info\">\r\n                  <h3>Hlas komunity 1edo<\/h3>\r\n                   <div class=\"community_content\">1edo Community Voice je zpravodaj dvakr\u00e1t m\u011bs\u00ed\u010dn\u011b, kter\u00fd upozor\u0148uje na to nejlep\u0161\u00ed z obsahu komunity 1EDO, v\u010detn\u011b blogov\u00fdch p\u0159\u00edsp\u011bvk\u016f, diskus\u00ed, novinek, v\u00fdukov\u00fdch program\u016f, ud\u00e1lost\u00ed a dal\u0161\u00edch. P\u0159ihlaste se k odb\u011bru je\u0161t\u011b dnes!<\/div>\r\n           <\/div>\r\n     <\/div>\r\n\r\n <div class=\"main\">\r\n           <div class=\"image\"><img decoding=\"async\" src=\"\/wp-content\/uploads\/product_info_imgs\/bb02.png\" alt=\"bb02\"><\/div>\r\n           <div class=\"info\">\r\n                  <h3>Ochrana osobn\u00edch \u00fadaj\u016f \u2013 FAQ<\/h3>\r\n                   <div class=\"community_content\">Z\u00edskejte odpov\u011bdi na \u010dasto kladen\u00e9 ot\u00e1zky t\u00fdkaj\u00edc\u00ed se ochrany osobn\u00edch \u00fadaj\u016f profilu, abyste se nau\u010dili, jak ze sv\u00e9 komunity 1edo vyt\u011b\u017eit maximum.<\/div>\r\n           <\/div>\r\n     <\/div>\r\n\r\n <div class=\"main\">\r\n           <div class=\"image\"><img decoding=\"async\" src=\"\/wp-content\/uploads\/product_info_imgs\/bb03.png\" alt=\"bb03\"><\/div>\r\n           <div class=\"info\">\r\n                  <h3>M\u011bs\u00ed\u010dn\u00ed aktivn\u00ed p\u0159\u00edjemci podle DSA<\/h3>\r\n                   <div class=\"community_content\">Viz pr\u016fm\u011brn\u00e9 m\u011bs\u00ed\u010dn\u00ed aktivn\u00ed p\u0159\u00edjemce slu\u017eby v Unii (pr\u016fm\u011br za obdob\u00ed posledn\u00edch \u0161esti m\u011bs\u00edc\u016f) podle \u010dl. 24 odst. 2 na\u0159\u00edzen\u00ed Evropsk\u00e9ho parlamentu a Rady (EU) 2022\/2065 ze dne 19. \u0159\u00edjna 2022 o jednotn\u00e9m trhu digit\u00e1ln\u00edch slu\u017eeb ao zm\u011bn\u011b sm\u011brnice 2000\/31\/ES (digit\u00e1ln\u00ed<\/div>\r\n           <\/div>\r\n     <\/div>\r\n\r\n<\/div>\r\n<\/div><\/div>\n\t\t\t\t\t\t<\/div>\n\t\t\t\t<\/div>\n\t\t\t\t\t<\/div>\n\t\t\t\t<\/div>\n\t\t\t\t<\/div>","protected":false},"excerpt":{"rendered":"","protected":false},"author":1,"featured_media":0,"parent":0,"menu_order":0,"comment_status":"closed","ping_status":"closed","template":"elementor_header_footer","meta":{"footnotes":""},"class_list":["post-6497","page","type-page","status-publish","hentry"],"yoast_head":"<!-- This site is optimized with the Yoast SEO Premium plugin v22.8 (Yoast SEO v26.7) - https:\/\/yoast.com\/wordpress\/plugins\/seo\/ -->\n<title>authors-all - 1edo community<\/title>\n<meta name=\"description\" content=\"Collection of all authors, total number of posts, and ranking list of total number of replies\" \/>\n<meta name=\"robots\" content=\"index, follow, max-snippet:-1, max-image-preview:large, max-video-preview:-1\" \/>\n<link rel=\"canonical\" href=\"https:\/\/community.1edo.com\/cz\/authors-all\/\" \/>\n<meta property=\"og:locale\" content=\"cs_CZ\" \/>\n<meta property=\"og:type\" content=\"article\" \/>\n<meta property=\"og:title\" content=\"authors-all\" \/>\n<meta property=\"og:description\" content=\"Collection of all authors, total number of posts, and ranking list of total number of replies\" \/>\n<meta property=\"og:url\" content=\"https:\/\/community.1edo.com\/cz\/authors-all\/\" \/>\n<meta property=\"og:site_name\" content=\"1edo community\" \/>\n<meta property=\"article:modified_time\" content=\"2026-01-15T02:49:13+00:00\" \/>\n<meta name=\"twitter:card\" content=\"summary_large_image\" \/>\n<script type=\"application\/ld+json\" class=\"yoast-schema-graph\">{\"@context\":\"https:\/\/schema.org\",\"@graph\":[{\"@type\":\"WebPage\",\"@id\":\"https:\/\/community.1edo.com\/fr\/authors-all\/\",\"url\":\"https:\/\/community.1edo.com\/fr\/authors-all\/\",\"name\":\"authors-all - 1edo community\",\"isPartOf\":{\"@id\":\"https:\/\/community.1edo.com\/cz\/#website\"},\"datePublished\":\"2024-02-22T06:04:25+00:00\",\"dateModified\":\"2026-01-15T02:49:13+00:00\",\"description\":\"Collection of all authors, total number of posts, and ranking list of total number of replies\",\"breadcrumb\":{\"@id\":\"https:\/\/community.1edo.com\/fr\/authors-all\/#breadcrumb\"},\"inLanguage\":\"cs\",\"potentialAction\":[{\"@type\":\"ReadAction\",\"target\":[\"https:\/\/community.1edo.com\/fr\/authors-all\/\"]}]},{\"@type\":\"BreadcrumbList\",\"@id\":\"https:\/\/community.1edo.com\/fr\/authors-all\/#breadcrumb\",\"itemListElement\":[{\"@type\":\"ListItem\",\"position\":1,\"name\":\"Home\",\"item\":\"https:\/\/community.1edo.com\/th\/\"},{\"@type\":\"ListItem\",\"position\":2,\"name\":\"authors-all\"}]},{\"@type\":\"WebSite\",\"@id\":\"https:\/\/community.1edo.com\/cz\/#website\",\"url\":\"https:\/\/community.1edo.com\/cz\/\",\"name\":\"1edo community\",\"description\":\"1edo community\",\"potentialAction\":[{\"@type\":\"SearchAction\",\"target\":{\"@type\":\"EntryPoint\",\"urlTemplate\":\"https:\/\/community.1edo.com\/cz\/?s={search_term_string}\"},\"query-input\":{\"@type\":\"PropertyValueSpecification\",\"valueRequired\":true,\"valueName\":\"search_term_string\"}}],\"inLanguage\":\"cs\"}]}<\/script>\n<!-- \/ Yoast SEO Premium plugin. -->","yoast_head_json":{"title":"auto\u0159i-v\u0161e - komunita 1edo","description":"Sb\u00edrka v\u0161ech autor\u016f, celkov\u00fd po\u010det p\u0159\u00edsp\u011bvk\u016f a \u017eeb\u0159\u00ed\u010dek celkov\u00e9ho po\u010dtu odpov\u011bd\u00ed","robots":{"index":"index","follow":"follow","max-snippet":"max-snippet:-1","max-image-preview":"max-image-preview:large","max-video-preview":"max-video-preview:-1"},"canonical":"https:\/\/community.1edo.com\/cz\/authors-all\/","og_locale":"cs_CZ","og_type":"article","og_title":"authors-all","og_description":"Collection of all authors, total number of posts, and ranking list of total number of replies","og_url":"https:\/\/community.1edo.com\/cz\/authors-all\/","og_site_name":"1edo community","article_modified_time":"2026-01-15T02:49:13+00:00","twitter_card":"summary_large_image","schema":{"@context":"https:\/\/schema.org","@graph":[{"@type":"WebPage","@id":"https:\/\/community.1edo.com\/fr\/authors-all\/","url":"https:\/\/community.1edo.com\/fr\/authors-all\/","name":"auto\u0159i-v\u0161e - komunita 1edo","isPartOf":{"@id":"https:\/\/community.1edo.com\/cz\/#website"},"datePublished":"2024-02-22T06:04:25+00:00","dateModified":"2026-01-15T02:49:13+00:00","description":"Sb\u00edrka v\u0161ech autor\u016f, celkov\u00fd po\u010det p\u0159\u00edsp\u011bvk\u016f a \u017eeb\u0159\u00ed\u010dek celkov\u00e9ho po\u010dtu odpov\u011bd\u00ed","breadcrumb":{"@id":"https:\/\/community.1edo.com\/fr\/authors-all\/#breadcrumb"},"inLanguage":"cs","potentialAction":[{"@type":"ReadAction","target":["https:\/\/community.1edo.com\/fr\/authors-all\/"]}]},{"@type":"BreadcrumbList","@id":"https:\/\/community.1edo.com\/fr\/authors-all\/#breadcrumb","itemListElement":[{"@type":"ListItem","position":1,"name":"Home","item":"https:\/\/community.1edo.com\/th\/"},{"@type":"ListItem","position":2,"name":"authors-all"}]},{"@type":"WebSite","@id":"https:\/\/community.1edo.com\/cz\/#website","url":"https:\/\/community.1edo.com\/cz\/","name":"komunita 1edo","description":"komunita 1edo","potentialAction":[{"@type":"SearchAction","target":{"@type":"EntryPoint","urlTemplate":"https:\/\/community.1edo.com\/cz\/?s={search_term_string}"},"query-input":{"@type":"PropertyValueSpecification","valueRequired":true,"valueName":"search_term_string"}}],"inLanguage":"cs"}]}},"_links":{"self":[{"href":"https:\/\/community.1edo.com\/cz\/wp-json\/wp\/v2\/pages\/6497","targetHints":{"allow":["GET"]}}],"collection":[{"href":"https:\/\/community.1edo.com\/cz\/wp-json\/wp\/v2\/pages"}],"about":[{"href":"https:\/\/community.1edo.com\/cz\/wp-json\/wp\/v2\/types\/page"}],"author":[{"embeddable":true,"href":"https:\/\/community.1edo.com\/cz\/wp-json\/wp\/v2\/users\/1"}],"replies":[{"embeddable":true,"href":"https:\/\/community.1edo.com\/cz\/wp-json\/wp\/v2\/comments?post=6497"}],"version-history":[{"count":0,"href":"https:\/\/community.1edo.com\/cz\/wp-json\/wp\/v2\/pages\/6497\/revisions"}],"wp:attachment":[{"href":"https:\/\/community.1edo.com\/cz\/wp-json\/wp\/v2\/media?parent=6497"}],"curies":[{"name":"wp","href":"https:\/\/api.w.org\/{rel}","templated":true}]}}