{"id":2926,"date":"2023-11-01T01:39:49","date_gmt":"2023-11-01T01:39:49","guid":{"rendered":"https:\/\/community.1edo.com\/register\/"},"modified":"2026-01-14T15:35:45","modified_gmt":"2026-01-14T07:35:45","slug":"register","status":"publish","type":"page","link":"https:\/\/community.1edo.com\/ca-fr\/register\/","title":{"rendered":"Registre"},"content":{"rendered":"<div data-elementor-type=\"wp-page\" data-elementor-id=\"2926\" class=\"elementor elementor-2926\" data-elementor-post-type=\"page\">\n\t\t\t\t<div class=\"elementor-element elementor-element-9088323 e-flex e-con-boxed e-con e-parent\" data-id=\"9088323\" data-element_type=\"container\">\n\t\t\t\t\t<div class=\"e-con-inner\">\n\t\t<div class=\"elementor-element elementor-element-45dfdc0 e-con-full e-flex e-con e-child\" data-id=\"45dfdc0\" data-element_type=\"container\" data-settings=\"{&quot;background_background&quot;:&quot;classic&quot;}\">\n\t\t\t\t<\/div>\n\t\t\t\t<div class=\"elementor-element elementor-element-763ea91 elementor-widget elementor-widget-heading\" data-id=\"763ea91\" data-element_type=\"widget\" data-widget_type=\"heading.default\">\n\t\t\t\t<div class=\"elementor-widget-container\">\n\t\t\t\t\t<h1 class=\"elementor-heading-title elementor-size-default\">CR\u00c9ER UN COMPTE<\/h1>\t\t\t\t<\/div>\n\t\t\t\t<\/div>\n\t\t\t\t<div class=\"elementor-element elementor-element-f2f8885 elementor-widget elementor-widget-heading\" data-id=\"f2f8885\" data-element_type=\"widget\" data-widget_type=\"heading.default\">\n\t\t\t\t<div class=\"elementor-widget-container\">\n\t\t\t\t\t<h6 class=\"elementor-heading-title elementor-size-default\">Remplissez tous les champs pour cr\u00e9er votre identifiant 1edo.<\/h6>\t\t\t\t<\/div>\n\t\t\t\t<\/div>\n\t\t\t\t\t<\/div>\n\t\t\t\t<\/div>\n\t\t<div class=\"elementor-element elementor-element-2db14988 e-flex e-con-boxed e-con e-parent\" data-id=\"2db14988\" data-element_type=\"container\">\n\t\t\t\t\t<div class=\"e-con-inner\">\n\t\t\t\t<div class=\"elementor-element elementor-element-df16b68 elementor-widget elementor-widget-text-editor\" data-id=\"df16b68\" data-element_type=\"widget\" data-widget_type=\"text-editor.default\">\n\t\t\t\t<div class=\"elementor-widget-container\">\n\t\t\t\t\t<p class=\"alert wppb-error\" id=\"wppb_form_general_message\">The role of the created user set to the default role. Only an administrator can register a user with the role assigned to this form.<\/p>\t\t\t\t<p>        <form enctype=\"multipart\/form-data\" method=\"post\" id=\"wppb-register-user\" class=\"wppb-user-forms wppb-register-user wppb-user-logged-out\" action=\"https:\/\/community.1edo.com\/ca-fr\/wp-json\/wp\/v2\/pages\/2926\" data-trp-original-action=\"https:\/\/community.1edo.com\/ca-fr\/wp-json\/wp\/v2\/pages\/2926\">\n\t\t\t<ul><li class=\"wppb-form-field wppb-default-name-heading\" id=\"wppb-form-element-1\"><h4>Nom<\/h4><span class=\"wppb-description-delimiter\"><\/span><\/li><li class=\"wppb-form-field wppb-default-username\" id=\"wppb-form-element-2\">\n\t\t\t<label for=\"username\">Nom d&#039;utilisateur<span class=\"wppb-required\" title=\"Ce champ est obligatoire\">*<\/span><\/label>\n\t\t\t<input class=\"text-input default_field_username\" name=\"username\" maxlength=\"70\" type=\"text\" id=\"username\" value=\"username\"  \/><span class=\"wppb-description-delimiter\"> \u7528\u6237\u540d\u4e0d\u53ef\u66f4\u6539\u3002<\/span><\/li><li class=\"wppb-form-field wppb-default-first-name\" id=\"wppb-form-element-3\">\n\t\t\t<label for=\"first_name\">Pr\u00e9nom<span class=\"wppb-required\" title=\"Ce champ est obligatoire\">*<\/span><\/label>\n\t\t\t<input class=\"text-input default_field_firstname\" name=\"first_name\" maxlength=\"70\" type=\"text\" id=\"first_name\" value=\"\"  \/><\/li><li class=\"wppb-form-field wppb-default-last-name\" id=\"wppb-form-element-4\">\n\t\t\t<label for=\"last_name\">Nom de famille<span class=\"wppb-required\" title=\"Ce champ est obligatoire\">*<\/span><\/label>\n\t\t\t<input class=\"text-input default_field_lastname\" name=\"last_name\" maxlength=\"70\" type=\"text\" id=\"last_name\" value=\"\" \/><\/li><li class=\"wppb-form-field wppb-default-nickname\" id=\"wppb-form-element-5\">\n\t\t\t<label for=\"nickname\">Surnom<\/label>\n\t\t\t<input class=\"text-input default_field_nickname\" name=\"nickname\" maxlength=\"70\" type=\"text\" id=\"nickname\" value=\"\" \/><\/li><li class=\"wppb-form-field wppb-default-display-name-publicly-as\" id=\"wppb-form-element-6\"><\/li><li class=\"wppb-form-field wppb-select-country\" id=\"wppb-form-element-18\">\n\t\t\t\t<label for=\"custom_field_2\">Pays<span class=\"wppb-required\" title=\"Ce champ est obligatoire\">*<\/span><\/label>\n\t\t\t\t<select name=\"custom_field_2\" id=\"custom_field_2\" class=\"custom_field_country_select\" ><option value=\"\">S\u00e9lectionnez un pays<\/option><option value=\"AF\">Afghanistan<\/option><option value=\"AX\">\u00celes \u00c5land<\/option><option value=\"AL\">Albanie<\/option><option value=\"DZ\">Alg\u00e9rie<\/option><option value=\"AS\">Samoa am\u00e9ricaines<\/option><option value=\"AD\">Andorre<\/option><option value=\"AO\">Angola<\/option><option value=\"AI\">Anguilla<\/option><option value=\"AQ\">Antarctique<\/option><option value=\"AG\">Antigua-et-Barbuda<\/option><option value=\"AR\">Argentine<\/option><option value=\"AM\">Arm\u00e9nie<\/option><option value=\"AW\">Aruba<\/option><option value=\"AU\">Australie<\/option><option value=\"AT\">Autriche<\/option><option value=\"AZ\">Azerba\u00efdjan<\/option><option value=\"BS\">Bahamas<\/option><option value=\"BH\">Bahre\u00efn<\/option><option value=\"BD\">Bangladesh<\/option><option value=\"BB\">Barbade<\/option><option value=\"BY\">Bi\u00e9lorussie<\/option><option value=\"BE\">Belgique<\/option><option value=\"BZ\">B\u00e9lize<\/option><option value=\"BJ\">B\u00e9nin<\/option><option value=\"BM\">Bermudes<\/option><option value=\"BT\">Bhoutan<\/option><option value=\"BO\">Bolivie<\/option><option value=\"BQ\">Bonaire, Saint-Eustache et Saba<\/option><option value=\"BA\">Bosnie-Herz\u00e9govine<\/option><option value=\"BW\">Botswana<\/option><option value=\"BV\">\u00cele Bouvet<\/option><option value=\"BR\">Br\u00e9sil<\/option><option value=\"IO\">Territoire britannique de l&#039;oc\u00e9an Indien<\/option><option value=\"VG\">\u00celes Vierges britanniques<\/option><option value=\"BN\">Brunei<\/option><option value=\"BG\">Bulgarie<\/option><option value=\"BF\">Burkina Faso<\/option><option value=\"BI\">Burundi<\/option><option value=\"KH\">Cambodge<\/option><option value=\"CM\">Cameroun<\/option><option value=\"CA\">Canada<\/option><option value=\"CV\">Cap-Vert<\/option><option value=\"KY\">\u00celes Ca\u00efmans<\/option><option value=\"CF\">R\u00e9publique centrafricaine<\/option><option value=\"TD\">Tchad<\/option><option value=\"CL\">Chili<\/option><option value=\"CN\">Chine<\/option><option value=\"CX\">L&#039;\u00eele Christmas<\/option><option value=\"CC\">\u00celes Cocos<\/option><option value=\"CO\">Colombie<\/option><option value=\"KM\">Comores<\/option><option value=\"CK\">\u00celes Cook<\/option><option value=\"CR\">Costa Rica<\/option><option value=\"HR\">Croatie<\/option><option value=\"CU\">Cuba<\/option><option value=\"CW\">Cura\u00e7ao<\/option><option value=\"CY\">Chypre<\/option><option value=\"CZ\">R\u00e9publique tch\u00e8que<\/option><option value=\"CD\">R\u00e9publique d\u00e9mocratique du Congo<\/option><option value=\"DK\">Danemark<\/option><option value=\"DJ\">Djibouti<\/option><option value=\"DM\">Dominique<\/option><option value=\"DO\">R\u00e9publique dominicaine<\/option><option value=\"TL\">Timor oriental<\/option><option value=\"EC\">\u00c9quateur<\/option><option value=\"EG\">Egypte<\/option><option value=\"SV\">Le Salvador<\/option><option value=\"GQ\">Guin\u00e9e \u00e9quatoriale<\/option><option value=\"ER\">\u00c9rythr\u00e9e<\/option><option value=\"EE\">Estonie<\/option><option value=\"ET\">Ethiopie<\/option><option value=\"FK\">\u00celes Malouines<\/option><option value=\"FO\">\u00celes F\u00e9ro\u00e9<\/option><option value=\"FJ\">Fidji<\/option><option value=\"FI\">Finlande<\/option><option value=\"FR\">France<\/option><option value=\"GF\">Guyane fran\u00e7aise<\/option><option value=\"PF\">Polyn\u00e9sie fran\u00e7aise<\/option><option value=\"TF\">Terres australes fran\u00e7aises<\/option><option value=\"GA\">Gabon<\/option><option value=\"GM\">Gambie<\/option><option value=\"GE\">G\u00e9orgie<\/option><option value=\"DE\">Allemagne<\/option><option value=\"GH\">Ghana<\/option><option value=\"GI\">Gibraltar<\/option><option value=\"GR\">Gr\u00e8ce<\/option><option value=\"GL\">Groenland<\/option><option value=\"GD\">Grenade<\/option><option value=\"GP\">Guadeloupe<\/option><option value=\"GU\">Guam<\/option><option value=\"GT\">Guatemala<\/option><option value=\"GG\">Guernesey<\/option><option value=\"GN\">Guin\u00e9e<\/option><option value=\"GW\">Guin\u00e9e-Bissau<\/option><option value=\"GY\">Guyane<\/option><option value=\"HT\">Ha\u00efti<\/option><option value=\"HM\">\u00celes Heard et McDonald<\/option><option value=\"HN\">Honduras<\/option><option value=\"HK\">Hong Kong<\/option><option value=\"HU\">Hongrie<\/option><option value=\"IS\">Islande<\/option><option value=\"IN\">Inde<\/option><option value=\"ID\">Indon\u00e9sie<\/option><option value=\"IR\">L&#039;Iran<\/option><option value=\"IQ\">Irak<\/option><option value=\"IE\">Irlande<\/option><option value=\"IM\">\u00cele de Man<\/option><option value=\"IL\">Isra\u00ebl<\/option><option value=\"IT\">Italie<\/option><option value=\"CI\">C\u00f4te d&#039;Ivoire<\/option><option value=\"JM\">Jama\u00efque<\/option><option value=\"JP\">Japon<\/option><option value=\"JE\">Jersey<\/option><option value=\"JO\">Jordanie<\/option><option value=\"KZ\">Kazakhstan<\/option><option value=\"KE\">Kenya<\/option><option value=\"KI\">Kiribati<\/option><option value=\"XK\">Kosovo<\/option><option value=\"KW\">Koweit<\/option><option value=\"KG\">Kirghizistan<\/option><option value=\"LA\">Laos<\/option><option value=\"LV\">Lettonie<\/option><option value=\"LB\">Liban<\/option><option value=\"LS\">Lesotho<\/option><option value=\"LR\">Lib\u00e9ria<\/option><option value=\"LY\">Libye<\/option><option value=\"LI\">Liechtenstein<\/option><option value=\"LT\">Lituanie<\/option><option value=\"LU\">Luxembourg<\/option><option value=\"MO\">Macao<\/option><option value=\"MK\">Mac\u00e9doine<\/option><option value=\"MG\">Madagascar<\/option><option value=\"MW\">Malawi<\/option><option value=\"MY\">Malaisie<\/option><option value=\"MV\">Maldives<\/option><option value=\"ML\">Mali<\/option><option value=\"MT\">Malte<\/option><option value=\"MH\">\u00celes Marshall<\/option><option value=\"MQ\">Martinique<\/option><option value=\"MR\">Mauritanie<\/option><option value=\"MU\">Maurice<\/option><option value=\"YT\">Mayotte<\/option><option value=\"MX\">Mexique<\/option><option value=\"FM\">Micron\u00e9sie<\/option><option value=\"MD\">Moldavie<\/option><option value=\"MC\">Monaco<\/option><option value=\"MN\">Mongolie<\/option><option value=\"ME\">Mont\u00e9n\u00e9gro<\/option><option value=\"MS\">Montserrat<\/option><option value=\"MA\">Maroc<\/option><option value=\"MZ\">Mozambique<\/option><option value=\"MM\">Birmanie<\/option><option value=\"NA\">Namibie<\/option><option value=\"NR\">Nauru<\/option><option value=\"NP\">N\u00e9pal<\/option><option value=\"NL\">Pays-Bas<\/option><option value=\"NC\">Nouvelle-Cal\u00e9donie<\/option><option value=\"NZ\">Nouvelle-Z\u00e9lande<\/option><option value=\"NI\">Nicaragua<\/option><option value=\"NE\">Niger<\/option><option value=\"NG\">Nigeria<\/option><option value=\"NU\">Niue<\/option><option value=\"NF\">\u00cele Norfolk<\/option><option value=\"KP\">Cor\u00e9e du Nord<\/option><option value=\"MP\">\u00celes Mariannes du Nord<\/option><option value=\"NO\">Norv\u00e8ge<\/option><option value=\"OM\">Oman<\/option><option value=\"PK\">Pakistan<\/option><option value=\"PW\">Palaos<\/option><option value=\"PS\">Territoire palestinien<\/option><option value=\"PA\">Panama<\/option><option value=\"PG\">Papouasie-Nouvelle-Guin\u00e9e<\/option><option value=\"PY\">Paraguay<\/option><option value=\"PE\">P\u00e9rou<\/option><option value=\"PH\">Philippines<\/option><option value=\"PN\">Pitcairn<\/option><option value=\"PL\">Pologne<\/option><option value=\"PT\">Portugal<\/option><option value=\"PR\">Porto Rico<\/option><option value=\"QA\">Qatar<\/option><option value=\"CG\">R\u00e9publique du Congo<\/option><option value=\"RE\">R\u00e9union<\/option><option value=\"RO\">Roumanie<\/option><option value=\"RU\">Russie<\/option><option value=\"RW\">Rwanda<\/option><option value=\"BL\">Saint-Barth\u00e9lemy<\/option><option value=\"SH\">Sainte-H\u00e9l\u00e8ne<\/option><option value=\"KN\">Saint-Kitts-et-Nevis<\/option><option value=\"LC\">Sainte-Lucie<\/option><option value=\"MF\">Saint-Martin<\/option><option value=\"PM\">Saint-Pierre-et-Miquelon<\/option><option value=\"VC\">Saint-Vincent-et-les Grenadines<\/option><option value=\"WS\">Samoa<\/option><option value=\"SM\">Saint-Marin<\/option><option value=\"ST\">Sao Tom\u00e9-et-Principe<\/option><option value=\"SA\">Arabie Saoudite<\/option><option value=\"SN\">S\u00e9n\u00e9gal<\/option><option value=\"RS\">Serbie<\/option><option value=\"SC\">Seychelles<\/option><option value=\"SL\">Sierra Leone<\/option><option value=\"SG\">Singapour<\/option><option value=\"SX\">Saint-Martin<\/option><option value=\"SK\">Slovaquie<\/option><option value=\"SI\">Slov\u00e9nie<\/option><option value=\"SB\">\u00celes Salomon<\/option><option value=\"SO\">Somalie<\/option><option value=\"ZA\">Afrique du Sud<\/option><option value=\"GS\">G\u00e9orgie du Sud et les \u00eeles Sandwich du Sud<\/option><option value=\"KR\">Cor\u00e9e du Sud<\/option><option value=\"SS\">Soudan du Sud<\/option><option value=\"ES\">Espagne<\/option><option value=\"LK\">Sri Lanka<\/option><option value=\"SD\">Soudan<\/option><option value=\"SR\">Suriname<\/option><option value=\"SJ\">Svalbard et Jan Mayen<\/option><option value=\"SZ\">Swaziland<\/option><option value=\"SE\">Su\u00e8de<\/option><option value=\"CH\">Suisse<\/option><option value=\"SY\">Syrie<\/option><option value=\"TW\">Ta\u00efwan<\/option><option value=\"TJ\">Tadjikistan<\/option><option value=\"TZ\">Tanzanie<\/option><option value=\"TH\">Tha\u00eflande<\/option><option value=\"TG\">Aller<\/option><option value=\"TK\">Tok\u00e9laou<\/option><option value=\"TO\">Tonga<\/option><option value=\"TT\">Trinit\u00e9-et-Tobago<\/option><option value=\"TN\">Tunisie<\/option><option value=\"TR\">Turquie<\/option><option value=\"TM\">Turkm\u00e9nistan<\/option><option value=\"TC\">\u00celes Turques-et-Ca\u00efques<\/option><option value=\"TV\">Tuvalu<\/option><option value=\"VI\">\u00celes Vierges am\u00e9ricaines<\/option><option value=\"UG\">Ouganda<\/option><option value=\"UA\">Ukraine<\/option><option value=\"AE\">\u00c9mirats arabes unis<\/option><option value=\"GB\">Royaume-Uni<\/option><option value=\"US\">\u00c9tats-Unis<\/option><option value=\"UM\">\u00celes mineures \u00e9loign\u00e9es des \u00c9tats-Unis<\/option><option value=\"UY\">Uruguay<\/option><option value=\"UZ\">Ouzb\u00e9kistan<\/option><option value=\"VU\">Vanuatu<\/option><option value=\"VA\">Vatican<\/option><option value=\"VE\">Venezuela<\/option><option value=\"VN\">Vietnam<\/option><option value=\"WF\">Wallis-et-Futuna<\/option><option value=\"EH\">Sahara occidental<\/option><option value=\"YE\">Y\u00e9men<\/option><option value=\"ZM\">Zambie<\/option><option value=\"ZW\">Zimbabwe<\/option>\n\t\t\t\t<\/select><\/li><li class=\"wppb-form-field wppb-phone\" id=\"wppb-form-element-7\">\n\t\t\t\t<label for=\"phone\">T\u00e9l\u00e9phone<span class=\"wppb-required\" title=\"Ce champ est obligatoire\">*<\/span><\/label>\n\t\t\t\t<input data-phone-format=\"{&quot;phone_data&quot;:0}\" class=\"extra_field_phone\" name=\"phone\" maxlength=\"70\" type=\"text\" id=\"phone\" value=\"\" \/><\/li><li class=\"wppb-form-field wppb-default-e-mail\" id=\"wppb-form-element-8\">\n\t\t\t<label for=\"email\">E-mail<span class=\"wppb-required\" title=\"Ce champ est obligatoire\">*<\/span><\/label>\n\t\t\t<input class=\"text-input default_field_email\" name=\"email\" maxlength=\"70\" type=\"email\" id=\"email\" value=\"\"   \/><\/li><li class=\"wppb-form-field wppb-default-password\" id=\"wppb-form-element-15\">\n\t\t\t<label for=\"passw1\">Mot de passe<span class=\"wppb-required\" title=\"Ce champ est obligatoire\">*<\/span><\/label>\n            <span class=\"wppb-password-field-container\">\n\t\t\t    <input class=\"text-input\" name=\"passw1\" maxlength=\"70\" type=\"password\" id=\"passw1\" value=\"\" autocomplete=\"off\" \/>\n\t\t\t     <!-- add the HTML for the visibility toggle -->\n\t\t\t<\/span><span class=\"wppb-description-delimiter\">\u91cd\u590d\u65b0\u5bc6\u7801  <\/span><\/li><li class=\"wppb-form-field wppb-default-repeat-password\" id=\"wppb-form-element-16\">\n\t\t\t<label for=\"passw2\">R\u00e9p\u00e9ter le mot de passe<\/label>\n\t\t\t<span class=\"wppb-password-field-container\">\n\t\t\t    <input class=\"text-input\" name=\"passw2\" maxlength=\"70\" type=\"password\" id=\"passw2\" value=\"\" autocomplete=\"off\" \/>\n\t\t\t     <!-- add the HTML for the visibility toggle -->\n\t\t\t<\/span><span class=\"wppb-description-delimiter\">\u518d\u8f93\u5165\u4e00\u904d\u65b0\u5bc6\u7801\u3002<\/span><\/li><\/ul><ul><li class=\"wppb-form-field wppb-send-credentials-checkbox\"><label for=\"send_credentials_via_email\"><input id=\"send_credentials_via_email\" type=\"checkbox\" name=\"send_credentials_via_email\" value=\"sending\"\/>Send these credentials via email.<\/label><\/li><\/ul>\t\t\t<p class=\"form-submit\"  >\n\t\t\t\t                \t\t\t\t<input name=\"register\" type=\"submit\" id=\"register\" class=\"submit button\" value=\"Registre\" \/>\n                <input name=\"redirect_to\" type=\"hidden\" value=\"\" \/>\n                \t\t\t\t<input name=\"action\" type=\"hidden\" id=\"action\" value=\"register\" \/>\n\t\t\t\t<input name=\"form_name\" type=\"hidden\" id=\"form_name\" value=\"unspecified\" \/>\n\t\t\t\t<input name=\"form_id\" type=\"hidden\" id=\"form_id\" value=\"\" \/>\n\t\t\t\t\t\t\t<\/p><!-- .form-submit -->\n\t\t\t<input type=\"hidden\" id=\"register_unspecified_nonce_field\" name=\"register_unspecified_nonce_field\" value=\"f2ebc99210\" \/><input type=\"hidden\" name=\"_wp_http_referer\" value=\"\/ca-fr\/wp-json\/wp\/v2\/pages\/2926\" \/>\t\t<input type=\"hidden\" name=\"trp-form-language\" value=\"ca-fr\"\/><\/form>\n\t\t<\/p>\t\t\t\t\t\t\t\t<\/div>\n\t\t\t\t<\/div>\n\t\t\t\t<div class=\"elementor-element elementor-element-9427073 elementor-widget__width-initial elementor-widget elementor-widget-shortcode\" data-id=\"9427073\" data-element_type=\"widget\" data-widget_type=\"shortcode.default\">\n\t\t\t\t<div class=\"elementor-widget-container\">\n\t\t\t\t\t\t\t<div class=\"elementor-shortcode\">[extrait xyz-ips=&quot;facebook-content&quot;]<\/div>\n\t\t\t\t\t\t<\/div>\n\t\t\t\t<\/div>\n\t\t\t\t<div class=\"elementor-element elementor-element-194ea39 elementor-widget elementor-widget-heading\" data-id=\"194ea39\" data-element_type=\"widget\" data-widget_type=\"heading.default\">\n\t\t\t\t<div class=\"elementor-widget-container\">\n\t\t\t\t\t<h5 class=\"elementor-heading-title elementor-size-default\">AVOIR UN COMPTE? SE CONNECTER<\/h5>\t\t\t\t<\/div>\n\t\t\t\t<\/div>\n\t\t\t\t\t<\/div>\n\t\t\t\t<\/div>\n\t\t\t\t<\/div>","protected":false},"excerpt":{"rendered":"","protected":false},"author":1,"featured_media":0,"parent":0,"menu_order":0,"comment_status":"closed","ping_status":"closed","template":"","meta":{"footnotes":""},"class_list":["post-2926","page","type-page","status-publish","hentry"],"yoast_head":"<!-- This site is optimized with the Yoast SEO Premium plugin v22.8 (Yoast SEO v26.7) - https:\/\/yoast.com\/wordpress\/plugins\/seo\/ -->\n<title>Register - 1edo community<\/title>\n<meta name=\"description\" content=\"1edo community, Create an account and fill in the username, password, email and other fields to create your 1edo ID\" \/>\n<meta name=\"robots\" content=\"index, follow, max-snippet:-1, max-image-preview:large, max-video-preview:-1\" \/>\n<link rel=\"canonical\" href=\"https:\/\/community.1edo.com\/ca-fr\/register\/\" \/>\n<meta property=\"og:locale\" content=\"fr_CA\" \/>\n<meta property=\"og:type\" content=\"article\" \/>\n<meta property=\"og:title\" content=\"Register\" \/>\n<meta property=\"og:description\" content=\"1edo community, Create an account and fill in the username, password, email and other fields to create your 1edo ID\" \/>\n<meta property=\"og:url\" content=\"https:\/\/community.1edo.com\/ca-fr\/register\/\" \/>\n<meta property=\"og:site_name\" content=\"1edo community\" \/>\n<meta property=\"article:modified_time\" content=\"2026-01-14T07:35:45+00:00\" \/>\n<meta name=\"twitter:card\" content=\"summary_large_image\" \/>\n<meta name=\"twitter:label1\" content=\"Estimation du temps de lecture\" \/>\n\t<meta name=\"twitter:data1\" content=\"1 minute\" \/>\n<script type=\"application\/ld+json\" class=\"yoast-schema-graph\">{\"@context\":\"https:\/\/schema.org\",\"@graph\":[{\"@type\":\"WebPage\",\"@id\":\"https:\/\/community.1edo.com\/no\/register\/\",\"url\":\"https:\/\/community.1edo.com\/no\/register\/\",\"name\":\"Register - 1edo community\",\"isPartOf\":{\"@id\":\"https:\/\/community.1edo.com\/cz\/#website\"},\"datePublished\":\"2023-11-01T01:39:49+00:00\",\"dateModified\":\"2026-01-14T07:35:45+00:00\",\"description\":\"1edo community, Create an account and fill in the username, password, email and other fields to create your 1edo ID\",\"breadcrumb\":{\"@id\":\"https:\/\/community.1edo.com\/no\/register\/#breadcrumb\"},\"inLanguage\":\"fr-CA\",\"potentialAction\":[{\"@type\":\"ReadAction\",\"target\":[\"https:\/\/community.1edo.com\/no\/register\/\"]}]},{\"@type\":\"BreadcrumbList\",\"@id\":\"https:\/\/community.1edo.com\/no\/register\/#breadcrumb\",\"itemListElement\":[{\"@type\":\"ListItem\",\"position\":1,\"name\":\"Home\",\"item\":\"https:\/\/community.1edo.com\/th\/\"},{\"@type\":\"ListItem\",\"position\":2,\"name\":\"Register\"}]},{\"@type\":\"WebSite\",\"@id\":\"https:\/\/community.1edo.com\/cz\/#website\",\"url\":\"https:\/\/community.1edo.com\/cz\/\",\"name\":\"1edo community\",\"description\":\"1edo community\",\"potentialAction\":[{\"@type\":\"SearchAction\",\"target\":{\"@type\":\"EntryPoint\",\"urlTemplate\":\"https:\/\/community.1edo.com\/cz\/?s={search_term_string}\"},\"query-input\":{\"@type\":\"PropertyValueSpecification\",\"valueRequired\":true,\"valueName\":\"search_term_string\"}}],\"inLanguage\":\"fr-CA\"}]}<\/script>\n<!-- \/ Yoast SEO Premium plugin. -->","yoast_head_json":{"title":"S&#039;inscrire - Communaut\u00e9 1edo","description":"Communaut\u00e9 1edo, Cr\u00e9ez un compte et remplissez le nom d&#039;utilisateur, le mot de passe, l&#039;e-mail et d&#039;autres champs pour cr\u00e9er votre identifiant 1edo","robots":{"index":"index","follow":"follow","max-snippet":"max-snippet:-1","max-image-preview":"max-image-preview:large","max-video-preview":"max-video-preview:-1"},"canonical":"https:\/\/community.1edo.com\/ca-fr\/register\/","og_locale":"fr_CA","og_type":"article","og_title":"Register","og_description":"1edo community, Create an account and fill in the username, password, email and other fields to create your 1edo ID","og_url":"https:\/\/community.1edo.com\/ca-fr\/register\/","og_site_name":"1edo community","article_modified_time":"2026-01-14T07:35:45+00:00","twitter_card":"summary_large_image","twitter_misc":{"Estimation du temps de lecture":"1 minute"},"schema":{"@context":"https:\/\/schema.org","@graph":[{"@type":"WebPage","@id":"https:\/\/community.1edo.com\/no\/register\/","url":"https:\/\/community.1edo.com\/no\/register\/","name":"S&#039;inscrire - Communaut\u00e9 1edo","isPartOf":{"@id":"https:\/\/community.1edo.com\/cz\/#website"},"datePublished":"2023-11-01T01:39:49+00:00","dateModified":"2026-01-14T07:35:45+00:00","description":"Communaut\u00e9 1edo, Cr\u00e9ez un compte et remplissez le nom d&#039;utilisateur, le mot de passe, l&#039;e-mail et d&#039;autres champs pour cr\u00e9er votre identifiant 1edo","breadcrumb":{"@id":"https:\/\/community.1edo.com\/no\/register\/#breadcrumb"},"inLanguage":"fr-CA","potentialAction":[{"@type":"ReadAction","target":["https:\/\/community.1edo.com\/no\/register\/"]}]},{"@type":"BreadcrumbList","@id":"https:\/\/community.1edo.com\/no\/register\/#breadcrumb","itemListElement":[{"@type":"ListItem","position":1,"name":"Home","item":"https:\/\/community.1edo.com\/th\/"},{"@type":"ListItem","position":2,"name":"Register"}]},{"@type":"WebSite","@id":"https:\/\/community.1edo.com\/cz\/#website","url":"https:\/\/community.1edo.com\/cz\/","name":"communaut\u00e9 1edo","description":"communaut\u00e9 1edo","potentialAction":[{"@type":"SearchAction","target":{"@type":"EntryPoint","urlTemplate":"https:\/\/community.1edo.com\/cz\/?s={search_term_string}"},"query-input":{"@type":"PropertyValueSpecification","valueRequired":true,"valueName":"search_term_string"}}],"inLanguage":"fr-CA"}]}},"_links":{"self":[{"href":"https:\/\/community.1edo.com\/ca-fr\/wp-json\/wp\/v2\/pages\/2926","targetHints":{"allow":["GET"]}}],"collection":[{"href":"https:\/\/community.1edo.com\/ca-fr\/wp-json\/wp\/v2\/pages"}],"about":[{"href":"https:\/\/community.1edo.com\/ca-fr\/wp-json\/wp\/v2\/types\/page"}],"author":[{"embeddable":true,"href":"https:\/\/community.1edo.com\/ca-fr\/wp-json\/wp\/v2\/users\/1"}],"replies":[{"embeddable":true,"href":"https:\/\/community.1edo.com\/ca-fr\/wp-json\/wp\/v2\/comments?post=2926"}],"version-history":[{"count":0,"href":"https:\/\/community.1edo.com\/ca-fr\/wp-json\/wp\/v2\/pages\/2926\/revisions"}],"wp:attachment":[{"href":"https:\/\/community.1edo.com\/ca-fr\/wp-json\/wp\/v2\/media?parent=2926"}],"curies":[{"name":"wp","href":"https:\/\/api.w.org\/{rel}","templated":true}]}}