{"id":6497,"date":"2024-02-22T06:04:25","date_gmt":"2024-02-22T06:04:25","guid":{"rendered":"https:\/\/community.1edo.com\/?page_id=6497"},"modified":"2026-01-15T10:49:13","modified_gmt":"2026-01-15T02:49:13","slug":"authors-all","status":"publish","type":"page","link":"https:\/\/community.1edo.com\/br\/authors-all\/","title":{"rendered":"autores-todos"},"content":{"rendered":"<div data-elementor-type=\"wp-page\" data-elementor-id=\"6497\" class=\"elementor elementor-6497\" data-elementor-post-type=\"page\">\n\t\t\t\t<div class=\"elementor-element elementor-element-75611ad e-flex e-con-boxed e-con e-parent\" data-id=\"75611ad\" data-element_type=\"container\">\n\t\t\t\t\t<div class=\"e-con-inner\">\n\t\t\t\t<div class=\"elementor-element elementor-element-02e97c4 elementor-widget elementor-widget-shortcode\" data-id=\"02e97c4\" data-element_type=\"widget\" data-widget_type=\"shortcode.default\">\n\t\t\t\t<div class=\"elementor-widget-container\">\n\t\t\t\t\t\t\t<div class=\"elementor-shortcode\"><div class=\"blog_sel_wap\">    <div class=\"cremb_title\">In\u00edcio \/ Comunidade \/ Comunidade<\/div>\r\n    <div class=\"top_txt\">\r\n         <h1>Bem-vindo \u00e0 comunidade 1edo<\/h1>\r\n        <div class=\"search_text\">Conecte-se e interaja com nossa comunidade para obter respostas, discutir pr\u00e1ticas recomendadas e aprender continuamente mais sobre as solu\u00e7\u00f5es 1edo.<\/div>\r\n           <input id=\"bkeys\" type=\"text\" \/>\r\n          <span id=\"sel_bkey\"> <img decoding=\"async\" src=\"\/wp-content\/uploads\/product_info_imgs\/blog_sel.png\" alt=\"blog_sel\"\/> <\/span>\r\n       <\/div>\r\n     <div class=\"sel_bottom\">\r\n     <ul>\r\n         <li><img decoding=\"async\" src=\"\/wp-content\/uploads\/product_info_imgs\/se01.png\" alt=\"Posts\"><\/li><li>  11 Postagens<\/li>\r\n     <li><img decoding=\"async\" src=\"\/wp-content\/uploads\/product_info_imgs\/se02.png\" alt=\"Members\"><\/li><li>  13 membros<\/li>\r\n     <li><img decoding=\"async\" src=\"\/wp-content\/uploads\/product_info_imgs\/se03.png\" alt=\"Online\"><\/li><li>13 on-line<\/li>\r\n    <\/ul>\r\n    <\/div>\r\n<\/div>\r\n\r\n  <script src=\"\/wp-content\/uploads\/product_info_imgs\/jquery-3.2.1.min.js\"><\/script>\r\n  <script type=\"text\/javascript\">\r\n             $(document).ready(function() {\r\n              \/\/\u4e0b\u62c9\u7b5b\u9009-\u8ba2\u5355\u9875\r\n               $('#sel_bkey img').click(function() {\r\n                        var url = \"\/?bkey=\"+$(\"#bkeys\").val();\r\n                        if (url != '') {\r\n                            window.location.href = url;\r\n                        }\r\n                    });\r\n                });\r\n<\/script><\/div>\n\t\t\t\t\t\t<\/div>\n\t\t\t\t<\/div>\n\t\t\t\t\t<\/div>\n\t\t\t\t<\/div>\n\t\t<div class=\"elementor-element elementor-element-cba2a08 e-flex e-con-boxed e-con e-parent\" data-id=\"cba2a08\" data-element_type=\"container\" data-settings=\"{&quot;background_background&quot;:&quot;classic&quot;}\">\n\t\t\t\t\t<div class=\"e-con-inner\">\n\t\t\t\t<div class=\"elementor-element elementor-element-ac1f22b elementor-widget elementor-widget-shortcode\" data-id=\"ac1f22b\" data-element_type=\"widget\" data-widget_type=\"shortcode.default\">\n\t\t\t\t<div class=\"elementor-widget-container\">\n\t\t\t\t\t\t\t<div class=\"elementor-shortcode\"><div id=\"author_wap\">\r\n<div class=\"top_info\">\r\n  <span class=\"first\"><h2>\r\n\t  Autores\r\n\t  <\/h2><\/span>\r\n  <span class=\"two\" style=\"display:none\">Postagens<\/span>   \r\n<\/div>\r\n\r\n<!--\r\n<div class=\"top_rel\"> \r\n<ul>\r\n<li class=\"first\">Time Range :<\/li>\r\n<li>Last Day (24 Hours)<\/li>\r\n<li>Last Week (7 Days)<\/li>\r\n<li> Last Month (30 Days)<\/li>\r\n<li> Last 3 Months<\/li> \r\n<li>Last 6 Months<\/li>\r\n<li>Last Year<\/li>\r\n<li>All Time<\/li>\r\n <\/ul> \r\n<div>  -->\r\n\r\n<h2> Principais autores Kudoed na &#039;Comunidade 1edo&#039;  <\/h2>\r\n\r\n<div class=\"athor_content\">\r\n       <ul>\r\n     <li class=\"first\">1 <\/li>\r\n    <li class=\"two\">\r\n        \u00a0 \u00a0 \u00a0 \u00a0<img decoding=\"async\" src=\"\/wp-content\/uploads\/athorPhoto\/photo.png\" alt=\"photo\" width=\"55\" height=\"55\" title=\"\"> \r\n            <\/li>\r\n    <li class=\"three\">administrador <\/li>\r\n    <li class=\"last\"> <img decoding=\"async\" src=\"\/wp-content\/uploads\/product_info_imgs\/links.png\" alt=\"links\"> 0 <\/li>\r\n    <\/ul>\r\n         <ul>\r\n     <li class=\"first\">2 <\/li>\r\n    <li class=\"two\">\r\n        \u00a0 \u00a0 \u00a0 \u00a0<img decoding=\"async\" src=\"\/wp-content\/uploads\/athorPhoto\/photo.png\" alt=\"photo\" width=\"55\" height=\"55\" title=\"\"> \r\n            <\/li>\r\n    <li class=\"three\">1edo_zhc <\/li>\r\n    <li class=\"last\"> <img decoding=\"async\" src=\"\/wp-content\/uploads\/product_info_imgs\/links.png\" alt=\"links\"> 0 <\/li>\r\n    <\/ul>\r\n         <ul>\r\n     <li class=\"first\">3 <\/li>\r\n    <li class=\"two\">\r\n        \u00a0 \u00a0 \u00a0 \u00a0<img decoding=\"async\" src=\"\/wp-content\/uploads\/athorPhoto\/photo.png\" alt=\"photo\" width=\"55\" height=\"55\" title=\"\"> \r\n            <\/li>\r\n    <li class=\"three\">zhhc1 <\/li>\r\n    <li class=\"last\"> <img decoding=\"async\" src=\"\/wp-content\/uploads\/product_info_imgs\/links.png\" alt=\"links\"> 0 <\/li>\r\n    <\/ul>\r\n         <ul>\r\n     <li class=\"first\">4 <\/li>\r\n    <li class=\"two\">\r\n        \u00a0 \u00a0 \u00a0 \u00a0<img decoding=\"async\" src=\"\/wp-content\/uploads\/athorPhoto\/photo.png\" alt=\"photo\" width=\"55\" height=\"55\" title=\"\"> \r\n            <\/li>\r\n    <li class=\"three\">zhhc2 <\/li>\r\n    <li class=\"last\"> <img decoding=\"async\" src=\"\/wp-content\/uploads\/product_info_imgs\/links.png\" alt=\"links\"> 0 <\/li>\r\n    <\/ul>\r\n         <ul>\r\n     <li class=\"first\">5 <\/li>\r\n    <li class=\"two\">\r\n        \u00a0 \u00a0 \u00a0 \u00a0<img decoding=\"async\" src=\"\/wp-content\/uploads\/athorPhoto\/photo.png\" alt=\"photo\" width=\"55\" height=\"55\" title=\"\"> \r\n            <\/li>\r\n    <li class=\"three\">uwrsjo-ttjdccj <\/li>\r\n    <li class=\"last\"> <img decoding=\"async\" src=\"\/wp-content\/uploads\/product_info_imgs\/links.png\" alt=\"links\"> 0 <\/li>\r\n    <\/ul>\r\n         <ul>\r\n     <li class=\"first\">6 <\/li>\r\n    <li class=\"two\">\r\n        \u00a0 \u00a0 \u00a0 \u00a0<img decoding=\"async\" src=\"\/wp-content\/uploads\/athorPhoto\/photo.png\" alt=\"photo\" width=\"55\" height=\"55\" title=\"\"> \r\n            <\/li>\r\n    <li class=\"three\">xingxdd <\/li>\r\n    <li class=\"last\"> <img decoding=\"async\" src=\"\/wp-content\/uploads\/product_info_imgs\/links.png\" alt=\"links\"> 0 <\/li>\r\n    <\/ul>\r\n         <ul>\r\n     <li class=\"first\">7 <\/li>\r\n    <li class=\"two\">\r\n        \u00a0 \u00a0 \u00a0 \u00a0<img decoding=\"async\" src=\"\/wp-content\/uploads\/athorPhoto\/photo.png\" alt=\"photo\" width=\"55\" height=\"55\" title=\"\"> \r\n            <\/li>\r\n    <li class=\"three\">1edo2024 <\/li>\r\n    <li class=\"last\"> <img decoding=\"async\" src=\"\/wp-content\/uploads\/product_info_imgs\/links.png\" alt=\"links\"> 0 <\/li>\r\n    <\/ul>\r\n         <ul>\r\n     <li class=\"first\">8 <\/li>\r\n    <li class=\"two\">\r\n        \u00a0 \u00a0 \u00a0 \u00a0<img decoding=\"async\" src=\"\/wp-content\/uploads\/athorPhoto\/photo.png\" alt=\"photo\" width=\"55\" height=\"55\" title=\"\"> \r\n            <\/li>\r\n    <li class=\"three\">1edo2025 <\/li>\r\n    <li class=\"last\"> <img decoding=\"async\" src=\"\/wp-content\/uploads\/product_info_imgs\/links.png\" alt=\"links\"> 0 <\/li>\r\n    <\/ul>\r\n         <ul>\r\n     <li class=\"first\">9 <\/li>\r\n    <li class=\"two\">\r\n        \u00a0 \u00a0 \u00a0 \u00a0<img decoding=\"async\" src=\"\/wp-content\/uploads\/athorPhoto\/photo.png\" alt=\"photo\" width=\"55\" height=\"55\" title=\"\"> \r\n            <\/li>\r\n    <li class=\"three\">1edo2026 <\/li>\r\n    <li class=\"last\"> <img decoding=\"async\" src=\"\/wp-content\/uploads\/product_info_imgs\/links.png\" alt=\"links\"> 0 <\/li>\r\n    <\/ul>\r\n         <ul>\r\n     <li class=\"first\">10 <\/li>\r\n    <li class=\"two\">\r\n        \u00a0 \u00a0 \u00a0 \u00a0<img decoding=\"async\" src=\"\/wp-content\/uploads\/athorPhoto\/photo.png\" alt=\"photo\" width=\"55\" height=\"55\" title=\"\"> \r\n            <\/li>\r\n    <li class=\"three\">nome de usu\u00e1rio <\/li>\r\n    <li class=\"last\"> <img decoding=\"async\" src=\"\/wp-content\/uploads\/product_info_imgs\/links.png\" alt=\"links\"> 0 <\/li>\r\n    <\/ul>\r\n         <ul>\r\n     <li class=\"first\">11 <\/li>\r\n    <li class=\"two\">\r\n        \u00a0 \u00a0 \u00a0 \u00a0<img decoding=\"async\" src=\"\/wp-content\/uploads\/athorPhoto\/photo.png\" alt=\"photo\" width=\"55\" height=\"55\" title=\"\"> \r\n            <\/li>\r\n    <li class=\"three\">smileymeng5gmail-com <\/li>\r\n    <li class=\"last\"> <img decoding=\"async\" src=\"\/wp-content\/uploads\/product_info_imgs\/links.png\" alt=\"links\"> 0 <\/li>\r\n    <\/ul>\r\n         <ul>\r\n     <li class=\"first\">12 <\/li>\r\n    <li class=\"two\">\r\n        \u00a0 \u00a0 \u00a0 \u00a0<img decoding=\"async\" src=\"\/wp-content\/uploads\/athorPhoto\/photo.png\" alt=\"photo\" width=\"55\" height=\"55\" title=\"\"> \r\n            <\/li>\r\n    <li class=\"three\">ruofan1001gmail-com <\/li>\r\n    <li class=\"last\"> <img decoding=\"async\" src=\"\/wp-content\/uploads\/product_info_imgs\/links.png\" alt=\"links\"> 0 <\/li>\r\n    <\/ul>\r\n         <ul>\r\n     <li class=\"first\">13 <\/li>\r\n    <li class=\"two\">\r\n        \u00a0 \u00a0 \u00a0 \u00a0<img decoding=\"async\" src=\"\/wp-content\/uploads\/athorPhoto\/photo.png\" alt=\"photo\" width=\"55\" height=\"55\" title=\"\"> \r\n            <\/li>\r\n    <li class=\"three\">1edo_soft <\/li>\r\n    <li class=\"last\"> <img decoding=\"async\" src=\"\/wp-content\/uploads\/product_info_imgs\/links.png\" alt=\"links\"> 0 <\/li>\r\n    <\/ul>\r\n     <\/div>\r\n\r\n <!--page start-->\r\n  <div class=\"page_wap\">\r\n    <span class=\"first_page\"> <a href=\"\/br\/authors-all\/?pages=1\" > Pr\u00e9-p\u00e1gina <\/a> <\/span>\r\n      <\/div>\r\n<!-- page end -->\r\n\r\n<\/div><\/div>\n\t\t\t\t\t\t<\/div>\n\t\t\t\t<\/div>\n\t\t\t\t\t<\/div>\n\t\t\t\t<\/div>\n\t\t<div class=\"elementor-element elementor-element-d8cb018 e-flex e-con-boxed e-con e-parent\" data-id=\"d8cb018\" data-element_type=\"container\">\n\t\t\t\t\t<div class=\"e-con-inner\">\n\t\t\t\t<div class=\"elementor-element elementor-element-d5d450f elementor-widget elementor-widget-shortcode\" data-id=\"d5d450f\" data-element_type=\"widget\" data-widget_type=\"shortcode.default\">\n\t\t\t\t<div class=\"elementor-widget-container\">\n\t\t\t\t\t\t\t<div class=\"elementor-shortcode\"><div class=\"community_wap_last  container\">\r\n<div class=\"community_bottom\">\r\n     <h2>Recursos comunit\u00e1rios<\/h2>\r\n     <p>Esses materiais ajudar\u00e3o voc\u00ea a participar e se conectar com outros membros<\/p>\r\n     \r\n     <div class=\"main\">\r\n           <div class=\"image\"><img decoding=\"async\" src=\"\/wp-content\/uploads\/product_info_imgs\/bb01.png\" alt=\"bb01\"><\/div>\r\n           <div class=\"info\">\r\n                  <h3>Regras de noivado<\/h3>\r\n                   <div class=\"community_content\">Os participantes da comunidade 1edo devem ser respeitosos, solid\u00e1rios e profissionais. Conhe\u00e7a as regras que todos os membros devem seguir, bem como as a\u00e7\u00f5es que podem levar \u00e0 remo\u00e7\u00e3o do conte\u00fado de um membro.<\/div>\r\n           <\/div>\r\n     <\/div>\r\n\r\n    <div class=\"main\">\r\n           <div class=\"image\"><img decoding=\"async\" src=\"\/wp-content\/uploads\/product_info_imgs\/bb02.png\" alt=\"bb02\"><\/div>\r\n           <div class=\"info\">\r\n                  <h3>Tutorial da comunidade 1edo<\/h3>\r\n                   <div class=\"community_content\">O tutorial Tour the Community fornece informa\u00e7\u00f5es valiosas sobre como navegar e participar da comunidade, abrangendo tudo, desde o b\u00e1sico at\u00e9 blogs.<\/div>\r\n           <\/div>\r\n     <\/div>\r\n\r\n <div class=\"main\">\r\n           <div class=\"image\"><img decoding=\"async\" src=\"\/wp-content\/uploads\/product_info_imgs\/bb03.png\" alt=\"bb03\"><\/div>\r\n           <div class=\"info\">\r\n                  <h3>Equipe da comunidade 1edo e modera\u00e7\u00e3o<\/h3>\r\n                   <div class=\"community_content\">A equipe da comunidade 1edo e modera\u00e7\u00e3o A equipe da comunidade 1edo est\u00e1 pronta para responder \u00e0s suas perguntas sobre nossa plataforma. Nossa equipe inclui moderadores que garantem que a Comunidade 1edo continue sendo uma fonte profissional de informa\u00e7\u00e3o, ajudando a mediar conflitos relacionados \u00e0s atividades de modera\u00e7\u00e3o.<\/div>\r\n           <\/div>\r\n     <\/div>\r\n\r\n <div class=\"main\">\r\n           <div class=\"image\"><img decoding=\"async\" src=\"\/wp-content\/uploads\/product_info_imgs\/bb01.png\" alt=\"bb01\"><\/div>\r\n           <div class=\"info\">\r\n                  <h3>Voz da Comunidade 1edo<\/h3>\r\n                   <div class=\"community_content\">1edo Community Voice \u00e9 um boletim informativo semestral que destaca o melhor do conte\u00fado da comunidade 1EDO, incluindo postagens de blog, discuss\u00f5es, not\u00edcias, tutoriais, eventos e muito mais. Inscreva-se hoje!<\/div>\r\n           <\/div>\r\n     <\/div>\r\n\r\n <div class=\"main\">\r\n           <div class=\"image\"><img decoding=\"async\" src=\"\/wp-content\/uploads\/product_info_imgs\/bb02.png\" alt=\"bb02\"><\/div>\r\n           <div class=\"info\">\r\n                  <h3>Privacidade \u2013 Perguntas frequentes<\/h3>\r\n                   <div class=\"community_content\">Obtenha respostas para perguntas frequentes sobre privacidade de perfil, para que voc\u00ea possa aprender como aproveitar ao m\u00e1ximo sua experi\u00eancia na Comunidade 1edo.<\/div>\r\n           <\/div>\r\n     <\/div>\r\n\r\n <div class=\"main\">\r\n           <div class=\"image\"><img decoding=\"async\" src=\"\/wp-content\/uploads\/product_info_imgs\/bb03.png\" alt=\"bb03\"><\/div>\r\n           <div class=\"info\">\r\n                  <h3>Destinat\u00e1rios ativos mensais de acordo com o DSA<\/h3>\r\n                   <div class=\"community_content\">Consulte a m\u00e9dia mensal dos destinat\u00e1rios ativos do servi\u00e7o na Uni\u00e3o (m\u00e9dia do per\u00edodo dos \u00faltimos seis meses) de acordo com o artigo 24.\u00ba, n.\u00ba 2, do Regulamento (UE) 2022\/2065 do Parlamento Europeu e do Conselho de 19 de outubro 2022 sobre um mercado \u00fanico para servi\u00e7os digitais e que altera a Diretiva 2000\/31\/CE (Servi\u00e7os Digitais).<\/div>\r\n           <\/div>\r\n     <\/div>\r\n\r\n<\/div>\r\n<\/div><\/div>\n\t\t\t\t\t\t<\/div>\n\t\t\t\t<\/div>\n\t\t\t\t\t<\/div>\n\t\t\t\t<\/div>\n\t\t\t\t<\/div>","protected":false},"excerpt":{"rendered":"","protected":false},"author":1,"featured_media":0,"parent":0,"menu_order":0,"comment_status":"closed","ping_status":"closed","template":"elementor_header_footer","meta":{"footnotes":""},"class_list":["post-6497","page","type-page","status-publish","hentry"],"yoast_head":"<!-- This site is optimized with the Yoast SEO Premium plugin v22.8 (Yoast SEO v26.7) - https:\/\/yoast.com\/wordpress\/plugins\/seo\/ -->\n<title>authors-all - 1edo community<\/title>\n<meta name=\"description\" content=\"Collection of all authors, total number of posts, and ranking list of total number of replies\" \/>\n<meta name=\"robots\" content=\"index, follow, max-snippet:-1, max-image-preview:large, max-video-preview:-1\" \/>\n<link rel=\"canonical\" href=\"https:\/\/community.1edo.com\/br\/autores-todos\/\" \/>\n<meta property=\"og:locale\" content=\"pt_BR\" \/>\n<meta property=\"og:type\" content=\"article\" \/>\n<meta property=\"og:title\" content=\"authors-all\" \/>\n<meta property=\"og:description\" content=\"Collection of all authors, total number of posts, and ranking list of total number of replies\" \/>\n<meta property=\"og:url\" content=\"https:\/\/community.1edo.com\/br\/autores-todos\/\" \/>\n<meta property=\"og:site_name\" content=\"1edo community\" \/>\n<meta property=\"article:modified_time\" content=\"2026-01-15T02:49:13+00:00\" \/>\n<meta name=\"twitter:card\" content=\"summary_large_image\" \/>\n<script type=\"application\/ld+json\" class=\"yoast-schema-graph\">{\"@context\":\"https:\/\/schema.org\",\"@graph\":[{\"@type\":\"WebPage\",\"@id\":\"https:\/\/community.1edo.com\/br\/autores-todos\/\",\"url\":\"https:\/\/community.1edo.com\/br\/autores-todos\/\",\"name\":\"authors-all - 1edo community\",\"isPartOf\":{\"@id\":\"https:\/\/community.1edo.com\/tr\/#website\"},\"datePublished\":\"2024-02-22T06:04:25+00:00\",\"dateModified\":\"2026-01-15T02:49:13+00:00\",\"description\":\"Collection of all authors, total number of posts, and ranking list of total number of replies\",\"breadcrumb\":{\"@id\":\"https:\/\/community.1edo.com\/br\/autores-todos\/#breadcrumb\"},\"inLanguage\":\"pt-BR\",\"potentialAction\":[{\"@type\":\"ReadAction\",\"target\":[\"https:\/\/community.1edo.com\/br\/autores-todos\/\"]}]},{\"@type\":\"BreadcrumbList\",\"@id\":\"https:\/\/community.1edo.com\/br\/autores-todos\/#breadcrumb\",\"itemListElement\":[{\"@type\":\"ListItem\",\"position\":1,\"name\":\"Home\",\"item\":\"https:\/\/community.1edo.com\/tr\/\"},{\"@type\":\"ListItem\",\"position\":2,\"name\":\"authors-all\"}]},{\"@type\":\"WebSite\",\"@id\":\"https:\/\/community.1edo.com\/tr\/#website\",\"url\":\"https:\/\/community.1edo.com\/tr\/\",\"name\":\"1edo community\",\"description\":\"1edo community\",\"potentialAction\":[{\"@type\":\"SearchAction\",\"target\":{\"@type\":\"EntryPoint\",\"urlTemplate\":\"https:\/\/community.1edo.com\/tr\/?s={search_term_string}\"},\"query-input\":{\"@type\":\"PropertyValueSpecification\",\"valueRequired\":true,\"valueName\":\"search_term_string\"}}],\"inLanguage\":\"pt-BR\"}]}<\/script>\n<!-- \/ Yoast SEO Premium plugin. -->","yoast_head_json":{"title":"autores-todos - comunidade 1edo","description":"Cole\u00e7\u00e3o de todos os autores, n\u00famero total de postagens e lista de classifica\u00e7\u00e3o do n\u00famero total de respostas","robots":{"index":"index","follow":"follow","max-snippet":"max-snippet:-1","max-image-preview":"max-image-preview:large","max-video-preview":"max-video-preview:-1"},"canonical":"https:\/\/community.1edo.com\/br\/autores-todos\/","og_locale":"pt_BR","og_type":"article","og_title":"authors-all","og_description":"Collection of all authors, total number of posts, and ranking list of total number of replies","og_url":"https:\/\/community.1edo.com\/br\/autores-todos\/","og_site_name":"1edo community","article_modified_time":"2026-01-15T02:49:13+00:00","twitter_card":"summary_large_image","schema":{"@context":"https:\/\/schema.org","@graph":[{"@type":"WebPage","@id":"https:\/\/community.1edo.com\/br\/autores-todos\/","url":"https:\/\/community.1edo.com\/br\/autores-todos\/","name":"autores-todos - comunidade 1edo","isPartOf":{"@id":"https:\/\/community.1edo.com\/tr\/#website"},"datePublished":"2024-02-22T06:04:25+00:00","dateModified":"2026-01-15T02:49:13+00:00","description":"Cole\u00e7\u00e3o de todos os autores, n\u00famero total de postagens e lista de classifica\u00e7\u00e3o do n\u00famero total de respostas","breadcrumb":{"@id":"https:\/\/community.1edo.com\/br\/autores-todos\/#breadcrumb"},"inLanguage":"pt-BR","potentialAction":[{"@type":"ReadAction","target":["https:\/\/community.1edo.com\/br\/autores-todos\/"]}]},{"@type":"BreadcrumbList","@id":"https:\/\/community.1edo.com\/br\/autores-todos\/#breadcrumb","itemListElement":[{"@type":"ListItem","position":1,"name":"Home","item":"https:\/\/community.1edo.com\/tr\/"},{"@type":"ListItem","position":2,"name":"authors-all"}]},{"@type":"WebSite","@id":"https:\/\/community.1edo.com\/tr\/#website","url":"https:\/\/community.1edo.com\/tr\/","name":"comunidade 1edo","description":"comunidade 1edo","potentialAction":[{"@type":"SearchAction","target":{"@type":"EntryPoint","urlTemplate":"https:\/\/community.1edo.com\/tr\/?s={search_term_string}"},"query-input":{"@type":"PropertyValueSpecification","valueRequired":true,"valueName":"search_term_string"}}],"inLanguage":"pt-BR"}]}},"_links":{"self":[{"href":"https:\/\/community.1edo.com\/br\/wp-json\/wp\/v2\/pages\/6497","targetHints":{"allow":["GET"]}}],"collection":[{"href":"https:\/\/community.1edo.com\/br\/wp-json\/wp\/v2\/pages"}],"about":[{"href":"https:\/\/community.1edo.com\/br\/wp-json\/wp\/v2\/types\/page"}],"author":[{"embeddable":true,"href":"https:\/\/community.1edo.com\/br\/wp-json\/wp\/v2\/users\/1"}],"replies":[{"embeddable":true,"href":"https:\/\/community.1edo.com\/br\/wp-json\/wp\/v2\/comments?post=6497"}],"version-history":[{"count":0,"href":"https:\/\/community.1edo.com\/br\/wp-json\/wp\/v2\/pages\/6497\/revisions"}],"wp:attachment":[{"href":"https:\/\/community.1edo.com\/br\/wp-json\/wp\/v2\/media?parent=6497"}],"curies":[{"name":"wp","href":"https:\/\/api.w.org\/{rel}","templated":true}]}}